{"id":283808,"date":"2025-03-06T09:57:41","date_gmt":"2025-03-25T09:34:34","guid":{"rendered":"https:\/\/staging.nbg.eu\/product\/clawgear-ar15-gasblock-0-750\/"},"modified":"2025-03-25T09:36:58","modified_gmt":"2025-03-25T09:36:58","slug":"clawgear-ar15-gasblok-0750","status":"publish","type":"product","link":"https:\/\/staging.nbg.eu\/da\/vare\/clawgear-ar15-gasblok-0750\/","title":{"rendered":"Clawgear AR15 Gasblok 0.750"},"content":{"rendered":"<h2>Clawgear AR15 Gasblok 0.750<\/h2>\n<p>Clawgear AR15 Gasblok 0.750 har en lav profil design med b\u00f8rstet overflade og passer under de fleste free-float h\u00e5ndst\u00f8tter, hvilket sikrer optimal l\u00f8bsn\u00f8jagtighed.<\/p>\n<h2>Hovedfunktioner:<\/h2>\n<ul>\n<li>Solid \u00e9t-stykke st\u00e5lkonstruktion<\/li>\n<li>Pr\u00e6cist fremstillet for at minimere gasl\u00e6kage<\/li>\n<li>Designet til 0.750&#8243; l\u00f8bsyderdiameter ved gasporten<\/li>\n<li>Modst\u00e5r varme gasser under kr\u00e6vende forhold<\/li>\n<\/ul>\n<h2>Specifikationer:<\/h2>\n<ul>\n<li>Dimensioner: 2,8 x 2,8 x 2,4 cm<\/li>\n<li>V\u00e6gt: 0,05 kg<\/li>\n<\/ul>\n<p>Clawgear AR15 Gasblok 0.750 forbedrer ydeevne og p\u00e5lidelighed.<\/p>\n","protected":false},"excerpt":{"rendered":"<p>Lav-profil AR15 gasblok, passer til 0,750&#8243; l\u00f8b. Holdbar st\u00e5lkonstruktion.<\/p>\n","protected":false},"featured_media":240382,"template":"","meta":{"_acf_changed":false},"product_brand":[11220],"product_cat":[13138,13139,13088],"product_tag":[],"class_list":{"0":"post-283808","1":"product","2":"type-product","3":"status-publish","4":"has-post-thumbnail","6":"product_brand-clawgear","7":"product_cat-gasblokke","8":"product_cat-riffel","9":"product_cat-riffel-tuning","11":"first","12":"instock","13":"taxable","14":"shipping-taxable","15":"purchasable","16":"product-type-simple"},"acf":[],"_links":{"self":[{"href":"https:\/\/staging.nbg.eu\/da\/wp-json\/wp\/v2\/product\/283808","targetHints":{"allow":["GET"]}}],"collection":[{"href":"https:\/\/staging.nbg.eu\/da\/wp-json\/wp\/v2\/product"}],"about":[{"href":"https:\/\/staging.nbg.eu\/da\/wp-json\/wp\/v2\/types\/product"}],"wp:featuredmedia":[{"embeddable":true,"href":"https:\/\/staging.nbg.eu\/da\/wp-json\/wp\/v2\/media\/240382"}],"wp:attachment":[{"href":"https:\/\/staging.nbg.eu\/da\/wp-json\/wp\/v2\/media?parent=283808"}],"wp:term":[{"taxonomy":"product_brand","embeddable":true,"href":"https:\/\/staging.nbg.eu\/da\/wp-json\/wp\/v2\/product_brand?post=283808"},{"taxonomy":"product_cat","embeddable":true,"href":"https:\/\/staging.nbg.eu\/da\/wp-json\/wp\/v2\/product_cat?post=283808"},{"taxonomy":"product_tag","embeddable":true,"href":"https:\/\/staging.nbg.eu\/da\/wp-json\/wp\/v2\/product_tag?post=283808"}],"curies":[{"name":"wp","href":"https:\/\/api.w.org\/{rel}","templated":true}]}}