{"id":282055,"date":"2025-03-06T10:01:39","date_gmt":"2025-03-24T12:39:55","guid":{"rendered":"https:\/\/staging.nbg.eu\/product\/clawgear-m-lok-10-slot-rail-qd-integrated\/"},"modified":"2025-03-24T12:42:44","modified_gmt":"2025-03-24T12:42:44","slug":"clawgear-m-lok-10-slot-skinne-qd-integreret","status":"publish","type":"product","link":"https:\/\/staging.nbg.eu\/da\/vare\/clawgear-m-lok-10-slot-skinne-qd-integreret\/","title":{"rendered":"Clawgear M-LOK 10 Slot Skinne QD integreret"},"content":{"rendered":"<h2>Clawgear M-LOK 10 Slot Skinne med Integreret QD<\/h2>\n<p>Picatinny skinne til M-LOK interface. Med 10 slots og et integreret QD monteringspunkt til rembeslag. Lavet af aluminium med anodiseret overflade, der opfylder milit\u00e6re specifikationer.<\/p>\n<ul>\n<li>Inkluderer monteringsdele med T-m\u00f8trikker i rustfrit st\u00e5l<\/li>\n<li>Korrosionsbestandig<\/li>\n<li>Maks. moment: 4Nm eller 35in\/lb<\/li>\n<\/ul>\n<p><strong>Tip:<\/strong> Brug den korte ende af unbrakon\u00f8glen til stramning, hvis momentn\u00f8gle ikke er tilg\u00e6ngelig.<\/p>\n<p><em>M\u00e5l (pakket):<\/em> 17 x 10,7 x 1 cm<br \/>\n<em>V\u00e6gt:<\/em> 45g (53g pakket)<\/p>\n","protected":false},"excerpt":{"rendered":"<p>M-LOK Picatinny-skinne med 10 slots og QD-beslag. Holdbart aluminium.<\/p>\n","protected":false},"featured_media":240498,"template":"","meta":{"_acf_changed":false},"product_brand":[11220],"product_cat":[13102,13139,13088,13087],"product_tag":[],"class_list":{"0":"post-282055","1":"product","2":"type-product","3":"status-publish","4":"has-post-thumbnail","6":"product_brand-clawgear","7":"product_cat-remme","8":"product_cat-riffel","9":"product_cat-riffel-tuning","10":"product_cat-skinner","12":"first","13":"instock","14":"taxable","15":"shipping-taxable","16":"purchasable","17":"product-type-simple"},"acf":[],"_links":{"self":[{"href":"https:\/\/staging.nbg.eu\/da\/wp-json\/wp\/v2\/product\/282055","targetHints":{"allow":["GET"]}}],"collection":[{"href":"https:\/\/staging.nbg.eu\/da\/wp-json\/wp\/v2\/product"}],"about":[{"href":"https:\/\/staging.nbg.eu\/da\/wp-json\/wp\/v2\/types\/product"}],"wp:featuredmedia":[{"embeddable":true,"href":"https:\/\/staging.nbg.eu\/da\/wp-json\/wp\/v2\/media\/240498"}],"wp:attachment":[{"href":"https:\/\/staging.nbg.eu\/da\/wp-json\/wp\/v2\/media?parent=282055"}],"wp:term":[{"taxonomy":"product_brand","embeddable":true,"href":"https:\/\/staging.nbg.eu\/da\/wp-json\/wp\/v2\/product_brand?post=282055"},{"taxonomy":"product_cat","embeddable":true,"href":"https:\/\/staging.nbg.eu\/da\/wp-json\/wp\/v2\/product_cat?post=282055"},{"taxonomy":"product_tag","embeddable":true,"href":"https:\/\/staging.nbg.eu\/da\/wp-json\/wp\/v2\/product_tag?post=282055"}],"curies":[{"name":"wp","href":"https:\/\/api.w.org\/{rel}","templated":true}]}}