{"id":276177,"date":"2025-03-07T07:40:34","date_gmt":"2025-03-20T13:39:56","guid":{"rendered":"https:\/\/staging.nbg.eu\/product\/silicone-gel-pads-for-3m-peltor\/"},"modified":"2025-03-20T13:42:05","modified_gmt":"2025-03-20T13:42:05","slug":"silikone-gel-puder-til-3m-peltor","status":"publish","type":"product","link":"https:\/\/staging.nbg.eu\/da\/vare\/silikone-gel-puder-til-3m-peltor\/","title":{"rendered":"Silikone Gel Puder til 3M Peltor"},"content":{"rendered":"<div class=\"product-description\">\n<h2>Silikone Gel Puder til 3M Peltor<\/h2>\n<p>Udskift dine 3M Peltor h\u00f8rev\u00e6rn med disse silikone gel \u00f8repuder. De er designet til at passe til forskellige Peltor modeller, herunder Sportac, WS Sportac, Protac III og X4A passiv.<\/p>\n<ul>\n<li>Installation: Klik p\u00e5 plads, ingen \u00e6ndringer n\u00f8dvendige<\/li>\n<li>Komfort: Gel puder tilpasser sig din hovedform<\/li>\n<li>Forsegling: Skaber en t\u00e6t barriere omkring brillest\u00e6nger<\/li>\n<li>Holdbarhed: Sonisk svejset samling<\/li>\n<li>Kompatibilitet: Passer til de fleste Peltor h\u00f8rev\u00e6rn modeller<\/li>\n<\/ul>\n<p>Disse Silikone Gel Puder er egnet til l\u00e6ngerevarende brug og h\u00f8rebeskyttelse.<\/p>\n<\/div>\n","protected":false},"excerpt":{"rendered":"<p>Komfortable, nemme at installere gelpuder til 3M Peltor h\u00f8rev\u00e6rn.<\/p>\n","protected":false},"featured_media":245720,"template":"","meta":{"_acf_changed":false},"product_brand":[11011],"product_cat":[13101,13106],"product_tag":[],"class_list":{"0":"post-276177","1":"product","2":"type-product","3":"status-publish","4":"has-post-thumbnail","6":"product_brand-3m","7":"product_cat-horevaern","8":"product_cat-udstyr","10":"first","11":"instock","12":"taxable","13":"shipping-taxable","14":"purchasable","15":"product-type-simple"},"acf":[],"_links":{"self":[{"href":"https:\/\/staging.nbg.eu\/da\/wp-json\/wp\/v2\/product\/276177","targetHints":{"allow":["GET"]}}],"collection":[{"href":"https:\/\/staging.nbg.eu\/da\/wp-json\/wp\/v2\/product"}],"about":[{"href":"https:\/\/staging.nbg.eu\/da\/wp-json\/wp\/v2\/types\/product"}],"wp:featuredmedia":[{"embeddable":true,"href":"https:\/\/staging.nbg.eu\/da\/wp-json\/wp\/v2\/media\/245720"}],"wp:attachment":[{"href":"https:\/\/staging.nbg.eu\/da\/wp-json\/wp\/v2\/media?parent=276177"}],"wp:term":[{"taxonomy":"product_brand","embeddable":true,"href":"https:\/\/staging.nbg.eu\/da\/wp-json\/wp\/v2\/product_brand?post=276177"},{"taxonomy":"product_cat","embeddable":true,"href":"https:\/\/staging.nbg.eu\/da\/wp-json\/wp\/v2\/product_cat?post=276177"},{"taxonomy":"product_tag","embeddable":true,"href":"https:\/\/staging.nbg.eu\/da\/wp-json\/wp\/v2\/product_tag?post=276177"}],"curies":[{"name":"wp","href":"https:\/\/api.w.org\/{rel}","templated":true}]}}