{"id":276066,"date":"2025-03-02T17:08:39","date_gmt":"2025-03-02T17:08:39","guid":{"rendered":"https:\/\/staging.nbg.eu\/product\/bore-tech-decimator-suppressor-cleaner\/"},"modified":"2025-03-20T13:31:00","modified_gmt":"2025-03-20T13:31:00","slug":"bore-tech-decimator-lyddaemper-rengoringsmiddel","status":"publish","type":"product","link":"https:\/\/staging.nbg.eu\/da\/vare\/bore-tech-decimator-lyddaemper-rengoringsmiddel\/","title":{"rendered":"Bore Tech Decimator Lydd\u00e6mper Reng\u00f8ringsmiddel"},"content":{"rendered":"<div class=\"product-description\">\n<h2>Bore Tech Decimator Lydd\u00e6mperrens<\/h2>\n<p>Bore Tech&#8217;s Decimator Lydd\u00e6mperrens er en tokomponent-formel designet til at fjerne opbygning af tilsmudsning i b\u00e5de rimfire og centerfire lydd\u00e6mpere.<\/p>\n<ul>\n<li>Sikker til lydd\u00e6mpere<\/li>\n<li>Ikke-farlig og ammoniakfri<\/li>\n<li>Lugtfri og biologisk nedbrydelig<\/li>\n<li>Sikker til aluminium, rustfrit st\u00e5l, titan og forskellige legeringer<\/li>\n<\/ul>\n<p>Del A er rettet mod kul\/bly opbygning, mens del B fokuserer p\u00e5 kobber tilsmudsning. N\u00e5r den bruges sammen med Decimator Lydd\u00e6mper Rensesystem, er det en kombination til vedligeholdelse af lydd\u00e6mpere, mundingsbremser, QD-beslag og flammed\u00e6mpere.<\/p>\n<p>Vedligehold dine lydd\u00e6mpere med Bore Tech Decimator Lydd\u00e6mperrens.<\/p>\n<\/div>\n","protected":false},"excerpt":{"rendered":"<p>Effektiv, sikker lydd\u00e6mperrens til fjernelse af ekstrem tilsmudsning.<\/p>\n","protected":false},"featured_media":235242,"template":"","meta":{"_acf_changed":false},"product_brand":[],"product_cat":[13155,13120],"product_tag":[],"class_list":{"0":"post-276066","1":"product","2":"type-product","3":"status-publish","4":"has-post-thumbnail","6":"product_cat-ukategoriseret","7":"product_cat-vabenrensning","9":"first","10":"instock","11":"taxable","12":"shipping-taxable","13":"purchasable","14":"product-type-simple"},"acf":[],"_links":{"self":[{"href":"https:\/\/staging.nbg.eu\/da\/wp-json\/wp\/v2\/product\/276066","targetHints":{"allow":["GET"]}}],"collection":[{"href":"https:\/\/staging.nbg.eu\/da\/wp-json\/wp\/v2\/product"}],"about":[{"href":"https:\/\/staging.nbg.eu\/da\/wp-json\/wp\/v2\/types\/product"}],"wp:featuredmedia":[{"embeddable":true,"href":"https:\/\/staging.nbg.eu\/da\/wp-json\/wp\/v2\/media\/235242"}],"wp:attachment":[{"href":"https:\/\/staging.nbg.eu\/da\/wp-json\/wp\/v2\/media?parent=276066"}],"wp:term":[{"taxonomy":"product_brand","embeddable":true,"href":"https:\/\/staging.nbg.eu\/da\/wp-json\/wp\/v2\/product_brand?post=276066"},{"taxonomy":"product_cat","embeddable":true,"href":"https:\/\/staging.nbg.eu\/da\/wp-json\/wp\/v2\/product_cat?post=276066"},{"taxonomy":"product_tag","embeddable":true,"href":"https:\/\/staging.nbg.eu\/da\/wp-json\/wp\/v2\/product_tag?post=276066"}],"curies":[{"name":"wp","href":"https:\/\/api.w.org\/{rel}","templated":true}]}}