{"id":275644,"date":"2025-03-07T18:52:50","date_gmt":"2025-03-20T12:39:48","guid":{"rendered":"https:\/\/staging.nbg.eu\/product\/vortex-defender-xl-micro-red-dot\/"},"modified":"2025-03-20T12:42:21","modified_gmt":"2025-03-20T12:42:21","slug":"vortex-defender-xl-micro-red-dot","status":"publish","type":"product","link":"https:\/\/staging.nbg.eu\/da\/vare\/vortex-defender-xl-micro-red-dot\/","title":{"rendered":"Vortex &#8211; Defender-XL\u2122 &#8211; Micro Red Dot"},"content":{"rendered":"<div class=\"product-description\">\n<h2>Vortex &#8211; Defender-XL\u2122 &#8211; Mikro R\u00f8dpunkt Sigte<\/h2>\n<p>Vortex Defender-XL\u2122 er et mikro r\u00f8dpunkt sigte til konkurrenceskydning. Dette sigte har et stort synsfelt, der giver bedre perifert syn og \u00f8get hastighed for opf\u00f8lgende skud.<\/p>\n<h2>Hovedfunktioner:<\/h2>\n<ul>\n<li><strong>5 MOA R\u00f8dt Punkt:<\/strong> Synligt i alle lysforhold<\/li>\n<li><strong>10 Lysstyrkeindstillinger:<\/strong> 8 til dagslys og 2 til nattesyn<\/li>\n<li><strong>Stort Synsfelt:<\/strong> Hurtig m\u00e5loptagelse<\/li>\n<li><strong>Asf\u00e6risk Linse:<\/strong> Forvr\u00e6ngningsfrit billede<\/li>\n<li><strong>ShockShield\u2122 Polymerindsats:<\/strong> Beskyttelse mod daglig brug<\/li>\n<li><strong>Fast-Rack\u2122 Tekstur:<\/strong> Tekstur til nem sl\u00e6deman\u00f8vrering<\/li>\n<li><strong>Bev\u00e6gelsesaktivering:<\/strong> Automatisk t\u00e6nd med 10-minutters sluk<\/li>\n<li><strong>Knapl\u00e5s:<\/strong> Forhindrer utilsigtet justering af lysstyrke<\/li>\n<li><strong>Batteriskift fra oven:<\/strong> Nem udskiftning uden nulstilling<\/li>\n<\/ul>\n<h2>Tekniske Specifikationer:<\/h2>\n<ul>\n<li>Monteringsfodaftryk: DeltaPoint\u00ae Pro<\/li>\n<li>Monteringstype: Picatinny<\/li>\n<li>Forst\u00f8rrelse: 1x<\/li>\n<li>Batteritype: CR2032<\/li>\n<li>Batterilevetid: 25.000 timer<\/li>\n<li>Justeringsgraduering: 1 MOA<\/li>\n<li>Maks. h\u00f8jdejustering: 120 MOA<\/li>\n<li>Maks. sidevindsjustering: 115 MOA<\/li>\n<li>L\u00e6ngde: 5,08 cm<\/li>\n<li>V\u00e6gt: 54,7 g<\/li>\n<\/ul>\n<h2>Holdbarhed og Ydeevne:<\/h2>\n<ul>\n<li>Vandt\u00e6t: O-ringsforseglinger til alle milj\u00f8er<\/li>\n<li>Dugfri: Designet til forskellige temperaturer<\/li>\n<li>St\u00f8dfast: Konstruktion til at modst\u00e5 rekyl og st\u00f8d<\/li>\n<li>Mat sort anodiseret: Korrosions- og slidbestandig overflade<\/li>\n<li>Enkeltdels chassis: Kompakt og let design<\/li>\n<li>Parallaksefri: Minimal parallakse for forbedret pr\u00e6cision<\/li>\n<li>Ubegr\u00e6nset \u00f8jenafstand: Ikke-kritisk \u00f8jenafstand for hurtig m\u00e5loptagelse<\/li>\n<\/ul>\n<p>Vortex Defender-XL\u2122 Mikro R\u00f8dpunkt Sigte er designet til konkurrenceskydning. Det har en robust konstruktion, avancerede funktioner og pr\u00e6cis ydeevne.<\/p>\n<\/div>\n","protected":false},"excerpt":{"rendered":"<p>Robust, kompakt r\u00f8dpunktsigte med stort vindue for hurtig m\u00e5lanskaffelse. 5 MOA prik, 10 lysstyrkeindstillinger.<\/p>\n","protected":false},"featured_media":249106,"template":"","meta":{"_acf_changed":false},"product_brand":[11955],"product_cat":[13096,13095,13149,13116,13115],"product_tag":[],"class_list":{"0":"post-275644","1":"product","2":"type-product","3":"status-publish","4":"has-post-thumbnail","6":"product_brand-vortex","7":"product_cat-pistol","8":"product_cat-pistolsigte","9":"product_cat-riffelsigtepunkter","10":"product_cat-rodpunktsigte","11":"product_cat-sigte","13":"first","14":"instock","15":"sale","16":"taxable","17":"shipping-taxable","18":"purchasable","19":"product-type-variable","20":"wvs-archive-product-wrapper"},"acf":[],"_links":{"self":[{"href":"https:\/\/staging.nbg.eu\/da\/wp-json\/wp\/v2\/product\/275644","targetHints":{"allow":["GET"]}}],"collection":[{"href":"https:\/\/staging.nbg.eu\/da\/wp-json\/wp\/v2\/product"}],"about":[{"href":"https:\/\/staging.nbg.eu\/da\/wp-json\/wp\/v2\/types\/product"}],"wp:featuredmedia":[{"embeddable":true,"href":"https:\/\/staging.nbg.eu\/da\/wp-json\/wp\/v2\/media\/249106"}],"wp:attachment":[{"href":"https:\/\/staging.nbg.eu\/da\/wp-json\/wp\/v2\/media?parent=275644"}],"wp:term":[{"taxonomy":"product_brand","embeddable":true,"href":"https:\/\/staging.nbg.eu\/da\/wp-json\/wp\/v2\/product_brand?post=275644"},{"taxonomy":"product_cat","embeddable":true,"href":"https:\/\/staging.nbg.eu\/da\/wp-json\/wp\/v2\/product_cat?post=275644"},{"taxonomy":"product_tag","embeddable":true,"href":"https:\/\/staging.nbg.eu\/da\/wp-json\/wp\/v2\/product_tag?post=275644"}],"curies":[{"name":"wp","href":"https:\/\/api.w.org\/{rel}","templated":true}]}}