{"id":275371,"date":"2025-03-07T10:54:35","date_gmt":"2025-03-07T10:54:35","guid":{"rendered":"https:\/\/staging.nbg.eu\/product\/ipsc-targets-50pcs\/"},"modified":"2025-03-20T12:09:28","modified_gmt":"2025-03-20T12:09:28","slug":"ipsc-maltavler-50-stk","status":"publish","type":"product","link":"https:\/\/staging.nbg.eu\/da\/vare\/ipsc-maltavler-50-stk\/","title":{"rendered":"IPSC M\u00e5ltavler 50 stk"},"content":{"rendered":"<div class=\"product-description\">\n<h2>Pap IPSC-m\u00e5l &#8211; 50 stk. pakke<\/h2>\n<p>IPSC-godkendte m\u00e5l til konkurrence og tr\u00e6ning. Hver pakke indeholder 50 m\u00e5l, der opfylder IPSC-konkurrencestandarder.<\/p>\n<ul>\n<li>Materiale: Pap<\/li>\n<li>Antal: 50 m\u00e5l pr. pakke<\/li>\n<li>Farver: Tan\/hvid p\u00e5 to sider<\/li>\n<li>Perforerede A-, C- og D-zoner til pointgivning<\/li>\n<\/ul>\n<p>M\u00e5lene har perforeringer p\u00e5 den tan side, der definerer pointzonerne. Den hvide bagside kan bruges som strafm\u00e5l, hvor pointlinjerne er synlige gennem perforeringerne.<\/p>\n<p>Disse IPSC-m\u00e5l er egnet til b\u00e5de konkurrencedeltagere og tr\u00e6nende til at forbedre f\u00e6rdigheder og m\u00e5le fremskridt.<\/p>\n<\/div>\n","protected":false},"excerpt":{"rendered":"<p>IPSC-skiver: 50 premium papskiver til konkurrence og tr\u00e6ning.<\/p>\n","protected":false},"featured_media":246672,"template":"","meta":{"_acf_changed":false},"product_brand":[],"product_cat":[13112,13137],"product_tag":[],"class_list":{"0":"post-275371","1":"product","2":"type-product","3":"status-publish","4":"has-post-thumbnail","6":"product_cat-papirskiver","7":"product_cat-skydeskiver","9":"first","10":"instock","11":"taxable","12":"shipping-taxable","13":"purchasable","14":"product-type-simple"},"acf":[],"_links":{"self":[{"href":"https:\/\/staging.nbg.eu\/da\/wp-json\/wp\/v2\/product\/275371","targetHints":{"allow":["GET"]}}],"collection":[{"href":"https:\/\/staging.nbg.eu\/da\/wp-json\/wp\/v2\/product"}],"about":[{"href":"https:\/\/staging.nbg.eu\/da\/wp-json\/wp\/v2\/types\/product"}],"wp:featuredmedia":[{"embeddable":true,"href":"https:\/\/staging.nbg.eu\/da\/wp-json\/wp\/v2\/media\/246672"}],"wp:attachment":[{"href":"https:\/\/staging.nbg.eu\/da\/wp-json\/wp\/v2\/media?parent=275371"}],"wp:term":[{"taxonomy":"product_brand","embeddable":true,"href":"https:\/\/staging.nbg.eu\/da\/wp-json\/wp\/v2\/product_brand?post=275371"},{"taxonomy":"product_cat","embeddable":true,"href":"https:\/\/staging.nbg.eu\/da\/wp-json\/wp\/v2\/product_cat?post=275371"},{"taxonomy":"product_tag","embeddable":true,"href":"https:\/\/staging.nbg.eu\/da\/wp-json\/wp\/v2\/product_tag?post=275371"}],"curies":[{"name":"wp","href":"https:\/\/api.w.org\/{rel}","templated":true}]}}