{"id":274933,"date":"2025-03-03T19:13:19","date_gmt":"2025-03-20T10:47:57","guid":{"rendered":"https:\/\/staging.nbg.eu\/product\/bore-tech-patch-guide\/"},"modified":"2025-03-20T10:50:21","modified_gmt":"2025-03-20T10:50:21","slug":"bore-tech-patch-guide","status":"publish","type":"product","link":"https:\/\/staging.nbg.eu\/da\/vare\/bore-tech-patch-guide\/","title":{"rendered":"Bore Tech Patch Guide"},"content":{"rendered":"<h2>Bore Tech AR-15\/AR-10 Patchguide<\/h2>\n<p>Bore Tech Patchguide er et patenteret system til v\u00e5benreng\u00f8ring uden brug af h\u00e6nder. Det reducerer rod og forenkler reng\u00f8ringsprocessen.<\/p>\n<ul>\n<li>CNC-fr\u00e6sede aluminiumskomponenter<\/li>\n<li>Anodiseret overflade for holdbarhed<\/li>\n<li>Justerer reng\u00f8ringsstangen med riffell\u00f8bet<\/li>\n<li>Forebygger skader p\u00e5 l\u00e5sekiler og kammerkanterne<\/li>\n<li>Udskiftelige, opl\u00f8sningsmiddelresistente frontadaptere<\/li>\n<li>Tilg\u00e6ngelig for forskellige AR-15 og AR-10 kalibre<\/li>\n<\/ul>\n<p>Forenkler reng\u00f8ring og beskytter din riffel og reng\u00f8ringsstang. Bore Tech Patchguide er et nyttigt v\u00e6rkt\u00f8j for v\u00e5benejere. Fremstillet i USA.<\/p>\n<p><strong>V\u00e6lg Bore Tech.<\/strong><\/p>\n","protected":false},"excerpt":{"rendered":"<p>Ubesv\u00e6ret, rodfri reng\u00f8ring af AR-15\/AR-10 med h\u00e5ndfri patchmontering.<\/p>\n","protected":false},"featured_media":235521,"template":"","meta":{"_acf_changed":false},"product_brand":[11148],"product_cat":[13146,13104,13120],"product_tag":[],"class_list":{"0":"post-274933","1":"product","2":"type-product","3":"status-publish","4":"has-post-thumbnail","6":"product_brand-boretech","7":"product_cat-pletter","8":"product_cat-pletter-og-pletpistoler","9":"product_cat-vabenrensning","10":"pa_model-ar-10-da","11":"pa_model-ar-15-da","13":"first","14":"instock","15":"taxable","16":"shipping-taxable","17":"purchasable","18":"product-type-variable","19":"wvs-archive-product-wrapper"},"acf":[],"_links":{"self":[{"href":"https:\/\/staging.nbg.eu\/da\/wp-json\/wp\/v2\/product\/274933","targetHints":{"allow":["GET"]}}],"collection":[{"href":"https:\/\/staging.nbg.eu\/da\/wp-json\/wp\/v2\/product"}],"about":[{"href":"https:\/\/staging.nbg.eu\/da\/wp-json\/wp\/v2\/types\/product"}],"wp:featuredmedia":[{"embeddable":true,"href":"https:\/\/staging.nbg.eu\/da\/wp-json\/wp\/v2\/media\/235521"}],"wp:attachment":[{"href":"https:\/\/staging.nbg.eu\/da\/wp-json\/wp\/v2\/media?parent=274933"}],"wp:term":[{"taxonomy":"product_brand","embeddable":true,"href":"https:\/\/staging.nbg.eu\/da\/wp-json\/wp\/v2\/product_brand?post=274933"},{"taxonomy":"product_cat","embeddable":true,"href":"https:\/\/staging.nbg.eu\/da\/wp-json\/wp\/v2\/product_cat?post=274933"},{"taxonomy":"product_tag","embeddable":true,"href":"https:\/\/staging.nbg.eu\/da\/wp-json\/wp\/v2\/product_tag?post=274933"}],"curies":[{"name":"wp","href":"https:\/\/api.w.org\/{rel}","templated":true}]}}