{"id":274776,"date":"2025-03-03T19:50:37","date_gmt":"2025-03-03T19:50:37","guid":{"rendered":"https:\/\/staging.nbg.eu\/product\/daa-dry-fire-target-set-metric-uspsa\/"},"modified":"2025-03-20T10:17:16","modified_gmt":"2025-03-20T10:17:16","slug":"daa-dry-fire-maltavlesaet-metric-uspsa","status":"publish","type":"product","link":"https:\/\/staging.nbg.eu\/da\/vare\/daa-dry-fire-maltavlesaet-metric-uspsa\/","title":{"rendered":"DAA Dry-Fire M\u00e5ltavles\u00e6t (Metric &#8211; USPSA)"},"content":{"rendered":"<div class=\"product-description\">\n<h2>DAA T\u00f8rtr\u00e6nings-m\u00e5ls\u00e6t (Metrisk &#8211; USPSA)<\/h2>\n<p>Dette s\u00e6t indeholder 17 nedskalerede USPSA-metriske m\u00e5l, egnet til indend\u00f8rs tr\u00e6ning.<\/p>\n<ul>\n<li>Laserssk\u00e5ret fra 3mm tr\u00e6plader<\/li>\n<li>Simulerer m\u00e5l p\u00e5 15, 20 og 30 meter, n\u00e5r de placeres 2,5-3 meter v\u00e6k<\/li>\n<li>Tre st\u00f8rrelser: 32% (24cm), 20% (15cm) og 12% (9cm) af m\u00e5l i fuld st\u00f8rrelse<\/li>\n<li>Inkluderer delvise m\u00e5l til forskellige tr\u00e6ningsscenarier<\/li>\n<li>Huller til oph\u00e6ngning<\/li>\n<\/ul>\n<p>Dette m\u00e5ls\u00e6t kan bruges til t\u00f8rtr\u00e6ning og til at forbedre aftr\u00e6kskontrol. Det kan anvendes til tr\u00e6ning i hjemmet.<\/p>\n<\/div>\n","protected":false},"excerpt":{"rendered":"<p>Realistiske, skalerede USPSA-m\u00e5l til effektiv t\u00f8rtr\u00e6ning derhjemme.<\/p>\n","protected":false},"featured_media":235967,"template":"","meta":{"_acf_changed":false},"product_brand":[11266],"product_cat":[13112,13137],"product_tag":[],"class_list":{"0":"post-274776","1":"product","2":"type-product","3":"status-publish","4":"has-post-thumbnail","6":"product_brand-doublealpha","7":"product_cat-papirskiver","8":"product_cat-skydeskiver","10":"first","11":"outofstock","12":"taxable","13":"shipping-taxable","14":"purchasable","15":"product-type-simple"},"acf":[],"_links":{"self":[{"href":"https:\/\/staging.nbg.eu\/da\/wp-json\/wp\/v2\/product\/274776","targetHints":{"allow":["GET"]}}],"collection":[{"href":"https:\/\/staging.nbg.eu\/da\/wp-json\/wp\/v2\/product"}],"about":[{"href":"https:\/\/staging.nbg.eu\/da\/wp-json\/wp\/v2\/types\/product"}],"wp:featuredmedia":[{"embeddable":true,"href":"https:\/\/staging.nbg.eu\/da\/wp-json\/wp\/v2\/media\/235967"}],"wp:attachment":[{"href":"https:\/\/staging.nbg.eu\/da\/wp-json\/wp\/v2\/media?parent=274776"}],"wp:term":[{"taxonomy":"product_brand","embeddable":true,"href":"https:\/\/staging.nbg.eu\/da\/wp-json\/wp\/v2\/product_brand?post=274776"},{"taxonomy":"product_cat","embeddable":true,"href":"https:\/\/staging.nbg.eu\/da\/wp-json\/wp\/v2\/product_cat?post=274776"},{"taxonomy":"product_tag","embeddable":true,"href":"https:\/\/staging.nbg.eu\/da\/wp-json\/wp\/v2\/product_tag?post=274776"}],"curies":[{"name":"wp","href":"https:\/\/api.w.org\/{rel}","templated":true}]}}