{"id":274630,"date":"2025-03-06T20:28:07","date_gmt":"2025-03-20T09:59:28","guid":{"rendered":"https:\/\/staging.nbg.eu\/product\/3m-peltor-protac-iii-slim-headset\/"},"modified":"2025-03-20T10:02:23","modified_gmt":"2025-03-20T10:02:23","slug":"3m-peltor-protac-iii-slim-headset","status":"publish","type":"product","link":"https:\/\/staging.nbg.eu\/da\/vare\/3m-peltor-protac-iii-slim-headset\/","title":{"rendered":"3M PELTOR ProTac III Slim Headset"},"content":{"rendered":"<div class=\"product-description\">\n<h2>3M\u2122 PELTOR\u2122 ProTac III Slim Headset<\/h2>\n<p>ProTac III Slim Headset tilbyder h\u00f8rebeskyttelse. Dette headset har f\u00f8lgende egenskaber:<\/p>\n<ul>\n<li>23dB st\u00f8jreduktionsgrad (NRR)<\/li>\n<li>Milj\u00f8mikrofoner til niveauafh\u00e6ngig h\u00f8rebeskyttelse<\/li>\n<li>Mulighed for at h\u00f8re omgivende lyde<\/li>\n<li>Teknologi der begr\u00e6nser h\u00f8jtalervolumen til 82 dBA<\/li>\n<li>3,5mm lyd-kun stereoindgang til eksterne enheder (mobiltelefoner, tovejsradioer, iPods)<\/li>\n<\/ul>\n<p>Funktioner inkluderer:<\/p>\n<ul>\n<li>Sort design<\/li>\n<li>Hovedb\u00e5nd<\/li>\n<li>Kabelforbindelse<\/li>\n<\/ul>\n<p>Til professionelle der har brug for kommunikationsmuligheder og h\u00f8rebeskyttelse.<\/p>\n<\/div>\n","protected":false},"excerpt":{"rendered":"<p>Intelligent h\u00f8rev\u00e6rn med omgivelseslytning og enhedsforbindelse.<\/p>\n","protected":false},"featured_media":245672,"template":"","meta":{"_acf_changed":false},"product_brand":[11011],"product_cat":[13101,13106],"product_tag":[],"class_list":{"0":"post-274630","1":"product","2":"type-product","3":"status-publish","4":"has-post-thumbnail","6":"product_brand-3m","7":"product_cat-horevaern","8":"product_cat-udstyr","10":"first","11":"instock","12":"taxable","13":"shipping-taxable","14":"purchasable","15":"product-type-simple"},"acf":[],"_links":{"self":[{"href":"https:\/\/staging.nbg.eu\/da\/wp-json\/wp\/v2\/product\/274630","targetHints":{"allow":["GET"]}}],"collection":[{"href":"https:\/\/staging.nbg.eu\/da\/wp-json\/wp\/v2\/product"}],"about":[{"href":"https:\/\/staging.nbg.eu\/da\/wp-json\/wp\/v2\/types\/product"}],"wp:featuredmedia":[{"embeddable":true,"href":"https:\/\/staging.nbg.eu\/da\/wp-json\/wp\/v2\/media\/245672"}],"wp:attachment":[{"href":"https:\/\/staging.nbg.eu\/da\/wp-json\/wp\/v2\/media?parent=274630"}],"wp:term":[{"taxonomy":"product_brand","embeddable":true,"href":"https:\/\/staging.nbg.eu\/da\/wp-json\/wp\/v2\/product_brand?post=274630"},{"taxonomy":"product_cat","embeddable":true,"href":"https:\/\/staging.nbg.eu\/da\/wp-json\/wp\/v2\/product_cat?post=274630"},{"taxonomy":"product_tag","embeddable":true,"href":"https:\/\/staging.nbg.eu\/da\/wp-json\/wp\/v2\/product_tag?post=274630"}],"curies":[{"name":"wp","href":"https:\/\/api.w.org\/{rel}","templated":true}]}}