{"id":242286,"date":"2025-03-06T16:42:42","date_gmt":"2025-03-06T16:42:42","guid":{"rendered":"https:\/\/staging.nbg.eu\/product\/garmin-xero-c1-pro-chronograph\/"},"modified":"2025-03-06T17:07:10","modified_gmt":"2025-03-06T17:07:10","slug":"garmin-xero-c1-pro-kronograf","status":"publish","type":"product","link":"https:\/\/staging.nbg.eu\/da\/vare\/garmin-xero-c1-pro-kronograf\/","title":{"rendered":"# Garmin &#8211; Xero\u00ae C1 Pro Kronograf"},"content":{"rendered":"<div class=\"product-description\">\n<h2>Garmin Xero\u00ae C1 Pro Kronograf<\/h2>\n<p>Garmin Xero\u00ae C1 Pro Kronograf er et v\u00e6rkt\u00f8j til pr\u00e6cise ballistiske beregninger. Det er velegnet til h\u00e5ndladere og bueskytter og leverer hastighedsdata til at forbedre skydning.<\/p>\n<h2>Hovedfunktioner:<\/h2>\n<ul>\n<li>M\u00e5ler projektilfart fra 100 fps til 5.000 fps<\/li>\n<li>Knap-betjent design for nem brug<\/li>\n<li>Parres med ShotView\u2122 smartphone-app til sporing og analyse<\/li>\n<li>IPX7 vandt\u00e6thedsklassificering<\/li>\n<li>Kompakt design der kan v\u00e6re i lommen<\/li>\n<li>Batterilevetid op til 2.000 skud eller 6 timers brug<\/li>\n<\/ul>\n<h2>Ydeevne:<\/h2>\n<p>Xero C1 Pro har en n\u00f8jagtig sensor til p\u00e5lidelig skudregistrering og kan bruges til kugler, pile, hagl, airsoft-kugler og paintballs. Displayet med baggrundsbelysning muligg\u00f8r indend\u00f8rs og udend\u00f8rs brug.<\/p>\n<h2>Smarte funktioner:<\/h2>\n<p>Synkroniser med ShotView\u2122-appen for at spore skud, m\u00e5le afvigelser, tilf\u00f8je noter og analysere ydeevne. Appen komplementerer kronografens ops\u00e6tning.<\/p>\n<h2>Konstruktion:<\/h2>\n<p>Med IPX7 vandt\u00e6thedsklassificering er Xero C1 Pro designet til hyppig brug. Den er kompatibel med v\u00e5ben med lydd\u00e6mpere, mundingsbremser eller kompensatorer.<\/p>\n<h2>Pr\u00e6cision:<\/h2>\n<p>Xero C1 Pro kr\u00e6ver ikke tilbeh\u00f8r p\u00e5 v\u00e5bnet, hvilket bevarer nulpunkt og l\u00f8bsvibration. Dette design sikrer n\u00f8jagtige m\u00e5linger uden at p\u00e5virke v\u00e5bnets ydeevne.<\/p>\n<p>Garmin Xero\u00ae C1 Pro Kronograf kombinerer pr\u00e6cision og innovation til at forbedre skydef\u00e6rdigheder.<\/p>\n<\/div>\n","protected":false},"excerpt":{"rendered":"<p>Pr\u00e6cis kronograf til m\u00e5ling af projektilfart. Kompakt, holdbar og app-kompatibel \u2013 Perfekt til skytter og bueskytter.<\/p>\n","protected":false},"featured_media":241962,"template":"","meta":{"_acf_changed":false},"product_brand":[],"product_cat":[13135,13089,13106,13142],"product_tag":[],"class_list":{"0":"post-242286","1":"product","2":"type-product","3":"status-publish","4":"has-post-thumbnail","6":"product_cat-genladning","7":"product_cat-genladningstilbehor","8":"product_cat-udstyr","9":"product_cat-vaerktoj","11":"first","12":"instock","13":"taxable","14":"shipping-taxable","15":"purchasable","16":"product-type-simple"},"acf":[],"_links":{"self":[{"href":"https:\/\/staging.nbg.eu\/da\/wp-json\/wp\/v2\/product\/242286","targetHints":{"allow":["GET"]}}],"collection":[{"href":"https:\/\/staging.nbg.eu\/da\/wp-json\/wp\/v2\/product"}],"about":[{"href":"https:\/\/staging.nbg.eu\/da\/wp-json\/wp\/v2\/types\/product"}],"wp:featuredmedia":[{"embeddable":true,"href":"https:\/\/staging.nbg.eu\/da\/wp-json\/wp\/v2\/media\/241962"}],"wp:attachment":[{"href":"https:\/\/staging.nbg.eu\/da\/wp-json\/wp\/v2\/media?parent=242286"}],"wp:term":[{"taxonomy":"product_brand","embeddable":true,"href":"https:\/\/staging.nbg.eu\/da\/wp-json\/wp\/v2\/product_brand?post=242286"},{"taxonomy":"product_cat","embeddable":true,"href":"https:\/\/staging.nbg.eu\/da\/wp-json\/wp\/v2\/product_cat?post=242286"},{"taxonomy":"product_tag","embeddable":true,"href":"https:\/\/staging.nbg.eu\/da\/wp-json\/wp\/v2\/product_tag?post=242286"}],"curies":[{"name":"wp","href":"https:\/\/api.w.org\/{rel}","templated":true}]}}