{"id":214253,"date":"2024-01-13T11:03:57","date_gmt":"2024-01-13T11:03:57","guid":{"rendered":"https:\/\/staging.nbg.eu\/product\/surefire-m640v-pro-scout-light-pro-infrared\/"},"modified":"2025-02-19T16:45:36","modified_gmt":"2025-02-19T16:45:36","slug":"surefire-m640v-pro-scout-light-pro-infrarod","status":"publish","type":"product","link":"https:\/\/staging.nbg.eu\/da\/vare\/surefire-m640v-pro-scout-light-pro-infrarod\/","title":{"rendered":"SureFire M640V-PRO (SCOUT LIGHT PRO INFRAR\u00d8D)"},"content":{"rendered":"<div class=\"product-description\">\n<h2>SureFire M640V-PRO SCOUT LIGHT PRO INFRAR\u00d8D<\/h2>\n<p>M640V-PRO har f\u00f8lgende egenskaber:<\/p>\n<ul>\n<li>Hybridlysm\u00f8nster til identifikation p\u00e5 lang afstand og situationsbevidsthed<\/li>\n<li>Nyt lavprofil-beslag til optimal placering og kompatibilitet med skinnemonteret tilbeh\u00f8r<\/li>\n<li>Monteringsmuligheder til Picatinny- eller M-Lok-skinner<\/li>\n<li>Dobbeltspektrum-kapacitet: 350 lumen hvidt lys \/ 120 mW IR-output<\/li>\n<li>Spektrumvalg via rotation af frontd\u00e6ksel<\/li>\n<li>TIR-linse til langtr\u00e6kkende str\u00e5le med tilstr\u00e6kkeligt omgivende lys<\/li>\n<li>Trykknap-aktivering i bagenden<\/li>\n<li>Konstruktion i luftfartskvalitet aluminium med h\u00e5rd anodiseret overflade<\/li>\n<li>O-ring forseglet for p\u00e5lidelig brug i al slags vejr<\/li>\n<\/ul>\n<p>Denne robuste og alsidige v\u00e5benlygte er egnet til taktiske situationer.<\/p>\n<\/div>\n","protected":false},"excerpt":{"rendered":"<p>Alsidig IR v\u00e5benlys med hybridstr\u00e5le og lavprofil-montering.<\/p>\n","protected":false},"featured_media":214254,"template":"","meta":{"_acf_changed":false},"product_brand":[11861],"product_cat":[13130,13139,13090],"product_tag":[],"class_list":{"0":"post-214253","1":"product","2":"type-product","3":"status-publish","4":"has-post-thumbnail","6":"product_brand-surefire","7":"product_cat-lygter","8":"product_cat-riffel","9":"product_cat-riffellygter","11":"first","12":"instock","13":"taxable","14":"shipping-taxable","15":"purchasable","16":"product-type-simple"},"acf":[],"_links":{"self":[{"href":"https:\/\/staging.nbg.eu\/da\/wp-json\/wp\/v2\/product\/214253","targetHints":{"allow":["GET"]}}],"collection":[{"href":"https:\/\/staging.nbg.eu\/da\/wp-json\/wp\/v2\/product"}],"about":[{"href":"https:\/\/staging.nbg.eu\/da\/wp-json\/wp\/v2\/types\/product"}],"wp:featuredmedia":[{"embeddable":true,"href":"https:\/\/staging.nbg.eu\/da\/wp-json\/wp\/v2\/media\/214254"}],"wp:attachment":[{"href":"https:\/\/staging.nbg.eu\/da\/wp-json\/wp\/v2\/media?parent=214253"}],"wp:term":[{"taxonomy":"product_brand","embeddable":true,"href":"https:\/\/staging.nbg.eu\/da\/wp-json\/wp\/v2\/product_brand?post=214253"},{"taxonomy":"product_cat","embeddable":true,"href":"https:\/\/staging.nbg.eu\/da\/wp-json\/wp\/v2\/product_cat?post=214253"},{"taxonomy":"product_tag","embeddable":true,"href":"https:\/\/staging.nbg.eu\/da\/wp-json\/wp\/v2\/product_tag?post=214253"}],"curies":[{"name":"wp","href":"https:\/\/api.w.org\/{rel}","templated":true}]}}