{"id":211997,"date":"2024-07-30T18:47:47","date_gmt":"2025-02-19T14:29:02","guid":{"rendered":"https:\/\/staging.nbg.eu\/product\/surefire-xsc-weaponlight\/"},"modified":"2025-02-19T14:30:34","modified_gmt":"2025-02-19T14:30:34","slug":"surefire-xsc-vabenlygte","status":"publish","type":"product","link":"https:\/\/staging.nbg.eu\/da\/vare\/surefire-xsc-vabenlygte\/","title":{"rendered":"SureFire XSC V\u00c5BENLYGTE"},"content":{"rendered":"<div class=\"product-description\">\n<h2>SureFire XSC V\u00c5BENLYGTE<\/h2>\n<p>SureFire XSC er en v\u00e5benlygte designet til mikro-kompakte og sub-kompakte pistoler. Dette belysningsv\u00e6rkt\u00f8j er nyttigt i situationer med d\u00e5rlig belysning.<\/p>\n<h2>Hovedfunktioner:<\/h2>\n<ul>\n<li>350 lumen hvidt lys<\/li>\n<li>Hybrid str\u00e5lem\u00f8nster til m\u00e5lidentifikation<\/li>\n<li>Ultrakompakt og holdbart design<\/li>\n<li>Genopladeligt lithium-polymer batteri med hurtig udskiftning<\/li>\n<li>Intuitiv, ambidekstr\u00f8s betjening<\/li>\n<li>Mil-Spec h\u00e5rd anodiseret aluminiumskrop<\/li>\n<li>IPX4-klassificeret for vejrbestandighed<\/li>\n<\/ul>\n<h2>Specifikationer:<\/h2>\n<ul>\n<li>Effekt: 350 Lumen<\/li>\n<li>Driftstid: 30 minutter<\/li>\n<li>V\u00e6gt: 48,2 g<\/li>\n<li>L\u00e6ngde: 4,9 cm<\/li>\n<li>Maksimal str\u00e5leintensitet: 2.000 Candela<\/li>\n<li>Str\u00e5leafstand: 90 meter<\/li>\n<\/ul>\n<p>V\u00e6lg den rigtige model til dit v\u00e5ben:<\/p>\n<ul>\n<li>XSC-A til Glock 43X &amp; 48 med skinne<\/li>\n<li>XSC-P365 til SIG SAUER P365 &amp; P365 XL<\/li>\n<li>XSC-HELLCAT til Springfield Armory Hellcat<\/li>\n<li>XSC-B til forskellige andre sub-kompakte modeller<\/li>\n<\/ul>\n<p>SureFire XSC V\u00c5BENLYGTE er en mulighed for belysning i kritiske situationer.<\/p>\n<\/div>\n","protected":false},"excerpt":{"rendered":"<p>Kompakt, kraftfuld 350-lumen lys til skjulte h\u00e5ndv\u00e5ben.<\/p>\n","protected":false},"featured_media":211998,"template":"","meta":{"_acf_changed":false},"product_brand":[11861],"product_cat":[13130,13096,13123],"product_tag":[],"class_list":{"0":"post-211997","1":"product","2":"type-product","3":"status-publish","4":"has-post-thumbnail","6":"product_brand-surefire","7":"product_cat-lygter","8":"product_cat-pistol","9":"product_cat-pistollygter","10":"pa_light-p-365-da","11":"pa_light-xsc-a-da","12":"pa_light-xsc-b-da","14":"first","15":"instock","16":"taxable","17":"shipping-taxable","18":"purchasable","19":"product-type-variable","20":"wvs-archive-product-wrapper"},"acf":[],"_links":{"self":[{"href":"https:\/\/staging.nbg.eu\/da\/wp-json\/wp\/v2\/product\/211997","targetHints":{"allow":["GET"]}}],"collection":[{"href":"https:\/\/staging.nbg.eu\/da\/wp-json\/wp\/v2\/product"}],"about":[{"href":"https:\/\/staging.nbg.eu\/da\/wp-json\/wp\/v2\/types\/product"}],"wp:featuredmedia":[{"embeddable":true,"href":"https:\/\/staging.nbg.eu\/da\/wp-json\/wp\/v2\/media\/211998"}],"wp:attachment":[{"href":"https:\/\/staging.nbg.eu\/da\/wp-json\/wp\/v2\/media?parent=211997"}],"wp:term":[{"taxonomy":"product_brand","embeddable":true,"href":"https:\/\/staging.nbg.eu\/da\/wp-json\/wp\/v2\/product_brand?post=211997"},{"taxonomy":"product_cat","embeddable":true,"href":"https:\/\/staging.nbg.eu\/da\/wp-json\/wp\/v2\/product_cat?post=211997"},{"taxonomy":"product_tag","embeddable":true,"href":"https:\/\/staging.nbg.eu\/da\/wp-json\/wp\/v2\/product_tag?post=211997"}],"curies":[{"name":"wp","href":"https:\/\/api.w.org\/{rel}","templated":true}]}}