{"id":211475,"date":"2024-01-24T19:30:39","date_gmt":"2025-02-19T13:01:46","guid":{"rendered":"https:\/\/staging.nbg.eu\/product\/iosso-bolt-carrier-brush\/"},"modified":"2025-02-19T13:14:03","modified_gmt":"2025-02-19T13:14:03","slug":"iosso-bundstykke-borste","status":"publish","type":"product","link":"https:\/\/staging.nbg.eu\/da\/vare\/iosso-bundstykke-borste\/","title":{"rendered":"Iosso Bundstykke B\u00f8rste"},"content":{"rendered":"<p style=\"text-align: center\"><strong><span style=\"font-size: 170%\">losso Bolt Carrier B\u00f8rster<\/span><\/strong><\/p>\n<p>Dette s\u00e6t indeholder pakker med Bolt Carrier og Kammer B\u00f8rster. De er dimensioneret med sn\u00e6ver tolerance for pr\u00e6cis reng\u00f8ring. De er lavet af bl\u00e5 fiber, som er tyk, stiv og holder formen godt. Dette muligg\u00f8r frem og tilbage bev\u00e6gelse i mods\u00e6tning til traditionelle messing- og bronzeb\u00f8rster. De kan bruges flere gange f\u00f8r de bliver slidte.<\/p>\n<table width=\"305\">\n<tbody>\n<tr>\n<td width=\"305\"><strong>AR-15 Bolt Carrier med stift 2 stk.<\/strong><\/td>\n<\/tr>\n<tr>\n<td><strong>AR.308 Riffel Bolt Carrier med stift 2 stk.<\/strong><\/td>\n<\/tr>\n<\/tbody>\n<\/table>\n","protected":false},"excerpt":{"rendered":"<p><strong>Dimensioneret med sn\u00e6ver tolerance for pr\u00e6cisionsreng\u00f8ring<\/strong><\/p>\n","protected":false},"featured_media":107702,"template":"","meta":{"_acf_changed":false},"product_brand":[11470],"product_cat":[13147,13120],"product_tag":[],"class_list":{"0":"post-211475","1":"product","2":"type-product","3":"status-publish","4":"has-post-thumbnail","6":"product_brand-iosso","7":"product_cat-borster","8":"product_cat-vabenrensning","9":"pa_model-ar-308-da","10":"pa_model-ar-15-da","12":"first","13":"instock","14":"taxable","15":"shipping-taxable","16":"purchasable","17":"product-type-variable","18":"wvs-archive-product-wrapper"},"acf":[],"_links":{"self":[{"href":"https:\/\/staging.nbg.eu\/da\/wp-json\/wp\/v2\/product\/211475","targetHints":{"allow":["GET"]}}],"collection":[{"href":"https:\/\/staging.nbg.eu\/da\/wp-json\/wp\/v2\/product"}],"about":[{"href":"https:\/\/staging.nbg.eu\/da\/wp-json\/wp\/v2\/types\/product"}],"wp:featuredmedia":[{"embeddable":true,"href":"https:\/\/staging.nbg.eu\/da\/wp-json\/wp\/v2\/media\/107702"}],"wp:attachment":[{"href":"https:\/\/staging.nbg.eu\/da\/wp-json\/wp\/v2\/media?parent=211475"}],"wp:term":[{"taxonomy":"product_brand","embeddable":true,"href":"https:\/\/staging.nbg.eu\/da\/wp-json\/wp\/v2\/product_brand?post=211475"},{"taxonomy":"product_cat","embeddable":true,"href":"https:\/\/staging.nbg.eu\/da\/wp-json\/wp\/v2\/product_cat?post=211475"},{"taxonomy":"product_tag","embeddable":true,"href":"https:\/\/staging.nbg.eu\/da\/wp-json\/wp\/v2\/product_tag?post=211475"}],"curies":[{"name":"wp","href":"https:\/\/api.w.org\/{rel}","templated":true}]}}