{"id":208632,"date":"2024-07-29T13:02:15","date_gmt":"2024-07-29T13:02:15","guid":{"rendered":"https:\/\/staging.nbg.eu\/product\/bore-tech-friction-guard-xp-120ml\/"},"modified":"2025-02-16T16:54:18","modified_gmt":"2025-02-16T16:54:18","slug":"bore-tech-friction-guard-xp-120ml","status":"publish","type":"product","link":"https:\/\/staging.nbg.eu\/da\/vare\/bore-tech-friction-guard-xp-120ml\/","title":{"rendered":"Bore Tech Friction Guard XP 120ml"},"content":{"rendered":"<h2>Bore Tech Friction Guard XP V\u00e5benolie &#8211; 120ml<\/h2>\n<p>Bore Tech Friction Guard XP V\u00e5benolie er en syntetisk blanding, der opfylder MIL-PRF-63460E krav og tilbyder:<\/p>\n<ul>\n<li>Sm\u00f8ring fra -73\u00b0C til 316\u00b0C<\/li>\n<li>95% reduktion af friktion og slitage<\/li>\n<li>Korrosionsbeskyttelse<\/li>\n<li>Indtr\u00e6ngning og binding til metaloverflader<\/li>\n<li>Filmstyrke for slidbeskyttende egenskaber<\/li>\n<li>Modstandsdygtighed over for ekstreme temperaturer<\/li>\n<li>100+ timers beskyttelse i saltspr\u00f8jtetest<\/li>\n<li>Fugtfortr\u00e6ngning<\/li>\n<li>Afvisning af st\u00f8v og snavs<\/li>\n<\/ul>\n<p>Egnet til skytter, j\u00e6gere og entusiaster. Friction Guard XP behandler dit v\u00e5bens l\u00f8b og beskytter under brug og opbevaring.<\/p>\n","protected":false},"excerpt":{"rendered":"<p>H\u00f8jtydende syntetisk v\u00e5benolie til overlegen sm\u00f8ring og beskyttelse.<\/p>\n","protected":false},"featured_media":150478,"template":"","meta":{"_acf_changed":false},"product_brand":[11148],"product_cat":[13108,13120],"product_tag":[],"class_list":{"0":"post-208632","1":"product","2":"type-product","3":"status-publish","4":"has-post-thumbnail","6":"product_brand-boretech","7":"product_cat-smoremidler","8":"product_cat-vabenrensning","10":"first","11":"instock","12":"taxable","13":"shipping-taxable","14":"purchasable","15":"product-type-simple"},"acf":[],"_links":{"self":[{"href":"https:\/\/staging.nbg.eu\/da\/wp-json\/wp\/v2\/product\/208632","targetHints":{"allow":["GET"]}}],"collection":[{"href":"https:\/\/staging.nbg.eu\/da\/wp-json\/wp\/v2\/product"}],"about":[{"href":"https:\/\/staging.nbg.eu\/da\/wp-json\/wp\/v2\/types\/product"}],"wp:featuredmedia":[{"embeddable":true,"href":"https:\/\/staging.nbg.eu\/da\/wp-json\/wp\/v2\/media\/150478"}],"wp:attachment":[{"href":"https:\/\/staging.nbg.eu\/da\/wp-json\/wp\/v2\/media?parent=208632"}],"wp:term":[{"taxonomy":"product_brand","embeddable":true,"href":"https:\/\/staging.nbg.eu\/da\/wp-json\/wp\/v2\/product_brand?post=208632"},{"taxonomy":"product_cat","embeddable":true,"href":"https:\/\/staging.nbg.eu\/da\/wp-json\/wp\/v2\/product_cat?post=208632"},{"taxonomy":"product_tag","embeddable":true,"href":"https:\/\/staging.nbg.eu\/da\/wp-json\/wp\/v2\/product_tag?post=208632"}],"curies":[{"name":"wp","href":"https:\/\/api.w.org\/{rel}","templated":true}]}}