{"id":205358,"date":"2024-08-16T18:01:15","date_gmt":"2025-02-13T15:24:01","guid":{"rendered":"https:\/\/staging.nbg.eu\/product\/rhh-ipsc-holster-mount-509\/"},"modified":"2025-02-13T15:25:22","modified_gmt":"2025-02-13T15:25:22","slug":"rhh-ipsc-hylster-beslag-509","status":"publish","type":"product","link":"https:\/\/staging.nbg.eu\/da\/vare\/rhh-ipsc-hylster-beslag-509\/","title":{"rendered":"RHH IPSC Hylster Beslag .509"},"content":{"rendered":"<div class=\"product-description\">\n<h2>RHH IPSC Holsterholder .509<\/h2>\n<p>RHH IPSC Holsterholder .509 tilbyder tilpasning af din holsteropstilling:<\/p>\n<ul>\n<li><strong>Justerbar h\u00e6ldning:<\/strong> Indstil vinklen i enhver retning efter dine pr\u00e6ferencer, med mulighed for \u00e6ndringer n\u00e5r som helst.<\/li>\n<li><strong>Flerdimensionel konfiguration:<\/strong> Kombiner med h\u00f8jdejustering for \u00e6ndringer i op til tre akser, mens den \u00f8nskede h\u00f8jde fastholdes.<\/li>\n<li><strong>Sideh\u00e6ldningskontrol:<\/strong> Juster holsterh\u00e6ldning ved at stramme skruer. Inkluderer to s\u00e6t skruer og skiver til forskellige kropsafstande.<\/li>\n<li><strong>Fleksibel h\u00f8jdejustering:<\/strong> Flere skruehuller giver mulighed for at optimere holsterh\u00f8jden i forhold til dit b\u00e6lte for nemmere v\u00e5bentr\u00e6k.<\/li>\n<\/ul>\n<p><strong>V\u00e6gt:<\/strong> 0,19 kg<\/p>\n<p>RHH IPSC Holsterholder .509 giver mulighed for en personlig og effektiv skydeopstilling.<\/p>\n<\/div>\n","protected":false},"excerpt":{"rendered":"<p>Justerbar IPSC-hylstermontering: tilpasselig h\u00e6ldning, h\u00f8jde og vinkel.<\/p>\n","protected":false},"featured_media":23127,"template":"","meta":{"_acf_changed":false},"product_brand":[11631],"product_cat":[13126,13131],"product_tag":[],"class_list":{"0":"post-205358","1":"product","2":"type-product","3":"status-publish","4":"has-post-thumbnail","6":"product_brand-rh-holsters","7":"product_cat-hylstertilbehor","8":"product_cat-sporthylster","10":"first","11":"instock","12":"taxable","13":"shipping-taxable","14":"purchasable","15":"product-type-simple"},"acf":[],"_links":{"self":[{"href":"https:\/\/staging.nbg.eu\/da\/wp-json\/wp\/v2\/product\/205358","targetHints":{"allow":["GET"]}}],"collection":[{"href":"https:\/\/staging.nbg.eu\/da\/wp-json\/wp\/v2\/product"}],"about":[{"href":"https:\/\/staging.nbg.eu\/da\/wp-json\/wp\/v2\/types\/product"}],"wp:featuredmedia":[{"embeddable":true,"href":"https:\/\/staging.nbg.eu\/da\/wp-json\/wp\/v2\/media\/23127"}],"wp:attachment":[{"href":"https:\/\/staging.nbg.eu\/da\/wp-json\/wp\/v2\/media?parent=205358"}],"wp:term":[{"taxonomy":"product_brand","embeddable":true,"href":"https:\/\/staging.nbg.eu\/da\/wp-json\/wp\/v2\/product_brand?post=205358"},{"taxonomy":"product_cat","embeddable":true,"href":"https:\/\/staging.nbg.eu\/da\/wp-json\/wp\/v2\/product_cat?post=205358"},{"taxonomy":"product_tag","embeddable":true,"href":"https:\/\/staging.nbg.eu\/da\/wp-json\/wp\/v2\/product_tag?post=205358"}],"curies":[{"name":"wp","href":"https:\/\/api.w.org\/{rel}","templated":true}]}}