{"id":205242,"date":"2024-09-02T10:50:03","date_gmt":"2025-02-13T15:09:23","guid":{"rendered":"https:\/\/staging.nbg.eu\/product\/badger-ordnance-c1-12-oclock-top-optical-platform-for-trijicon-rmr\/"},"modified":"2025-02-13T15:11:33","modified_gmt":"2025-02-13T15:11:33","slug":"badger-ordnance-c1-12-oclock-top-optisk-platform-til-trijicon-rmr","status":"publish","type":"product","link":"https:\/\/staging.nbg.eu\/da\/vare\/badger-ordnance-c1-12-oclock-top-optisk-platform-til-trijicon-rmr\/","title":{"rendered":"Badger Ordnance C1 12 O&#8217;clock Top Optisk Platform til Trijicon RMR"},"content":{"rendered":"<div class=\"product-description\">\n<h2>Badger Ordnance C1 12 O&#8217;clock Top Optisk Platform til Trijicon RMR<\/h2>\n<p>Badger Ordnance C1 12TOP er en monteringsl\u00f8sning designet til at integrere en Trijicon RMR eller kompatibel optik p\u00e5 dit C1 ARC system. Denne platform tilbyder en 12 o&#8217;clock monteret Red Dot konfiguration.<\/p>\n<h2>Hovedfunktioner:<\/h2>\n<ul>\n<li>Fremstillet af 6061 T6 Aluminium<\/li>\n<li>Type III Hardcoat Anodiseret overflade<\/li>\n<li>Vejer 0,5 oz<\/li>\n<li>Inkluderer vandt\u00e6t kl\u00e6bende melleml\u00e6g til montering<\/li>\n<li>Kompatibel med forskellige optikker, der bruger Trijicon RMR fodaftryk<\/li>\n<\/ul>\n<h2>Kompatibilitet:<\/h2>\n<p>C1 12TOP er kompatibel med en r\u00e6kke optikker, herunder:<\/p>\n<ul>\n<li>Trijicon RMR og SRO<\/li>\n<li>Holosun HS407C, HS507C og HS508T<\/li>\n<li>Swampfox Kingslayer, Liberty RMR 1&#215;22 og Justice RMR 1&#215;27<\/li>\n<li>NcStar VISM FlipDot Pro<\/li>\n<li>Riton X3 Tactix PRD<\/li>\n<li>Vector Optics Frenzy 1x22x26<\/li>\n<\/ul>\n<p>Badger Ordnance C1 12 O&#8217;clock Top Optisk Platform kan bruges til at forbedre dit optiske setup.<\/p>\n<\/div>\n","protected":false},"excerpt":{"rendered":"<p>Badger C1 12TOP: Let RMR-montage til optik placeret i 12-timers position<\/p>\n","protected":false},"featured_media":35404,"template":"","meta":{"_acf_changed":false},"product_brand":[11078],"product_cat":[13116,13115],"product_tag":[],"class_list":{"0":"post-205242","1":"product","2":"type-product","3":"status-publish","4":"has-post-thumbnail","6":"product_brand-badger-ordnance","7":"product_cat-rodpunktsigte","8":"product_cat-sigte","10":"first","11":"instock","12":"taxable","13":"shipping-taxable","14":"purchasable","15":"product-type-simple"},"acf":[],"_links":{"self":[{"href":"https:\/\/staging.nbg.eu\/da\/wp-json\/wp\/v2\/product\/205242","targetHints":{"allow":["GET"]}}],"collection":[{"href":"https:\/\/staging.nbg.eu\/da\/wp-json\/wp\/v2\/product"}],"about":[{"href":"https:\/\/staging.nbg.eu\/da\/wp-json\/wp\/v2\/types\/product"}],"wp:featuredmedia":[{"embeddable":true,"href":"https:\/\/staging.nbg.eu\/da\/wp-json\/wp\/v2\/media\/35404"}],"wp:attachment":[{"href":"https:\/\/staging.nbg.eu\/da\/wp-json\/wp\/v2\/media?parent=205242"}],"wp:term":[{"taxonomy":"product_brand","embeddable":true,"href":"https:\/\/staging.nbg.eu\/da\/wp-json\/wp\/v2\/product_brand?post=205242"},{"taxonomy":"product_cat","embeddable":true,"href":"https:\/\/staging.nbg.eu\/da\/wp-json\/wp\/v2\/product_cat?post=205242"},{"taxonomy":"product_tag","embeddable":true,"href":"https:\/\/staging.nbg.eu\/da\/wp-json\/wp\/v2\/product_tag?post=205242"}],"curies":[{"name":"wp","href":"https:\/\/api.w.org\/{rel}","templated":true}]}}