{"id":199790,"date":"2024-07-29T19:03:50","date_gmt":"2025-02-11T11:21:18","guid":{"rendered":"https:\/\/staging.nbg.eu\/product\/the-shear-hammock\/"},"modified":"2025-02-11T11:23:37","modified_gmt":"2025-02-11T11:23:37","slug":"the-shear-haengekoje","status":"publish","type":"product","link":"https:\/\/staging.nbg.eu\/da\/vare\/the-shear-haengekoje\/","title":{"rendered":"The Shear H\u00e6ngek\u00f8je"},"content":{"rendered":"<div class=\"product-description\">\n<h2>Saks H\u00e6ngek\u00f8je<\/h2>\n<p>Saks H\u00e6ngek\u00f8jen er en l\u00f8sning til at b\u00e6re medicinsk udstyr. Dette produkt giver mulighed for at b\u00e6re en tourniquet, saks eller andre genstande af lignende st\u00f8rrelse p\u00e5 dit eksisterende b\u00e6lte eller MOLLE-monteret taske.<\/p>\n<h2>Hovedfunktioner:<\/h2>\n<ul>\n<li>Kan fastg\u00f8res til MOLLE eller b\u00e6lte<\/li>\n<li>Designet til hurtig anvendelse<\/li>\n<li>Passer til CAT tourniquet og andre genstande af lignende st\u00f8rrelse<\/li>\n<li>Beskytter udstyr mod UV-str\u00e5ler, vejr, snavs og debris<\/li>\n<li>Kr\u00e6ver ikke ekstra plads til montering<\/li>\n<\/ul>\n<h2>Specifikationer:<\/h2>\n<ul>\n<li>V\u00e6gt: 19g<\/li>\n<li>Varenummer: TSP-TQ-01<\/li>\n<li>Dimensioner (tom): 12,7 cm x 7,6 cm x 0,95 cm<\/li>\n<li>Dimensioner (fuld): 12,7 cm x 7,6 cm x 6,35 cm<\/li>\n<li>Materialer: Ultracomp, Solution Dyed CORDURA\u00ae webbing<\/li>\n<li>Tilg\u00e6ngelige farver: Sort, Coyote Brun og Multicam<\/li>\n<\/ul>\n<p>Saks H\u00e6ngek\u00f8jen kan bruges sammen med Micro Trauma Kit NOW!\u00ae, s\u00e5 du kan have din tourniquet let tilg\u00e6ngelig uden at g\u00e5 p\u00e5 kompromis med plads eller beskyttelse. Den kan monteres p\u00e5 enhver MOLLE eller b\u00e6ltemonteret Micro TKN eller enhver anden MOLLE-taske med et 3-kolonners MOLLE-fodaftryk.<\/p>\n<p>Saks H\u00e6ngek\u00f8jen er designet til at opbevare dit kritiske medicinske udstyr.<\/p>\n<\/div>\n","protected":false},"excerpt":{"rendered":"<p>Hurtig-adgang h\u00e6ngek\u00f8je til tourniquet og sakse p\u00e5 MOLLE-udstyr.<\/p>\n","protected":false},"featured_media":153979,"template":"","meta":{"_acf_changed":false},"product_brand":[11124],"product_cat":[13141,13097,13106],"product_tag":[],"class_list":{"0":"post-199790","1":"product","2":"type-product","3":"status-publish","4":"has-post-thumbnail","6":"product_brand-blue-force-gear","7":"product_cat-medicinsk","8":"product_cat-tasker","9":"product_cat-udstyr","11":"first","12":"instock","13":"taxable","14":"shipping-taxable","15":"purchasable","16":"product-type-variable","17":"wvs-archive-product-wrapper"},"acf":[],"_links":{"self":[{"href":"https:\/\/staging.nbg.eu\/da\/wp-json\/wp\/v2\/product\/199790","targetHints":{"allow":["GET"]}}],"collection":[{"href":"https:\/\/staging.nbg.eu\/da\/wp-json\/wp\/v2\/product"}],"about":[{"href":"https:\/\/staging.nbg.eu\/da\/wp-json\/wp\/v2\/types\/product"}],"wp:featuredmedia":[{"embeddable":true,"href":"https:\/\/staging.nbg.eu\/da\/wp-json\/wp\/v2\/media\/153979"}],"wp:attachment":[{"href":"https:\/\/staging.nbg.eu\/da\/wp-json\/wp\/v2\/media?parent=199790"}],"wp:term":[{"taxonomy":"product_brand","embeddable":true,"href":"https:\/\/staging.nbg.eu\/da\/wp-json\/wp\/v2\/product_brand?post=199790"},{"taxonomy":"product_cat","embeddable":true,"href":"https:\/\/staging.nbg.eu\/da\/wp-json\/wp\/v2\/product_cat?post=199790"},{"taxonomy":"product_tag","embeddable":true,"href":"https:\/\/staging.nbg.eu\/da\/wp-json\/wp\/v2\/product_tag?post=199790"}],"curies":[{"name":"wp","href":"https:\/\/api.w.org\/{rel}","templated":true}]}}