{"id":199684,"date":"2024-07-29T13:09:29","date_gmt":"2025-02-11T11:06:18","guid":{"rendered":"https:\/\/staging.nbg.eu\/product\/single-pistol-belt-pouch\/"},"modified":"2025-02-11T11:08:37","modified_gmt":"2025-02-11T11:08:37","slug":"enkelt-pistol-baelte-lomme","status":"publish","type":"product","link":"https:\/\/staging.nbg.eu\/da\/vare\/enkelt-pistol-baelte-lomme\/","title":{"rendered":"Enkelt Pistol B\u00e6lte Lomme"},"content":{"rendered":"<div class=\"product-description\">\n<h2>Enkelt pistolb\u00e6ltehylster<\/h2>\n<p>Dette Ten-Speed\u00ae hylster holder et enkelt pistolmagasin og giver hurtig adgang til magasinet.<\/p>\n<ul>\n<li>Passer til b\u00e6lter op til 5 cm brede<\/li>\n<li>Behageligt at b\u00e6re hele dagen uden skarpe kanter<\/li>\n<li>Elastisk forside med ULTRAcomp\u2122 laminat<\/li>\n<li>Lukkes med velcro<\/li>\n<li>Passer til enkeltst\u00e5ende eller dobbeltst\u00e5ende magasiner (op til HK45\/USP st\u00f8rrelse)<\/li>\n<li>Kan ogs\u00e5 bruges til lygter, multiv\u00e6rkt\u00f8j eller lignende genstande<\/li>\n<li>Aftagelig b\u00e6ltefastg\u00f8relse til vandret montering<\/li>\n<\/ul>\n<p>St\u00f8rrelse: 5,7 cm x 11,4 cm | V\u00e6gt: 20 gram<\/p>\n<\/div>\n","protected":false},"excerpt":{"rendered":"<p>Sikker, slank b\u00e6ltetaske til pistolmagasin eller v\u00e6rkt\u00f8j. Hurtig adgang.<\/p>\n","protected":false},"featured_media":164220,"template":"","meta":{"_acf_changed":false},"product_brand":[11124],"product_cat":[13082,13097,13106],"product_tag":[],"class_list":{"0":"post-199684","1":"product","2":"type-product","3":"status-publish","4":"has-post-thumbnail","6":"product_brand-blue-force-gear","7":"product_cat-magasinholdere","8":"product_cat-tasker","9":"product_cat-udstyr","11":"first","12":"instock","13":"taxable","14":"shipping-taxable","15":"purchasable","16":"product-type-simple"},"acf":[],"_links":{"self":[{"href":"https:\/\/staging.nbg.eu\/da\/wp-json\/wp\/v2\/product\/199684","targetHints":{"allow":["GET"]}}],"collection":[{"href":"https:\/\/staging.nbg.eu\/da\/wp-json\/wp\/v2\/product"}],"about":[{"href":"https:\/\/staging.nbg.eu\/da\/wp-json\/wp\/v2\/types\/product"}],"wp:featuredmedia":[{"embeddable":true,"href":"https:\/\/staging.nbg.eu\/da\/wp-json\/wp\/v2\/media\/164220"}],"wp:attachment":[{"href":"https:\/\/staging.nbg.eu\/da\/wp-json\/wp\/v2\/media?parent=199684"}],"wp:term":[{"taxonomy":"product_brand","embeddable":true,"href":"https:\/\/staging.nbg.eu\/da\/wp-json\/wp\/v2\/product_brand?post=199684"},{"taxonomy":"product_cat","embeddable":true,"href":"https:\/\/staging.nbg.eu\/da\/wp-json\/wp\/v2\/product_cat?post=199684"},{"taxonomy":"product_tag","embeddable":true,"href":"https:\/\/staging.nbg.eu\/da\/wp-json\/wp\/v2\/product_tag?post=199684"}],"curies":[{"name":"wp","href":"https:\/\/api.w.org\/{rel}","templated":true}]}}