{"id":181338,"date":"2024-04-19T07:15:03","date_gmt":"2025-01-30T06:22:37","guid":{"rendered":"https:\/\/staging.nbg.eu\/product\/blue-force-gear-burnsed-socket\/"},"modified":"2025-01-30T06:24:42","modified_gmt":"2025-01-30T06:24:42","slug":"blue-force-gear-burnsed-sokkel","status":"publish","type":"product","link":"https:\/\/staging.nbg.eu\/da\/vare\/blue-force-gear-burnsed-sokkel\/","title":{"rendered":"Blue Force Gear Burnsed Sokkel"},"content":{"rendered":"<p>Here&#8217;s the Danish translation of the product description, without colorful or marketing language:<\/p>\n<p>Burnsed Socket<\/p>\n<p>Burnsed Socket af Blue Force Gear &#8211; Burnsed Socket er en separat del, der omdanner en Vickers Combat Applications Sling til en 2-til-1-punkts konvertibel rem, n\u00e5r den bruges sammen med en Push Button Sling Swivel eller RED Swivel. Burnsed Socket blev designet i 2005 som en vigtig del af hardwaren til den patenterede SOC-C Sling, som muligg\u00f8r en 1-til-2-til-3-punkts konvertibel rem.<\/p>\n<p>G\u00f8r din rem mere alsidig &#8211; Skub Burnsed Socket p\u00e5 bagsiden af remmen mod den bageste modtager eller typisk enkeltpunktsplacering, og fjern derefter den forreste trykknap fra v\u00e5bnets forside, og fastg\u00f8r den til Burnsed Socket.<\/p>\n<p>***Rem medf\u00f8lger ikke. Inkluderer kun 1 Burnsed Socket-hardwaredel***<\/p>\n<p>To hardwaremuligheder:<br \/>\n\u2022 Maskinbearbejdet aluminium &#8211; til en meget holdbar forbindelse, denne fr\u00e6sede Burnsed Socket er h\u00e5rd anodiseret i mat sort.<br \/>\n\u2022 St\u00f8bt polymer &#8211; til et let, enkelt remforbindelsespunkt, f\u00e5s i sort.<\/p>\n<p>Fremstillet i USA &#8211; Som med alt Blue Force Gear er det fremstillet med h\u00f8j kvalitet i USA og har vores begr\u00e6nsede livstidsgaranti.<\/p>\n<p>SPECIFIKATIONER<\/p>\n<p>Funktioner: Fungerer sammen med enhver Push Button Sling Swivel eller EDTM Swivel til en 2-til-1-punkts konvertibel rem (s\u00e6lges separat). Muligg\u00f8r heldagsb\u00e6ring af et v\u00e5ben i 2-punktstilstand for maksimal kontrol og komfort og konverteres hurtigt til en enkeltpunktsrem til dynamiske milj\u00f8er.<\/p>\n<p>V\u00e6gt: 13g<\/p>\n<p>St\u00f8rrelse: 0,75&#8243; x 1,5&#8243; x 0,5&#8243; &#8211; Passer p\u00e5 enhver 1&#8243; eller 1,25&#8243; remwebbing (Victory Series Sling, Vickers Combat Applications Sling)<\/p>\n<p>Materiale(r):<br \/>\n\u2022 Maskinbearbejdet aluminium<br \/>\n\u2022 St\u00f8bt polymer<\/p>\n<p>Yderligere information: Som en generel regel skal Push Button Swivels og Burnsed Socket sm\u00f8res hver gang v\u00e6rtsv\u00e5bnet sm\u00f8res.<\/p>\n","protected":false},"excerpt":{"rendered":"<p><span style=\"font-size: 110%\"><strong>G\u00f8r din Slynge mere Alsidig<\/strong><\/span><\/p>\n","protected":false},"featured_media":163246,"template":"","meta":{"_acf_changed":false},"product_brand":[11124],"product_cat":[13102,13106],"product_tag":[],"class_list":{"0":"post-181338","1":"product","2":"type-product","3":"status-publish","4":"has-post-thumbnail","6":"product_brand-blue-force-gear","7":"product_cat-remme","8":"product_cat-udstyr","10":"first","11":"instock","12":"taxable","13":"shipping-taxable","14":"purchasable","15":"product-type-simple"},"acf":[],"_links":{"self":[{"href":"https:\/\/staging.nbg.eu\/da\/wp-json\/wp\/v2\/product\/181338","targetHints":{"allow":["GET"]}}],"collection":[{"href":"https:\/\/staging.nbg.eu\/da\/wp-json\/wp\/v2\/product"}],"about":[{"href":"https:\/\/staging.nbg.eu\/da\/wp-json\/wp\/v2\/types\/product"}],"wp:featuredmedia":[{"embeddable":true,"href":"https:\/\/staging.nbg.eu\/da\/wp-json\/wp\/v2\/media\/163246"}],"wp:attachment":[{"href":"https:\/\/staging.nbg.eu\/da\/wp-json\/wp\/v2\/media?parent=181338"}],"wp:term":[{"taxonomy":"product_brand","embeddable":true,"href":"https:\/\/staging.nbg.eu\/da\/wp-json\/wp\/v2\/product_brand?post=181338"},{"taxonomy":"product_cat","embeddable":true,"href":"https:\/\/staging.nbg.eu\/da\/wp-json\/wp\/v2\/product_cat?post=181338"},{"taxonomy":"product_tag","embeddable":true,"href":"https:\/\/staging.nbg.eu\/da\/wp-json\/wp\/v2\/product_tag?post=181338"}],"curies":[{"name":"wp","href":"https:\/\/api.w.org\/{rel}","templated":true}]}}