{"id":173032,"date":"2024-08-16T19:55:05","date_gmt":"2025-01-23T11:16:37","guid":{"rendered":"https:\/\/staging.nbg.eu\/product\/barwarus-bw-t4-handguards-with-m-lok\/"},"modified":"2025-01-23T11:17:58","modified_gmt":"2025-01-23T11:17:58","slug":"barwarus-bw-t4-handskaerme-med-m-lok","status":"publish","type":"product","link":"https:\/\/staging.nbg.eu\/da\/vare\/barwarus-bw-t4-handskaerme-med-m-lok\/","title":{"rendered":"Barwarus BW-T4 H\u00e5ndsk\u00e6rme med M-Lok"},"content":{"rendered":"<div class=\"product-description\">\n<h2>Barwarus BW-T4 H\u00e5ndv\u00e6rn med M-Lok<\/h2>\n<p>BW-T4 h\u00e5ndv\u00e6rns\u00e6t til AK-style rifler. Designet til lange AK-l\u00f8b (16&#8243;), dette system tillader integration af M-LOK tilbeh\u00f8r.<\/p>\n<ul>\n<li>Kompatibel med forskellige AK-modeller (AKUSA 100 Serie, AK-74, Saiga, Vepr, m.fl.)<\/li>\n<li>Fremstillet af 6082-T6 legering<\/li>\n<li>Sort Cerakote overfladebehandling<\/li>\n<li>Integrerede M-LOK slots p\u00e5 alle sider<\/li>\n<li>Forbedrer l\u00f8bets k\u00f8ling og varmeafledning<\/li>\n<li>Letv\u00e6gtsdesign<\/li>\n<li>Funktionsdygtig i ekstreme temperaturer (-50\u00b0C til +50\u00b0C)<\/li>\n<\/ul>\n<p>Barwarus BW-T4 H\u00e5ndv\u00e6rn giver mulighed for tilpasning, varmestyring og holdbarhed.<\/p>\n<\/div>\n","protected":false},"excerpt":{"rendered":"<p>Barwarus BW-T4 h\u00e5ndv\u00e6rn: M-Lok-kompatibel, AK-opgradering til forbedret k\u00f8ling og montering af tilbeh\u00f8r.<\/p>\n","protected":false},"featured_media":23611,"template":"","meta":{"_acf_changed":false},"product_brand":[11106],"product_cat":[13073,13088,13087],"product_tag":[],"class_list":{"0":"post-173032","1":"product","2":"type-product","3":"status-publish","4":"has-post-thumbnail","6":"product_brand-barwarus","7":"product_cat-ak-tuning","8":"product_cat-riffel-tuning","9":"product_cat-skinner","11":"first","12":"instock","13":"taxable","14":"shipping-taxable","15":"product-type-variable","16":"wvs-archive-product-wrapper"},"acf":[],"_links":{"self":[{"href":"https:\/\/staging.nbg.eu\/da\/wp-json\/wp\/v2\/product\/173032","targetHints":{"allow":["GET"]}}],"collection":[{"href":"https:\/\/staging.nbg.eu\/da\/wp-json\/wp\/v2\/product"}],"about":[{"href":"https:\/\/staging.nbg.eu\/da\/wp-json\/wp\/v2\/types\/product"}],"wp:featuredmedia":[{"embeddable":true,"href":"https:\/\/staging.nbg.eu\/da\/wp-json\/wp\/v2\/media\/23611"}],"wp:attachment":[{"href":"https:\/\/staging.nbg.eu\/da\/wp-json\/wp\/v2\/media?parent=173032"}],"wp:term":[{"taxonomy":"product_brand","embeddable":true,"href":"https:\/\/staging.nbg.eu\/da\/wp-json\/wp\/v2\/product_brand?post=173032"},{"taxonomy":"product_cat","embeddable":true,"href":"https:\/\/staging.nbg.eu\/da\/wp-json\/wp\/v2\/product_cat?post=173032"},{"taxonomy":"product_tag","embeddable":true,"href":"https:\/\/staging.nbg.eu\/da\/wp-json\/wp\/v2\/product_tag?post=173032"}],"curies":[{"name":"wp","href":"https:\/\/api.w.org\/{rel}","templated":true}]}}