{"id":141576,"date":"2025-01-01T20:56:43","date_gmt":"2025-01-10T22:54:30","guid":{"rendered":"https:\/\/staging.nbg.eu\/product\/area-419-ruger-american-short-action-scope-base\/"},"modified":"2025-01-10T22:56:25","modified_gmt":"2025-01-10T22:56:25","slug":"area-419-ruger-american-short-action-sigtebase","status":"publish","type":"product","link":"https:\/\/staging.nbg.eu\/da\/vare\/area-419-ruger-american-short-action-sigtebase\/","title":{"rendered":"Area 419 &#8211; Ruger American Short Action Sigtebase"},"content":{"rendered":"<div class=\"product-description\">\n<h2>Area 419 &#8211; Ruger American Short Action Kikkertmontering<\/h2>\n<p>Kikkertmontering til Ruger American riffel. Fremstillet af et enkelt stykke T7075 aluminium. Denne montering er:<\/p>\n<ul>\n<li>Maskinbearbejdet for pr\u00e6cis pasform<\/li>\n<li>St\u00e6rk og holdbar<\/li>\n<li>Type III sort h\u00e5rdcoat anodiseret<\/li>\n<li>Designet med 20MOA h\u00e6ldning til l\u00e6ngere skud<\/li>\n<\/ul>\n<p>Inkluderer en skruen\u00f8gle til sp\u00e6nding af klemskruer (anbefalet: 15 in\/lb). Til langdistance skydning.<\/p>\n<h3>Specifikationer:<\/h3>\n<ul>\n<li>V\u00e6gt: 0,09 kg<\/li>\n<li>M\u00e5l: 21,6 \u00d7 2,54 \u00d7 2,54 cm<\/li>\n<li>Producent: Area 419<\/li>\n<li>St\u00f8rrelse: 20MOA<\/li>\n<\/ul>\n<\/div>\n","protected":false},"excerpt":{"rendered":"<p>Pr\u00e6cisionsforarbejdet 20MOA kikkertskinne til Ruger American rifler.<\/p>\n","protected":false},"featured_media":112118,"template":"","meta":{"_acf_changed":false},"product_brand":[11042],"product_cat":[13139,13087,390],"product_tag":[],"class_list":{"0":"post-141576","1":"product","2":"type-product","3":"status-publish","4":"has-post-thumbnail","6":"product_brand-area-419","7":"product_cat-riffel","8":"product_cat-skinner","9":"product_cat-aiming","11":"first","12":"instock","13":"taxable","14":"shipping-taxable","15":"purchasable","16":"product-type-simple"},"acf":[],"_links":{"self":[{"href":"https:\/\/staging.nbg.eu\/da\/wp-json\/wp\/v2\/product\/141576","targetHints":{"allow":["GET"]}}],"collection":[{"href":"https:\/\/staging.nbg.eu\/da\/wp-json\/wp\/v2\/product"}],"about":[{"href":"https:\/\/staging.nbg.eu\/da\/wp-json\/wp\/v2\/types\/product"}],"wp:featuredmedia":[{"embeddable":true,"href":"https:\/\/staging.nbg.eu\/da\/wp-json\/wp\/v2\/media\/112118"}],"wp:attachment":[{"href":"https:\/\/staging.nbg.eu\/da\/wp-json\/wp\/v2\/media?parent=141576"}],"wp:term":[{"taxonomy":"product_brand","embeddable":true,"href":"https:\/\/staging.nbg.eu\/da\/wp-json\/wp\/v2\/product_brand?post=141576"},{"taxonomy":"product_cat","embeddable":true,"href":"https:\/\/staging.nbg.eu\/da\/wp-json\/wp\/v2\/product_cat?post=141576"},{"taxonomy":"product_tag","embeddable":true,"href":"https:\/\/staging.nbg.eu\/da\/wp-json\/wp\/v2\/product_tag?post=141576"}],"curies":[{"name":"wp","href":"https:\/\/api.w.org\/{rel}","templated":true}]}}