{"id":141246,"date":"2025-01-04T07:26:25","date_gmt":"2025-01-10T21:45:29","guid":{"rendered":"https:\/\/staging.nbg.eu\/product\/area-419-arcalock-clamp-black\/"},"modified":"2025-01-10T21:47:26","modified_gmt":"2025-01-10T21:47:26","slug":"area-419-arcalock-klemme-sort","status":"publish","type":"product","link":"https:\/\/staging.nbg.eu\/da\/vare\/area-419-arcalock-klemme-sort\/","title":{"rendered":"Area 419 &#8211; ARCALOCK Klemme sort"},"content":{"rendered":"<div class=\"product-description\">\n<h2>Area 419 &#8211; ARCALOCK Klemme (Sort)<\/h2>\n<p>Area 419 ARCALOCK Klemme i sort. Denne klemme fungerer p\u00e5 alle standard ARCA\/1,5&#8243; svalehalesskinner og tilbyder en mekanisk l\u00e5st l\u00f8sning for \u00f8get stabilitet.<\/p>\n<ul>\n<li>To-trins skruedesign til hurtig bev\u00e6gelse og ekstra moment<\/li>\n<li>Kompatibel med Atlas Bipods og kan tilpasses til Harris Bipods<\/li>\n<li>Bagudkompatibel med standard ARCA-skinner<\/li>\n<li>Fremstillet af 6061-T6 aluminium med sort anodiseret overflade<\/li>\n<li>303 rustfri st\u00e5l skrue<\/li>\n<li>V\u00e6gt: 72,5 gram<\/li>\n<\/ul>\n<p>Area 419 ARCALOCK Klemme er designet og fremstillet i USA.<\/p>\n<\/div>\n","protected":false},"excerpt":{"rendered":"<p>Sikker ARCA-skinne klemme med sort knop til pr\u00e6cisionsrifler.<\/p>\n","protected":false},"featured_media":115367,"template":"","meta":{"_acf_changed":false},"product_brand":[11042],"product_cat":[13139,13087,390],"product_tag":[],"class_list":{"0":"post-141246","1":"product","2":"type-product","3":"status-publish","4":"has-post-thumbnail","6":"product_brand-area-419","7":"product_cat-riffel","8":"product_cat-skinner","9":"product_cat-aiming","11":"first","12":"instock","13":"taxable","14":"shipping-taxable","15":"purchasable","16":"product-type-simple"},"acf":[],"_links":{"self":[{"href":"https:\/\/staging.nbg.eu\/da\/wp-json\/wp\/v2\/product\/141246","targetHints":{"allow":["GET"]}}],"collection":[{"href":"https:\/\/staging.nbg.eu\/da\/wp-json\/wp\/v2\/product"}],"about":[{"href":"https:\/\/staging.nbg.eu\/da\/wp-json\/wp\/v2\/types\/product"}],"wp:featuredmedia":[{"embeddable":true,"href":"https:\/\/staging.nbg.eu\/da\/wp-json\/wp\/v2\/media\/115367"}],"wp:attachment":[{"href":"https:\/\/staging.nbg.eu\/da\/wp-json\/wp\/v2\/media?parent=141246"}],"wp:term":[{"taxonomy":"product_brand","embeddable":true,"href":"https:\/\/staging.nbg.eu\/da\/wp-json\/wp\/v2\/product_brand?post=141246"},{"taxonomy":"product_cat","embeddable":true,"href":"https:\/\/staging.nbg.eu\/da\/wp-json\/wp\/v2\/product_cat?post=141246"},{"taxonomy":"product_tag","embeddable":true,"href":"https:\/\/staging.nbg.eu\/da\/wp-json\/wp\/v2\/product_tag?post=141246"}],"curies":[{"name":"wp","href":"https:\/\/api.w.org\/{rel}","templated":true}]}}