{"id":140532,"date":"2025-01-04T07:09:46","date_gmt":"2025-01-10T17:47:57","guid":{"rendered":"https:\/\/staging.nbg.eu\/product\/area-419-arcalock-arm-for-garmin-xero\/"},"modified":"2025-01-10T17:50:12","modified_gmt":"2025-01-10T17:50:12","slug":"area-419-arcalock-arm-til-garmin-xero","status":"publish","type":"product","link":"https:\/\/staging.nbg.eu\/da\/vare\/area-419-arcalock-arm-til-garmin-xero\/","title":{"rendered":"Area 419 &#8211; ARCALOCK Arm til Garmin Xero"},"content":{"rendered":"<div class=\"product-description\">\n<h2>Area 419 &#8211; ARCALOCK Arm til Garmin Xero C1<\/h2>\n<p>\u00d8g din Garmin Xero C1&#8217;s anvendelighed med vores ARCALOCK Arm. Dette tilbeh\u00f8r giver flere monteringsmuligheder:<\/p>\n<ul>\n<li>P\u00e5 linje med l\u00f8bet (vippe- eller sidemontage)<\/li>\n<li>Forskudt ved brug af ARCA-skinne eller forl\u00e6nget picatinny-skinne<\/li>\n<li>Aftagelig til brug p\u00e5 enhver ARCA-kompatibel trefod<\/li>\n<\/ul>\n<p>Fremstillet af aluminiumsblok, har denne arm et 17S monteringsm\u00f8nster kompatibelt med vores Arcalock-klemmer eller QD picatinny-klemme. Et tilbeh\u00f8r til din Garmin Xero C1 Kronograf.<\/p>\n<h3>Specifikationer:<\/h3>\n<ul>\n<li>V\u00e6gt: 454 g<\/li>\n<li>M\u00e5l: 15,2 cm \u00d7 10,2 cm \u00d7 2,5 cm<\/li>\n<\/ul>\n<\/div>\n","protected":false},"excerpt":{"rendered":"<p>Alsidig montering til Garmin Xero C1: Kompatibel med l\u00f8b, skinne eller stativ.<\/p>\n","protected":false},"featured_media":114877,"template":"","meta":{"_acf_changed":false},"product_brand":[11042],"product_cat":[13139,13087],"product_tag":[],"class_list":{"0":"post-140532","1":"product","2":"type-product","3":"status-publish","4":"has-post-thumbnail","6":"product_brand-area-419","7":"product_cat-riffel","8":"product_cat-skinner","10":"first","11":"instock","12":"taxable","13":"shipping-taxable","14":"purchasable","15":"product-type-variable","16":"wvs-archive-product-wrapper"},"acf":[],"_links":{"self":[{"href":"https:\/\/staging.nbg.eu\/da\/wp-json\/wp\/v2\/product\/140532","targetHints":{"allow":["GET"]}}],"collection":[{"href":"https:\/\/staging.nbg.eu\/da\/wp-json\/wp\/v2\/product"}],"about":[{"href":"https:\/\/staging.nbg.eu\/da\/wp-json\/wp\/v2\/types\/product"}],"wp:featuredmedia":[{"embeddable":true,"href":"https:\/\/staging.nbg.eu\/da\/wp-json\/wp\/v2\/media\/114877"}],"wp:attachment":[{"href":"https:\/\/staging.nbg.eu\/da\/wp-json\/wp\/v2\/media?parent=140532"}],"wp:term":[{"taxonomy":"product_brand","embeddable":true,"href":"https:\/\/staging.nbg.eu\/da\/wp-json\/wp\/v2\/product_brand?post=140532"},{"taxonomy":"product_cat","embeddable":true,"href":"https:\/\/staging.nbg.eu\/da\/wp-json\/wp\/v2\/product_cat?post=140532"},{"taxonomy":"product_tag","embeddable":true,"href":"https:\/\/staging.nbg.eu\/da\/wp-json\/wp\/v2\/product_tag?post=140532"}],"curies":[{"name":"wp","href":"https:\/\/api.w.org\/{rel}","templated":true}]}}