{"id":140140,"date":"2025-01-04T04:53:09","date_gmt":"2025-01-10T14:00:09","guid":{"rendered":"https:\/\/staging.nbg.eu\/product\/area-419-arcalock-12-universal-dovetail-rail\/"},"modified":"2025-01-10T14:02:04","modified_gmt":"2025-01-10T14:02:04","slug":"area-419-arcalock-12-universal-dovetail-skinne","status":"publish","type":"product","link":"https:\/\/staging.nbg.eu\/da\/vare\/area-419-arcalock-12-universal-dovetail-skinne\/","title":{"rendered":"Area 419 &#8211; ARCALOCK 12&#8243; Universal Dovetail Skinne"},"content":{"rendered":"<div class=\"product-description\">\n<h2>Area 419 &#8211; ARCALOCK 12&#8243; Universal Svalehaler\u00e6ling<\/h2>\n<p>ARCALOCK 12&#8243; Universal Svalehaler\u00e6ling fra Area 419 har f\u00f8lgende egenskaber:<\/p>\n<ul>\n<li>Takkede sider til mekanisk l\u00e5sning med Area 419 klemmer<\/li>\n<li>Bagudkompatibel med standard Arca-tilbeh\u00f8r<\/li>\n<li>12&#8243; l\u00e6ngde<\/li>\n<li>Vejer 4,1 oz<\/li>\n<li>Kompatibel med RRS 1,5&#8243; Svalehale Standard<\/li>\n<li>Afrundede kanter<\/li>\n<li>Flere monteringspunkter<\/li>\n<li>Type 3 h\u00e5rd anodiseret 6061-T6 aluminium konstruktion<\/li>\n<li>Fremstillet i USA<\/li>\n<\/ul>\n<p>MLOK-hardware er ikke inkluderet.<\/p>\n<\/div>\n","protected":false},"excerpt":{"rendered":"<p>L\u00e5sende 12&#8243; ARCA-skinne til pr\u00e6cisionsrifler. MLOK-beslag medf\u00f8lger ikke.<\/p>\n","protected":false},"featured_media":114644,"template":"","meta":{"_acf_changed":false},"product_brand":[11042],"product_cat":[13139,13087,390],"product_tag":[],"class_list":{"0":"post-140140","1":"product","2":"type-product","3":"status-publish","4":"has-post-thumbnail","6":"product_brand-area-419","7":"product_cat-riffel","8":"product_cat-skinner","9":"product_cat-aiming","11":"first","12":"instock","13":"taxable","14":"shipping-taxable","15":"purchasable","16":"product-type-simple"},"acf":[],"_links":{"self":[{"href":"https:\/\/staging.nbg.eu\/da\/wp-json\/wp\/v2\/product\/140140","targetHints":{"allow":["GET"]}}],"collection":[{"href":"https:\/\/staging.nbg.eu\/da\/wp-json\/wp\/v2\/product"}],"about":[{"href":"https:\/\/staging.nbg.eu\/da\/wp-json\/wp\/v2\/types\/product"}],"wp:featuredmedia":[{"embeddable":true,"href":"https:\/\/staging.nbg.eu\/da\/wp-json\/wp\/v2\/media\/114644"}],"wp:attachment":[{"href":"https:\/\/staging.nbg.eu\/da\/wp-json\/wp\/v2\/media?parent=140140"}],"wp:term":[{"taxonomy":"product_brand","embeddable":true,"href":"https:\/\/staging.nbg.eu\/da\/wp-json\/wp\/v2\/product_brand?post=140140"},{"taxonomy":"product_cat","embeddable":true,"href":"https:\/\/staging.nbg.eu\/da\/wp-json\/wp\/v2\/product_cat?post=140140"},{"taxonomy":"product_tag","embeddable":true,"href":"https:\/\/staging.nbg.eu\/da\/wp-json\/wp\/v2\/product_tag?post=140140"}],"curies":[{"name":"wp","href":"https:\/\/api.w.org\/{rel}","templated":true}]}}