{"id":139824,"date":"2025-01-04T06:50:31","date_gmt":"2025-01-10T13:07:35","guid":{"rendered":"https:\/\/staging.nbg.eu\/product\/area-419-arcalock-6-m-lok-dovetail-rail\/"},"modified":"2025-06-16T18:03:00","modified_gmt":"2025-06-16T15:03:00","slug":"area-419-arcalock-6-m-lok-dovetail-skinne","status":"publish","type":"product","link":"https:\/\/staging.nbg.eu\/da\/vare\/area-419-arcalock-6-m-lok-dovetail-skinne\/","title":{"rendered":"Area 419 &#8211; ARCALOCK 6&#8243; M-LOK Dovetail Skinne"},"content":{"rendered":"<div class=\"product-description\">\n<h2>Area 419 &#8211; ARCALOCK 6&#8243; M-LOK Svalehaleskinne<\/h2>\n<p><strong>Bem\u00e6rk: Kr\u00e6ver 3 sammenh\u00e6ngende M-LOK slots til montering.<\/strong><\/p>\n<p>ARCALOCK Svalehaleskinne System. Denne 6&#8243; skinne har f\u00f8lgende egenskaber:<\/p>\n<ul>\n<li>Takkede sider til mekanisk l\u00e5sning med Area 419 klemmer<\/li>\n<li>Kompatibel med standard ARCA tilbeh\u00f8r<\/li>\n<li>Vejer 2,2 oz<\/li>\n<li>Overholder RRS 1,5&#8243; Svalehale Standard<\/li>\n<li>Affasede kanter og afrundede hj\u00f8rner<\/li>\n<li>Type 3 H\u00e5rd Coat anodiseret 6061-T6 Aluminium konstruktion<\/li>\n<li>Fremstillet i USA med indenlandske materialer<\/li>\n<\/ul>\n<p>Inkluderer alt n\u00f8dvendigt M-LOK monteringsudstyr.<\/p>\n<\/div>\n","protected":false},"excerpt":{"rendered":"<p>Sikker 6&#8243; M-LOK svaler\u00e6lsskinne med l\u00e5sende riller. Fremstillet i USA.<\/p>\n","protected":false},"featured_media":114257,"template":"","meta":{"_acf_changed":false},"product_brand":[11042],"product_cat":[13139,13087],"product_tag":[],"class_list":{"0":"post-139824","1":"product","2":"type-product","3":"status-publish","4":"has-post-thumbnail","6":"product_brand-area-419","7":"product_cat-riffel","8":"product_cat-skinner","10":"first","11":"instock","12":"taxable","13":"shipping-taxable","14":"purchasable","15":"product-type-variable","16":"wvs-archive-product-wrapper"},"acf":[],"_links":{"self":[{"href":"https:\/\/staging.nbg.eu\/da\/wp-json\/wp\/v2\/product\/139824","targetHints":{"allow":["GET"]}}],"collection":[{"href":"https:\/\/staging.nbg.eu\/da\/wp-json\/wp\/v2\/product"}],"about":[{"href":"https:\/\/staging.nbg.eu\/da\/wp-json\/wp\/v2\/types\/product"}],"wp:featuredmedia":[{"embeddable":true,"href":"https:\/\/staging.nbg.eu\/da\/wp-json\/wp\/v2\/media\/114257"}],"wp:attachment":[{"href":"https:\/\/staging.nbg.eu\/da\/wp-json\/wp\/v2\/media?parent=139824"}],"wp:term":[{"taxonomy":"product_brand","embeddable":true,"href":"https:\/\/staging.nbg.eu\/da\/wp-json\/wp\/v2\/product_brand?post=139824"},{"taxonomy":"product_cat","embeddable":true,"href":"https:\/\/staging.nbg.eu\/da\/wp-json\/wp\/v2\/product_cat?post=139824"},{"taxonomy":"product_tag","embeddable":true,"href":"https:\/\/staging.nbg.eu\/da\/wp-json\/wp\/v2\/product_tag?post=139824"}],"curies":[{"name":"wp","href":"https:\/\/api.w.org\/{rel}","templated":true}]}}