{"id":139290,"date":"2025-01-04T11:28:41","date_gmt":"2025-01-04T11:28:41","guid":{"rendered":"https:\/\/staging.nbg.eu\/product\/area-419-3-inch-stackable-drop-tube\/"},"modified":"2025-01-10T10:35:48","modified_gmt":"2025-01-10T10:35:48","slug":"area-419-3-tommer-stablerbart-fareror","status":"publish","type":"product","link":"https:\/\/staging.nbg.eu\/da\/vare\/area-419-3-tommer-stablerbart-fareror\/","title":{"rendered":"Area 419 &#8211; 3 Tommer Stablerbart Farer\u00f8r"},"content":{"rendered":"<h2>Area 419 &#8211; 7,62 cm Stabelbart Faldr\u00f8r<\/h2>\n<p>Area 419 7,62 cm Stabelbart Faldr\u00f8r er designet til brug med ekstruderet krudt og muligg\u00f8r fyldigere patronfyldning.<\/p>\n<h2>Hovedfunktioner:<\/h2>\n<ul>\n<li>Kompatibel med Area 419 Udskifteligt hoved krudttragtssystem<\/li>\n<li>7,62 cm l\u00e6ngde, stabelbar for tilpassede h\u00f8jder<\/li>\n<li>Accepterer kaliberspecifikke hoveder<\/li>\n<li>Fremstillet af solid 6061-T6 aluminium<\/li>\n<li>Type II Anodiseret overflade<\/li>\n<\/ul>\n<h2>Specifikationer:<\/h2>\n<ul>\n<li>V\u00e6gt: 90,7 g<\/li>\n<li>Dimensioner: 7,62 cm \u00d7 2,03 cm \u00d7 2,03 cm<\/li>\n<li>Producent: Area 419<\/li>\n<\/ul>\n<p>Dette faldr\u00f8r er designet til pr\u00e6cis patronfyldning.<\/p>\n","protected":false},"excerpt":{"rendered":"<p>Stakbar 3&#8243; pulverdr\u00e5ber\u00f8r til effektiv p\u00e5fyldning af patronhylstre. Aluminium.<\/p>\n","protected":false},"featured_media":119157,"template":"","meta":{"_acf_changed":false},"product_brand":[11042],"product_cat":[13135,13089],"product_tag":[],"class_list":{"0":"post-139290","1":"product","2":"type-product","3":"status-publish","4":"has-post-thumbnail","6":"product_brand-area-419","7":"product_cat-genladning","8":"product_cat-genladningstilbehor","10":"first","11":"outofstock","12":"taxable","13":"shipping-taxable","14":"purchasable","15":"product-type-simple"},"acf":[],"_links":{"self":[{"href":"https:\/\/staging.nbg.eu\/da\/wp-json\/wp\/v2\/product\/139290","targetHints":{"allow":["GET"]}}],"collection":[{"href":"https:\/\/staging.nbg.eu\/da\/wp-json\/wp\/v2\/product"}],"about":[{"href":"https:\/\/staging.nbg.eu\/da\/wp-json\/wp\/v2\/types\/product"}],"wp:featuredmedia":[{"embeddable":true,"href":"https:\/\/staging.nbg.eu\/da\/wp-json\/wp\/v2\/media\/119157"}],"wp:attachment":[{"href":"https:\/\/staging.nbg.eu\/da\/wp-json\/wp\/v2\/media?parent=139290"}],"wp:term":[{"taxonomy":"product_brand","embeddable":true,"href":"https:\/\/staging.nbg.eu\/da\/wp-json\/wp\/v2\/product_brand?post=139290"},{"taxonomy":"product_cat","embeddable":true,"href":"https:\/\/staging.nbg.eu\/da\/wp-json\/wp\/v2\/product_cat?post=139290"},{"taxonomy":"product_tag","embeddable":true,"href":"https:\/\/staging.nbg.eu\/da\/wp-json\/wp\/v2\/product_tag?post=139290"}],"curies":[{"name":"wp","href":"https:\/\/api.w.org\/{rel}","templated":true}]}}