{"id":139165,"date":"2025-01-04T11:14:34","date_gmt":"2025-01-04T11:14:34","guid":{"rendered":"https:\/\/staging.nbg.eu\/product\/fixed-scope-level-for-area-419-rings-and-mounts\/"},"modified":"2025-01-10T10:27:29","modified_gmt":"2025-01-10T10:27:29","slug":"fast-vaterpasmontering-til-area-419-ringe-og-beslag","status":"publish","type":"product","link":"https:\/\/staging.nbg.eu\/da\/vare\/fast-vaterpasmontering-til-area-419-ringe-og-beslag\/","title":{"rendered":"Fast Vaterpasmontering til Area 419 Ringe og Beslag"},"content":{"rendered":"<div class=\"product-description\">\n<h2>Fast vaterpas til Area 419 ringe og beslag<\/h2>\n<p>Dette faste vaterpas er designet til synlighed og gentagelighed og har f\u00f8lgende egenskaber:<\/p>\n<ul>\n<li>Synlig libelle for nem afl\u00e6sning<\/li>\n<li>Fleksibelt design kompatibelt med flere monteringspunkter<\/li>\n<li>Fremstillet af 6061 aluminium<\/li>\n<li>Produceret i USA<\/li>\n<\/ul>\n<p>Egnet til skytter, der kr\u00e6ver n\u00f8jagtighed. Kan monteres p\u00e5 vores ringe og beslag efter \u00f8nske.<\/p>\n<h3>Specifikationer:<\/h3>\n<ul>\n<li>V\u00e6gt: 0,23 kg<\/li>\n<li>M\u00e5l: 15,24 \u00d7 10,16 \u00d7 2,54 cm<\/li>\n<\/ul>\n<p>Vores faste vaterpas kombinerer enkelhed og pr\u00e6cision.<\/p>\n<\/div>\n","protected":false},"excerpt":{"rendered":"<p>&#8220;Synlig, gentagelig vaterpas. Fremstillet af aluminium i USA. Alsidig montering.&#8221;<\/p>\n","protected":false},"featured_media":118915,"template":"","meta":{"_acf_changed":false},"product_brand":[11042],"product_cat":[13115,13072],"product_tag":[],"class_list":{"0":"post-139165","1":"product","2":"type-product","3":"status-publish","4":"has-post-thumbnail","6":"product_brand-area-419","7":"product_cat-sigte","8":"product_cat-sigtetilbehor","10":"first","11":"instock","12":"taxable","13":"shipping-taxable","14":"purchasable","15":"product-type-simple"},"acf":[],"_links":{"self":[{"href":"https:\/\/staging.nbg.eu\/da\/wp-json\/wp\/v2\/product\/139165","targetHints":{"allow":["GET"]}}],"collection":[{"href":"https:\/\/staging.nbg.eu\/da\/wp-json\/wp\/v2\/product"}],"about":[{"href":"https:\/\/staging.nbg.eu\/da\/wp-json\/wp\/v2\/types\/product"}],"wp:featuredmedia":[{"embeddable":true,"href":"https:\/\/staging.nbg.eu\/da\/wp-json\/wp\/v2\/media\/118915"}],"wp:attachment":[{"href":"https:\/\/staging.nbg.eu\/da\/wp-json\/wp\/v2\/media?parent=139165"}],"wp:term":[{"taxonomy":"product_brand","embeddable":true,"href":"https:\/\/staging.nbg.eu\/da\/wp-json\/wp\/v2\/product_brand?post=139165"},{"taxonomy":"product_cat","embeddable":true,"href":"https:\/\/staging.nbg.eu\/da\/wp-json\/wp\/v2\/product_cat?post=139165"},{"taxonomy":"product_tag","embeddable":true,"href":"https:\/\/staging.nbg.eu\/da\/wp-json\/wp\/v2\/product_tag?post=139165"}],"curies":[{"name":"wp","href":"https:\/\/api.w.org\/{rel}","templated":true}]}}