{"id":138304,"date":"2025-01-04T04:14:08","date_gmt":"2025-01-09T20:33:48","guid":{"rendered":"https:\/\/staging.nbg.eu\/product\/area-419-remington-700-long-action-improved-scope-rail-isr-la\/"},"modified":"2025-01-09T20:36:13","modified_gmt":"2025-01-09T20:36:13","slug":"area-419-remington-700-long-action-forbedret-sigtemontage-isr-la","status":"publish","type":"product","link":"https:\/\/staging.nbg.eu\/da\/vare\/area-419-remington-700-long-action-forbedret-sigtemontage-isr-la\/","title":{"rendered":"Area 419 &#8211; Remington 700 Long Action Forbedret Sigtemontage (ISR-LA)"},"content":{"rendered":"<div class=\"product-description\">\n<h2>Area 419 &#8211; Remington 700 Lang Aktion Forbedret Sigteramme (ISR-LA)<\/h2>\n<p>Area 419 ISR-LA sigteramme. Fremstillet af 7075 aluminium med f\u00f8lgende egenskaber:<\/p>\n<ul>\n<li>Integreret rekylplade for \u00f8get stabilitet<\/li>\n<li>F\u00e5s i fuldt rillet og ARC Top design<\/li>\n<li>Kompatibel med #6 og #8 skruer<\/li>\n<li>20 MOA vinkel<\/li>\n<li>MIL-STD-1913 kompatibel<\/li>\n<li>Type III h\u00e5rdanodiseret sort finish<\/li>\n<\/ul>\n<p>Inkluderer monteringsudstyr og Torx T10 n\u00f8gle. V\u00e6lg mellem fuldt rillet for universel kompatibilitet eller ARC Top for et unikt udseende. Dimensioner: 21 cm \u00d7 2,54 cm \u00d7 2,54 cm, V\u00e6gt: 91 gram.<\/p>\n<\/div>\n","protected":false},"excerpt":{"rendered":"<p>Pr\u00e6cisionskonstrueret 20 MOA sigteskinne til Remington 700 LA-rifler.<\/p>\n","protected":false},"featured_media":111599,"template":"","meta":{"_acf_changed":false},"product_brand":[11042],"product_cat":[13139,13087],"product_tag":[],"class_list":{"0":"post-138304","1":"product","2":"type-product","3":"status-publish","4":"has-post-thumbnail","6":"product_brand-area-419","7":"product_cat-riffel","8":"product_cat-skinner","10":"first","11":"instock","12":"taxable","13":"shipping-taxable","14":"purchasable","15":"product-type-variable","16":"wvs-archive-product-wrapper"},"acf":[],"_links":{"self":[{"href":"https:\/\/staging.nbg.eu\/da\/wp-json\/wp\/v2\/product\/138304","targetHints":{"allow":["GET"]}}],"collection":[{"href":"https:\/\/staging.nbg.eu\/da\/wp-json\/wp\/v2\/product"}],"about":[{"href":"https:\/\/staging.nbg.eu\/da\/wp-json\/wp\/v2\/types\/product"}],"wp:featuredmedia":[{"embeddable":true,"href":"https:\/\/staging.nbg.eu\/da\/wp-json\/wp\/v2\/media\/111599"}],"wp:attachment":[{"href":"https:\/\/staging.nbg.eu\/da\/wp-json\/wp\/v2\/media?parent=138304"}],"wp:term":[{"taxonomy":"product_brand","embeddable":true,"href":"https:\/\/staging.nbg.eu\/da\/wp-json\/wp\/v2\/product_brand?post=138304"},{"taxonomy":"product_cat","embeddable":true,"href":"https:\/\/staging.nbg.eu\/da\/wp-json\/wp\/v2\/product_cat?post=138304"},{"taxonomy":"product_tag","embeddable":true,"href":"https:\/\/staging.nbg.eu\/da\/wp-json\/wp\/v2\/product_tag?post=138304"}],"curies":[{"name":"wp","href":"https:\/\/api.w.org\/{rel}","templated":true}]}}