{"id":137764,"date":"2025-01-04T10:53:28","date_gmt":"2025-01-04T10:53:28","guid":{"rendered":"https:\/\/staging.nbg.eu\/product\/area-419-harris-bipod-adapter\/"},"modified":"2025-01-09T15:57:36","modified_gmt":"2025-01-09T15:57:36","slug":"area-419-harris-bipod-adapter","status":"publish","type":"product","link":"https:\/\/staging.nbg.eu\/da\/vare\/area-419-harris-bipod-adapter\/","title":{"rendered":"Area 419 &#8211; Harris Bipod Adapter"},"content":{"rendered":"<div class=\"product-description\">\n<h2>Area 419 &#8211; Harris Bipod Adapter<\/h2>\n<p>Area 419 Adapter til Harris Swiveling Bipod, designet til &#8220;S&#8221; (Swivel) type Harris Bipods. Denne adapter g\u00f8r det muligt at montere din bipod p\u00e5 ARCALOCK Clamp Bases eller Atlas Bipod skinneadaptere.<\/p>\n<ul>\n<li>Erstatter den originale drejeknapmonterings platform<\/li>\n<li>Kompatibel med fabrikssp\u00e6ndingsskrue eller KMW Pod Loc<\/li>\n<li>Fremstillet af 6061-T6 aluminium<\/li>\n<li>Type III Sort Hardcoat Anodiseret finish<\/li>\n<li>Vejer 0,09 kg<\/li>\n<li>M\u00e5l: 3,81 \u00d7 3,81 \u00d7 3,81 cm<\/li>\n<\/ul>\n<p><strong>Bem\u00e6rk:<\/strong> Bipod og klemme medf\u00f8lger ikke. Ikke kompatibel med Barricade Stop.<\/p>\n<\/div>\n","protected":false},"excerpt":{"rendered":"<p>Tilpas Harris svingbare tof\u00f8dder til ARCALOCK- eller Atlas-skinnersystemer.<\/p>\n","protected":false},"featured_media":117887,"template":"","meta":{"_acf_changed":false},"product_brand":[11042],"product_cat":[13139,13087,13132],"product_tag":[],"class_list":{"0":"post-137764","1":"product","2":"type-product","3":"status-publish","4":"has-post-thumbnail","6":"product_brand-area-419","7":"product_cat-riffel","8":"product_cat-skinner","9":"product_cat-tobensstotter","11":"first","12":"outofstock","13":"taxable","14":"shipping-taxable","15":"purchasable","16":"product-type-simple"},"acf":[],"_links":{"self":[{"href":"https:\/\/staging.nbg.eu\/da\/wp-json\/wp\/v2\/product\/137764","targetHints":{"allow":["GET"]}}],"collection":[{"href":"https:\/\/staging.nbg.eu\/da\/wp-json\/wp\/v2\/product"}],"about":[{"href":"https:\/\/staging.nbg.eu\/da\/wp-json\/wp\/v2\/types\/product"}],"wp:featuredmedia":[{"embeddable":true,"href":"https:\/\/staging.nbg.eu\/da\/wp-json\/wp\/v2\/media\/117887"}],"wp:attachment":[{"href":"https:\/\/staging.nbg.eu\/da\/wp-json\/wp\/v2\/media?parent=137764"}],"wp:term":[{"taxonomy":"product_brand","embeddable":true,"href":"https:\/\/staging.nbg.eu\/da\/wp-json\/wp\/v2\/product_brand?post=137764"},{"taxonomy":"product_cat","embeddable":true,"href":"https:\/\/staging.nbg.eu\/da\/wp-json\/wp\/v2\/product_cat?post=137764"},{"taxonomy":"product_tag","embeddable":true,"href":"https:\/\/staging.nbg.eu\/da\/wp-json\/wp\/v2\/product_tag?post=137764"}],"curies":[{"name":"wp","href":"https:\/\/api.w.org\/{rel}","templated":true}]}}