{"id":136548,"date":"2024-11-26T10:16:42","date_gmt":"2024-11-26T10:16:42","guid":{"rendered":"https:\/\/staging.nbg.eu\/product\/geissele-alg-defense-barrel-nut-wrench\/"},"modified":"2025-01-09T09:20:25","modified_gmt":"2025-01-09T09:20:25","slug":"geissele-alg-defense-lobsmotriknogle","status":"publish","type":"product","link":"https:\/\/staging.nbg.eu\/da\/vare\/geissele-alg-defense-lobsmotriknogle\/","title":{"rendered":"Geissele ALG Defense L\u00f8bsm\u00f8trikn\u00f8gle"},"content":{"rendered":"<div class=\"product-description\">\n<h2>ALG Defense L\u00f8bsm\u00f8trikn\u00f8gle<\/h2>\n<p>ALG Defense L\u00f8bsm\u00f8trikn\u00f8gle er et v\u00e6rkt\u00f8j til v\u00e5benentusiaster og v\u00e5bensmede. Denne n\u00f8gle giver dig mulighed for at:<\/p>\n<ul>\n<li>P\u00e5f\u00f8re korrekt moment til din l\u00f8bsm\u00f8trik<\/li>\n<li>Indeksere l\u00f8bsm\u00f8trikken til gasr\u00f8ret samtidigt<\/li>\n<li>Samle ALG Defense skinnesystemer uden momentn\u00f8gle<\/li>\n<\/ul>\n<p>Denne n\u00f8gle er fremstillet med fokus p\u00e5 pr\u00e6cision og holdbarhed og forenkler installationsprocessen. Dens design sikrer konsistente resultater hver gang og er en nyttig tilf\u00f8jelse til dit v\u00e6rkt\u00f8jss\u00e6t.<\/p>\n<p>ALG Defense L\u00f8bsm\u00f8trikn\u00f8gle er et redskab til samling og vedligeholdelse af skydev\u00e5ben.<\/p>\n<\/div>\n","protected":false},"excerpt":{"rendered":"<p>ALG Defense l\u00f8bsm\u00f8trikn\u00f8gle: Nem momentstramning og indeksering, ingen ekstra udstyr n\u00f8dvendigt.<\/p>\n","protected":false},"featured_media":81234,"template":"","meta":{"_acf_changed":false},"product_brand":[11380],"product_cat":[13088],"product_tag":[],"class_list":{"0":"post-136548","1":"product","2":"type-product","3":"status-publish","4":"has-post-thumbnail","6":"product_brand-geissele","7":"product_cat-riffel-tuning","9":"first","10":"instock","11":"taxable","12":"shipping-taxable","13":"product-type-simple"},"acf":[],"_links":{"self":[{"href":"https:\/\/staging.nbg.eu\/da\/wp-json\/wp\/v2\/product\/136548","targetHints":{"allow":["GET"]}}],"collection":[{"href":"https:\/\/staging.nbg.eu\/da\/wp-json\/wp\/v2\/product"}],"about":[{"href":"https:\/\/staging.nbg.eu\/da\/wp-json\/wp\/v2\/types\/product"}],"wp:featuredmedia":[{"embeddable":true,"href":"https:\/\/staging.nbg.eu\/da\/wp-json\/wp\/v2\/media\/81234"}],"wp:attachment":[{"href":"https:\/\/staging.nbg.eu\/da\/wp-json\/wp\/v2\/media?parent=136548"}],"wp:term":[{"taxonomy":"product_brand","embeddable":true,"href":"https:\/\/staging.nbg.eu\/da\/wp-json\/wp\/v2\/product_brand?post=136548"},{"taxonomy":"product_cat","embeddable":true,"href":"https:\/\/staging.nbg.eu\/da\/wp-json\/wp\/v2\/product_cat?post=136548"},{"taxonomy":"product_tag","embeddable":true,"href":"https:\/\/staging.nbg.eu\/da\/wp-json\/wp\/v2\/product_tag?post=136548"}],"curies":[{"name":"wp","href":"https:\/\/api.w.org\/{rel}","templated":true}]}}