{"id":134756,"date":"2024-11-26T10:13:16","date_gmt":"2024-11-26T10:13:16","guid":{"rendered":"https:\/\/staging.nbg.eu\/product\/geissele-ak-high-energy-main-spring\/"},"modified":"2025-01-08T18:59:54","modified_gmt":"2025-01-08T18:59:54","slug":"geissele-ak-hojenergifjedder-til-hovedmekanisme","status":"publish","type":"product","link":"https:\/\/staging.nbg.eu\/da\/vare\/geissele-ak-hojenergifjedder-til-hovedmekanisme\/","title":{"rendered":"Geissele AK H\u00f8jenergifjedder til Hovedmekanisme"},"content":{"rendered":"<div class=\"product-description\">\n<h2>Geissele AK Hovedfjeder med H\u00f8j Energi<\/h2>\n<p>Forbedre din AK47\/74-riffel med Geissele AK Hovedfjeder med H\u00f8j Energi. Denne erstatningsfjeder tilbyder:<\/p>\n<ul>\n<li>Krom-silicium enkelt-tr\u00e5ds konstruktion<\/li>\n<li>Fremstillet efter ASTM A401 specifikationer<\/li>\n<li>25% mere drejningsmoment end standard fabriksfjedre<\/li>\n<li>Reduceret l\u00e5setid for forbedret skydehastighed<\/li>\n<li>\u00d8get konsistens i t\u00e6ndsatant\u00e6ndelse<\/li>\n<\/ul>\n<p>Opgrad\u00e9r din AK&#8217;s p\u00e5lidelighed og reaktionsevne med denne fjeder. Geissele AK Hovedfjeder med H\u00f8j Energi leverer forbedret ydeevne og konsistens skud efter skud.<\/p>\n<\/div>\n","protected":false},"excerpt":{"rendered":"<p>For\u00f8g ydelsen af din AK47\/74 med denne h\u00f8j-energi udskiftningsfjeder.<\/p>\n","protected":false},"featured_media":81141,"template":"","meta":{"_acf_changed":false},"product_brand":[11380],"product_cat":[13073],"product_tag":[],"class_list":{"0":"post-134756","1":"product","2":"type-product","3":"status-publish","4":"has-post-thumbnail","6":"product_brand-geissele","7":"product_cat-ak-tuning","9":"first","10":"instock","11":"taxable","12":"shipping-taxable","13":"product-type-simple"},"acf":[],"_links":{"self":[{"href":"https:\/\/staging.nbg.eu\/da\/wp-json\/wp\/v2\/product\/134756","targetHints":{"allow":["GET"]}}],"collection":[{"href":"https:\/\/staging.nbg.eu\/da\/wp-json\/wp\/v2\/product"}],"about":[{"href":"https:\/\/staging.nbg.eu\/da\/wp-json\/wp\/v2\/types\/product"}],"wp:featuredmedia":[{"embeddable":true,"href":"https:\/\/staging.nbg.eu\/da\/wp-json\/wp\/v2\/media\/81141"}],"wp:attachment":[{"href":"https:\/\/staging.nbg.eu\/da\/wp-json\/wp\/v2\/media?parent=134756"}],"wp:term":[{"taxonomy":"product_brand","embeddable":true,"href":"https:\/\/staging.nbg.eu\/da\/wp-json\/wp\/v2\/product_brand?post=134756"},{"taxonomy":"product_cat","embeddable":true,"href":"https:\/\/staging.nbg.eu\/da\/wp-json\/wp\/v2\/product_cat?post=134756"},{"taxonomy":"product_tag","embeddable":true,"href":"https:\/\/staging.nbg.eu\/da\/wp-json\/wp\/v2\/product_tag?post=134756"}],"curies":[{"name":"wp","href":"https:\/\/api.w.org\/{rel}","templated":true}]}}