{"id":134623,"date":"2024-11-04T19:18:31","date_gmt":"2025-01-08T18:09:23","guid":{"rendered":"https:\/\/staging.nbg.eu\/product\/tinck-arms-semi-automatic-carbine-perun-x17-12-5\/"},"modified":"2025-01-08T18:10:40","modified_gmt":"2025-01-08T18:10:40","slug":"tinck-arms-halvautomatisk-karabin-perun-x17-125","status":"publish","type":"product","link":"https:\/\/staging.nbg.eu\/da\/vare\/tinck-arms-halvautomatisk-karabin-perun-x17-125\/","title":{"rendered":"# Tinck Arms halvautomatisk karabin Perun X17 &#8211; 12,5&#8243;"},"content":{"rendered":"<div class=\"product-description\">\n<h2>Tinck Arms Perun X17 &#8211; 12,5&#8243; Halvautomatisk Karabin<\/h2>\n<p>Perun X17 er en halvautomatisk karabin baseret p\u00e5 AR10-systemet. Den er designet til sportsskytter, politi og milit\u00e6r. Den har patenteret teknologi for p\u00e5lidelighed og nem vedligeholdelse.<\/p>\n<h2>Hovedfunktioner:<\/h2>\n<ul>\n<li>Balance og h\u00e5ndtering for pr\u00e6cision ved hurtig skydning<\/li>\n<li>Reducerer tr\u00e6thed ved l\u00e6ngere tids brug<\/li>\n<li>Kompatibel med AR10-platformsdele<\/li>\n<li>Ambidekstr\u00f8se betjeningselementer<\/li>\n<li>Hybrid direkte impingement og kort-slag stempel driftssystem<\/li>\n<\/ul>\n<h2>Tekniske specifikationer:<\/h2>\n<ul>\n<li>Kaliber: 7,62x51mm NATO (.308 Win) eller 6,5 Creedmoor<\/li>\n<li>Funktion: Halvautomatisk<\/li>\n<li>L\u00f8bsl\u00e6ngde: 12,5&#8243; (Standard AR10-l\u00f8b)<\/li>\n<li>Riffelgang: 1:12&#8243;<\/li>\n<li>Samlet l\u00e6ngde: 23,8&#8243; (605mm) sammenfoldet \/ 40,9&#8243; (1040mm) udstrakt<\/li>\n<li>Bredde: 2,2&#8243; (56mm) inklusive ladegreb, 2,5&#8243; (64mm) total<\/li>\n<li>H\u00f8jde: 8,3&#8243; (210mm) med 10-skuds magasin<\/li>\n<li>V\u00e6gt: 8,15 lbs (3,7kg) med 20-skuds magasin<\/li>\n<li>Sigtel\u00e6ngde: 11,8&#8243; (300mm) \/ 13,4&#8243; (340mm)<\/li>\n<\/ul>\n<h2>Yderligere funktioner:<\/h2>\n<ul>\n<li>Integreret 3-kammer mundingsbremse med 5\/8&#215;24 gevind til lydd\u00e6mper<\/li>\n<li>1+3 NAR-skinner til tilbeh\u00f8r<\/li>\n<li>Ikke-reciprokerende ladegreb<\/li>\n<li>Kompatibel med 10, 20 og 25-skuds polymermagasiner<\/li>\n<li>Masada foldesk\u00e6fte eller MFT-sk\u00e6fte p\u00e5 AR-15 buffertube<\/li>\n<li>Flip-up n\u00f8dsigter inkluderet<\/li>\n<\/ul>\n<p>Perun X17 er designet til konkurrenceskytter, politi og milit\u00e6r. Den leveres med et magasin (10, 20 eller 25 skud) og en brugermanual.<\/p>\n<\/div>\n","protected":false},"excerpt":{"rendered":"<p>Alsidig 7,62 mm karbin med 31,75 cm l\u00f8b, j\u00e6vn skydning og AR10-kompatibilitet.<\/p>\n","protected":false},"featured_media":77480,"template":"","meta":{"_acf_changed":false},"product_brand":[11909],"product_cat":[13136,13139],"product_tag":[],"class_list":{"0":"post-134623","1":"product","2":"type-product","3":"status-publish","4":"has-post-thumbnail","6":"product_brand-tinck-arms","7":"product_cat-karabiner","8":"product_cat-riffel","10":"first","11":"instock","12":"taxable","13":"shipping-taxable","14":"purchasable","15":"product-type-simple"},"acf":[],"_links":{"self":[{"href":"https:\/\/staging.nbg.eu\/da\/wp-json\/wp\/v2\/product\/134623","targetHints":{"allow":["GET"]}}],"collection":[{"href":"https:\/\/staging.nbg.eu\/da\/wp-json\/wp\/v2\/product"}],"about":[{"href":"https:\/\/staging.nbg.eu\/da\/wp-json\/wp\/v2\/types\/product"}],"wp:featuredmedia":[{"embeddable":true,"href":"https:\/\/staging.nbg.eu\/da\/wp-json\/wp\/v2\/media\/77480"}],"wp:attachment":[{"href":"https:\/\/staging.nbg.eu\/da\/wp-json\/wp\/v2\/media?parent=134623"}],"wp:term":[{"taxonomy":"product_brand","embeddable":true,"href":"https:\/\/staging.nbg.eu\/da\/wp-json\/wp\/v2\/product_brand?post=134623"},{"taxonomy":"product_cat","embeddable":true,"href":"https:\/\/staging.nbg.eu\/da\/wp-json\/wp\/v2\/product_cat?post=134623"},{"taxonomy":"product_tag","embeddable":true,"href":"https:\/\/staging.nbg.eu\/da\/wp-json\/wp\/v2\/product_tag?post=134623"}],"curies":[{"name":"wp","href":"https:\/\/api.w.org\/{rel}","templated":true}]}}