{"id":134498,"date":"2024-11-26T10:10:26","date_gmt":"2025-01-08T17:59:46","guid":{"rendered":"https:\/\/staging.nbg.eu\/product\/geissele-ak-braided-spring\/"},"modified":"2025-01-08T18:01:50","modified_gmt":"2025-01-08T18:01:50","slug":"geissele-ak-flettet-fjeder","status":"publish","type":"product","link":"https:\/\/staging.nbg.eu\/da\/vare\/geissele-ak-flettet-fjeder\/","title":{"rendered":"Geissele AK Flettet Fjeder"},"content":{"rendered":"<div class=\"product-description\">\n<h2>Geissele AK Flettet Fjeder<\/h2>\n<p>Udskift din AK47\/74 platforms riffel med ALG AK Flettet Hovedfjeder, en erstatning for din standard rekylfjeder. Denne fjeder er fremstillet i USA og har f\u00f8lgende egenskaber:<\/p>\n<ul>\n<li>Tre tr\u00e5de af musikwire<\/li>\n<li>Flettet konstruktion for holdbarhed<\/li>\n<li>Forbedret cyklus og p\u00e5lidelighed<\/li>\n<li>Kompatibel med AK47 og AK74 varianter<\/li>\n<\/ul>\n<p>Denne fjeder giver j\u00e6vnere funktion og konsistent ydelse. Den flettede konstruktion giver l\u00e6ngere levetid sammenlignet med traditionelle enkelt-tr\u00e5ds fjedre. Dette tilbeh\u00f8r kan forbedre din riffels funktionalitet.<\/p>\n<\/div>\n","protected":false},"excerpt":{"rendered":"<p>Forbedr AK47\/74-ydeevnen med en USA-fremstillet, flettet hovedfjeder.<\/p>\n","protected":false},"featured_media":81094,"template":"","meta":{"_acf_changed":false},"product_brand":[11380],"product_cat":[13073],"product_tag":[],"class_list":{"0":"post-134498","1":"product","2":"type-product","3":"status-publish","4":"has-post-thumbnail","6":"product_brand-geissele","7":"product_cat-ak-tuning","9":"first","10":"instock","11":"taxable","12":"shipping-taxable","13":"product-type-simple"},"acf":[],"_links":{"self":[{"href":"https:\/\/staging.nbg.eu\/da\/wp-json\/wp\/v2\/product\/134498","targetHints":{"allow":["GET"]}}],"collection":[{"href":"https:\/\/staging.nbg.eu\/da\/wp-json\/wp\/v2\/product"}],"about":[{"href":"https:\/\/staging.nbg.eu\/da\/wp-json\/wp\/v2\/types\/product"}],"wp:featuredmedia":[{"embeddable":true,"href":"https:\/\/staging.nbg.eu\/da\/wp-json\/wp\/v2\/media\/81094"}],"wp:attachment":[{"href":"https:\/\/staging.nbg.eu\/da\/wp-json\/wp\/v2\/media?parent=134498"}],"wp:term":[{"taxonomy":"product_brand","embeddable":true,"href":"https:\/\/staging.nbg.eu\/da\/wp-json\/wp\/v2\/product_brand?post=134498"},{"taxonomy":"product_cat","embeddable":true,"href":"https:\/\/staging.nbg.eu\/da\/wp-json\/wp\/v2\/product_cat?post=134498"},{"taxonomy":"product_tag","embeddable":true,"href":"https:\/\/staging.nbg.eu\/da\/wp-json\/wp\/v2\/product_tag?post=134498"}],"curies":[{"name":"wp","href":"https:\/\/api.w.org\/{rel}","templated":true}]}}