{"id":134067,"date":"2024-11-27T16:45:20","date_gmt":"2025-01-08T17:17:01","guid":{"rendered":"https:\/\/staging.nbg.eu\/product\/area-419-remington-700-short-action-improved-scope-rail-isr-sa\/"},"modified":"2025-01-08T17:19:13","modified_gmt":"2025-01-08T17:19:13","slug":"area-419-remington-700-short-action-forbedret-kikkertskinnne-isr-sa","status":"publish","type":"product","link":"https:\/\/staging.nbg.eu\/da\/vare\/area-419-remington-700-short-action-forbedret-kikkertskinnne-isr-sa\/","title":{"rendered":"Area 419 &#8211; Remington 700 Short Action Forbedret Kikkertskinnne (ISR-SA)"},"content":{"rendered":"<div class=\"product-description\">\n<h2>Area 419 &#8211; Remington 700 kort aktion forbedret sigteskinne (ISR-SA)<\/h2>\n<p>Area 419 ISR-SA er en sigteskinne til Remington 700 kort aktion rifler. Fremstillet af 7075 aluminium med f\u00f8lgende egenskaber:<\/p>\n<ul>\n<li>Integreret fr\u00e6set rekylstop for \u00f8get stabilitet<\/li>\n<li>F\u00e5s i fuld slottet og ARC Top versioner<\/li>\n<li>Kompatibel med #6 og #8 skruer (medf\u00f8lger)<\/li>\n<li>1:1 overfladefr\u00e6sning for pr\u00e6cis pasform<\/li>\n<li>MIL-STD-1913 kompatibel<\/li>\n<li>Type III h\u00e5rdanodiseret sort overflade<\/li>\n<li>Udsk\u00e6ring ved udkasterport for nem topladning<\/li>\n<\/ul>\n<p>V\u00e6lg mellem 20 MOA og 30 MOA muligheder. V\u00e6gt: 0,09 kg. M\u00e5l: 21 \u00d7 2,5 \u00d7 2,5 cm. Til Remington 700.<\/p>\n<\/div>\n","protected":false},"excerpt":{"rendered":"<p>Pr\u00e6cisionsfremstillet 7075 Al-kikkertmontage til Remington 700 SA<\/p>\n","protected":false},"featured_media":108098,"template":"","meta":{"_acf_changed":false},"product_brand":[11042],"product_cat":[13139,13087],"product_tag":[],"class_list":{"0":"post-134067","1":"product","2":"type-product","3":"status-publish","4":"has-post-thumbnail","6":"product_brand-area-419","7":"product_cat-riffel","8":"product_cat-skinner","10":"first","11":"instock","12":"taxable","13":"shipping-taxable","14":"purchasable","15":"product-type-variable","16":"wvs-archive-product-wrapper"},"acf":[],"_links":{"self":[{"href":"https:\/\/staging.nbg.eu\/da\/wp-json\/wp\/v2\/product\/134067","targetHints":{"allow":["GET"]}}],"collection":[{"href":"https:\/\/staging.nbg.eu\/da\/wp-json\/wp\/v2\/product"}],"about":[{"href":"https:\/\/staging.nbg.eu\/da\/wp-json\/wp\/v2\/types\/product"}],"wp:featuredmedia":[{"embeddable":true,"href":"https:\/\/staging.nbg.eu\/da\/wp-json\/wp\/v2\/media\/108098"}],"wp:attachment":[{"href":"https:\/\/staging.nbg.eu\/da\/wp-json\/wp\/v2\/media?parent=134067"}],"wp:term":[{"taxonomy":"product_brand","embeddable":true,"href":"https:\/\/staging.nbg.eu\/da\/wp-json\/wp\/v2\/product_brand?post=134067"},{"taxonomy":"product_cat","embeddable":true,"href":"https:\/\/staging.nbg.eu\/da\/wp-json\/wp\/v2\/product_cat?post=134067"},{"taxonomy":"product_tag","embeddable":true,"href":"https:\/\/staging.nbg.eu\/da\/wp-json\/wp\/v2\/product_tag?post=134067"}],"curies":[{"name":"wp","href":"https:\/\/api.w.org\/{rel}","templated":true}]}}