{"id":130777,"date":"2025-01-01T20:50:51","date_gmt":"2025-01-07T14:15:35","guid":{"rendered":"https:\/\/staging.nbg.eu\/product\/low-profile-red-dot-plates-for-area-419-tactical-mounts\/"},"modified":"2025-01-07T14:17:53","modified_gmt":"2025-01-07T14:17:53","slug":"lav-profil-red-dot-plader-til-area-419-tactical-monteringer","status":"publish","type":"product","link":"https:\/\/staging.nbg.eu\/da\/vare\/lav-profil-red-dot-plader-til-area-419-tactical-monteringer\/","title":{"rendered":"Lav-Profil Red-Dot Plader til Area 419 Tactical Monteringer"},"content":{"rendered":"<div class=\"product-description\">\n<h2>Lavprofil r\u00f8dpunktplader til Area 419 taktiske beslag<\/h2>\n<p>Lavprofil r\u00f8dpunktplader designet til Area 419 taktiske beslag. Disse CNC-fr\u00e6sede plader har f\u00f8lgende egenskaber:<\/p>\n<ul>\n<li>Type III h\u00e5rdanodiseret sort finish<\/li>\n<li>Integrerede monteringsskruer for nem installation<\/li>\n<li>Fremstillet i USA af 7075 aluminium<\/li>\n<li>Patentanmeldt dobbelt konisk montering for sikker fastg\u00f8relse<\/li>\n<li>Holdbarhed og stivhed for forbedret nulstilling<\/li>\n<\/ul>\n<p>F\u00e5s i RMR, ACRO og DPP st\u00f8rrelser, kompatible med mange popul\u00e6re sigter. Vejer 0,11 kg, og m\u00e5ler 15,2 cm \u00d7 10,2 cm \u00d7 2,5 cm.<\/p>\n<p>R\u00f8dpunktplader til Area 419 taktiske beslag.<\/p>\n<\/div>\n","protected":false},"excerpt":{"rendered":"<p>Sikre, alsidige red-dot plader til Area 419 taktiske beslag.<\/p>\n","protected":false},"featured_media":108992,"template":"","meta":{"_acf_changed":false},"product_brand":[11042],"product_cat":[13115,13072],"product_tag":[],"class_list":{"0":"post-130777","1":"product","2":"type-product","3":"status-publish","4":"has-post-thumbnail","6":"product_brand-area-419","7":"product_cat-sigte","8":"product_cat-sigtetilbehor","10":"first","11":"instock","12":"taxable","13":"shipping-taxable","14":"purchasable","15":"product-type-variable","16":"wvs-archive-product-wrapper"},"acf":[],"_links":{"self":[{"href":"https:\/\/staging.nbg.eu\/da\/wp-json\/wp\/v2\/product\/130777","targetHints":{"allow":["GET"]}}],"collection":[{"href":"https:\/\/staging.nbg.eu\/da\/wp-json\/wp\/v2\/product"}],"about":[{"href":"https:\/\/staging.nbg.eu\/da\/wp-json\/wp\/v2\/types\/product"}],"wp:featuredmedia":[{"embeddable":true,"href":"https:\/\/staging.nbg.eu\/da\/wp-json\/wp\/v2\/media\/108992"}],"wp:attachment":[{"href":"https:\/\/staging.nbg.eu\/da\/wp-json\/wp\/v2\/media?parent=130777"}],"wp:term":[{"taxonomy":"product_brand","embeddable":true,"href":"https:\/\/staging.nbg.eu\/da\/wp-json\/wp\/v2\/product_brand?post=130777"},{"taxonomy":"product_cat","embeddable":true,"href":"https:\/\/staging.nbg.eu\/da\/wp-json\/wp\/v2\/product_cat?post=130777"},{"taxonomy":"product_tag","embeddable":true,"href":"https:\/\/staging.nbg.eu\/da\/wp-json\/wp\/v2\/product_tag?post=130777"}],"curies":[{"name":"wp","href":"https:\/\/api.w.org\/{rel}","templated":true}]}}