{"id":130596,"date":"2024-11-02T06:44:40","date_gmt":"2025-01-07T14:07:49","guid":{"rendered":"https:\/\/staging.nbg.eu\/product\/sons-of-liberty-gun-worksar-15-castle-nuts\/"},"modified":"2025-01-07T14:09:45","modified_gmt":"2025-01-07T14:09:45","slug":"sons-of-liberty-gun-works-ar-15-castle-motrikker","status":"publish","type":"product","link":"https:\/\/staging.nbg.eu\/da\/vare\/sons-of-liberty-gun-works-ar-15-castle-motrikker\/","title":{"rendered":"SONS OF LIBERTY GUN WORKS AR-15 Castle M\u00f8trikker"},"content":{"rendered":"<div class=\"product-description\">\n<h2>SONS OF LIBERTY GUN WORKS AR-15 L\u00e5sem\u00f8trikker<\/h2>\n<p>SONS OF LIBERTY GUN WORKS (SOLGW) l\u00e5sem\u00f8trikker til AR-15. Disse reservedele er n\u00f8dvendige for at opretholde funktionen i dit skydev\u00e5ben.<\/p>\n<ul>\n<li>Fremstillet med pr\u00e6cise tolerancer<\/li>\n<li>Kompatibel med alle AR-15 modeller<\/li>\n<li>Sikrer korrekt samling og p\u00e5lidelighed<\/li>\n<li>V\u00e6gt: 28 gram<\/li>\n<li>Kompakt 2,54 cm design<\/li>\n<\/ul>\n<p>SOLGW producerer holdbare l\u00e5sem\u00f8trikker. Disse reservedele opfylder h\u00f8je standarder.<\/p>\n<p><strong>Tip:<\/strong> Husk at fastg\u00f8re dine m\u00f8trikker for \u00f8get sikkerhed og holdbarhed!<\/p>\n<\/div>\n","protected":false},"excerpt":{"rendered":"<p>Pr\u00e6cisionsfremstillet AR-15 l\u00e5sem\u00f8trik. Holdbar, universal pasform. 1&#8243; st\u00f8rrelse.<\/p>\n","protected":false},"featured_media":76411,"template":"","meta":{"_acf_changed":false},"product_brand":[],"product_cat":[13088],"product_tag":[],"class_list":{"0":"post-130596","1":"product","2":"type-product","3":"status-publish","4":"has-post-thumbnail","6":"product_cat-riffel-tuning","8":"first","9":"instock","10":"taxable","11":"shipping-taxable","12":"purchasable","13":"product-type-simple"},"acf":[],"_links":{"self":[{"href":"https:\/\/staging.nbg.eu\/da\/wp-json\/wp\/v2\/product\/130596","targetHints":{"allow":["GET"]}}],"collection":[{"href":"https:\/\/staging.nbg.eu\/da\/wp-json\/wp\/v2\/product"}],"about":[{"href":"https:\/\/staging.nbg.eu\/da\/wp-json\/wp\/v2\/types\/product"}],"wp:featuredmedia":[{"embeddable":true,"href":"https:\/\/staging.nbg.eu\/da\/wp-json\/wp\/v2\/media\/76411"}],"wp:attachment":[{"href":"https:\/\/staging.nbg.eu\/da\/wp-json\/wp\/v2\/media?parent=130596"}],"wp:term":[{"taxonomy":"product_brand","embeddable":true,"href":"https:\/\/staging.nbg.eu\/da\/wp-json\/wp\/v2\/product_brand?post=130596"},{"taxonomy":"product_cat","embeddable":true,"href":"https:\/\/staging.nbg.eu\/da\/wp-json\/wp\/v2\/product_cat?post=130596"},{"taxonomy":"product_tag","embeddable":true,"href":"https:\/\/staging.nbg.eu\/da\/wp-json\/wp\/v2\/product_tag?post=130596"}],"curies":[{"name":"wp","href":"https:\/\/api.w.org\/{rel}","templated":true}]}}