{"id":130154,"date":"2024-01-30T18:12:20","date_gmt":"2025-01-07T13:14:42","guid":{"rendered":"https:\/\/staging.nbg.eu\/product\/area-419-cantilevered-tactical-one-piece-scope-mount\/"},"modified":"2025-01-07T13:17:02","modified_gmt":"2025-01-07T13:17:02","slug":"area-419-cantilevered-tactical-et-stykke-kikkertsiktebeslag","status":"publish","type":"product","link":"https:\/\/staging.nbg.eu\/da\/vare\/area-419-cantilevered-tactical-et-stykke-kikkertsiktebeslag\/","title":{"rendered":"Area 419 Cantilevered Tactical \u00c9t-Stykke Kikkertsiktebeslag"},"content":{"rendered":"<div class=\"product-description\">\n<h2>Area 419 Cantilever Taktisk Etdelt Kikkertsigtemontering<\/h2>\n<p>Area 419 Cantilever Taktisk Etdelt Kikkertsigtemontering er designet til pr\u00e6cisionsskytter. Denne montering giver et fast greb om dit sigte.<\/p>\n<h2>Fremstillingsproces<\/h2>\n<ul>\n<li>CNC-fr\u00e6set i USA af 7075 aluminium<\/li>\n<li>Slutboret i s\u00e6t for pr\u00e6cis justering<\/li>\n<li>R\u00e5 aluminium, pr\u00e6cisionsborede kontaktflader for maksimalt greb<\/li>\n<li>Aldrig helt adskilt efter boring for at sikre perfekt pasform<\/li>\n<\/ul>\n<h2>Hovedfunktioner<\/h2>\n<ul>\n<li>Let design: 227-255g per montering<\/li>\n<li>Flere monteringspunkter til tilbeh\u00f8r<\/li>\n<li>Separate skinnebeslag for maksimalt greb p\u00e5 picatinny-skinnen<\/li>\n<li>Indlagte klemmef\u00f8dder for maksimal monteringsjustering<\/li>\n<li>St\u00e5lstyrpinde mellem base og h\u00e6tter for pr\u00e6cis justering<\/li>\n<li>Nitreret hardware i rustfrit st\u00e5l<\/li>\n<li>Patentanmeldt tilbeh\u00f8rsfastg\u00f8relse<\/li>\n<\/ul>\n<h2>Specifikationer<\/h2>\n<ul>\n<li>V\u00e6gt: 680g<\/li>\n<li>Dimensioner: 24,1 \u00d7 14,7 \u00d7 7,1 cm<\/li>\n<li>R\u00f8rdiametermuligheder: 30mm, 34mm, 35mm, 36mm<\/li>\n<li>H\u00f8jdemuligheder: 34mm, 39mm<\/li>\n<li>H\u00e6ldningsmuligheder: 0 MOA, 20 MOA (5,8 MIL)<\/li>\n<\/ul>\n<p>Vores fremstillingsproces er designet til at skabe en kikkertsigtemontering, der opfylder h\u00f8je kvalitets- og ydelsesstandarder.<\/p>\n<\/div>\n","protected":false},"excerpt":{"rendered":"<p>Pr\u00e6cisionskonstrueret kikkertmontering: robust, letv\u00e6gts, med endeligt-borede matchende ringe for ultimativ pr\u00e6cision.<\/p>\n","protected":false},"featured_media":108732,"template":"","meta":{"_acf_changed":false},"product_brand":[11042],"product_cat":[13115],"product_tag":[],"class_list":{"0":"post-130154","1":"product","2":"type-product","3":"status-publish","4":"has-post-thumbnail","6":"product_brand-area-419","7":"product_cat-sigte","9":"first","10":"instock","11":"taxable","12":"shipping-taxable","13":"purchasable","14":"product-type-variable","15":"wvs-archive-product-wrapper"},"acf":[],"_links":{"self":[{"href":"https:\/\/staging.nbg.eu\/da\/wp-json\/wp\/v2\/product\/130154","targetHints":{"allow":["GET"]}}],"collection":[{"href":"https:\/\/staging.nbg.eu\/da\/wp-json\/wp\/v2\/product"}],"about":[{"href":"https:\/\/staging.nbg.eu\/da\/wp-json\/wp\/v2\/types\/product"}],"wp:featuredmedia":[{"embeddable":true,"href":"https:\/\/staging.nbg.eu\/da\/wp-json\/wp\/v2\/media\/108732"}],"wp:attachment":[{"href":"https:\/\/staging.nbg.eu\/da\/wp-json\/wp\/v2\/media?parent=130154"}],"wp:term":[{"taxonomy":"product_brand","embeddable":true,"href":"https:\/\/staging.nbg.eu\/da\/wp-json\/wp\/v2\/product_brand?post=130154"},{"taxonomy":"product_cat","embeddable":true,"href":"https:\/\/staging.nbg.eu\/da\/wp-json\/wp\/v2\/product_cat?post=130154"},{"taxonomy":"product_tag","embeddable":true,"href":"https:\/\/staging.nbg.eu\/da\/wp-json\/wp\/v2\/product_tag?post=130154"}],"curies":[{"name":"wp","href":"https:\/\/api.w.org\/{rel}","templated":true}]}}