{"id":129707,"date":"2024-01-30T18:11:57","date_gmt":"2025-01-07T12:19:41","guid":{"rendered":"https:\/\/staging.nbg.eu\/product\/area-419-tactical-one-piece-scope-mount\/"},"modified":"2025-01-07T12:22:02","modified_gmt":"2025-01-07T12:22:02","slug":"area-419-tactical-et-stykke-kikkertsiktebeslag","status":"publish","type":"product","link":"https:\/\/staging.nbg.eu\/da\/vare\/area-419-tactical-et-stykke-kikkertsiktebeslag\/","title":{"rendered":"Area 419 Tactical \u00c9t-Stykke Kikkertsiktebeslag"},"content":{"rendered":"<div class=\"product-description\">\n<h2>Area 419 Taktisk Kikkertmontering i Et Stykke<\/h2>\n<p>Kikkertmontering med matchende ringe og indvendige dele af r\u00e5 aluminium. Dette beslag giver et godt greb om din optik uden un\u00f8dig v\u00e6gt.<\/p>\n<ul>\n<li>CNC-fr\u00e6set i USA af 7075 aluminium<\/li>\n<li>R\u00e5 aluminium, pr\u00e6cisionsborede kontaktflader til kikkert<\/li>\n<li>Flere monteringspunkter til tilbeh\u00f8r<\/li>\n<li>Separate klemmelister til skinne for maksimalt greb<\/li>\n<li>St\u00e5lstyrpinde til justering<\/li>\n<li>Specialfremstillet nitreret hardware i rustfrit st\u00e5l<\/li>\n<li>Patentanmeldt ultrastiv montering af tilbeh\u00f8r p\u00e5 toppen<\/li>\n<\/ul>\n<p>F\u00e5s i forskellige r\u00f8rdiametre og h\u00f8jder, med 0 MOA eller 20 MOA h\u00e6ldningsmuligheder. V\u00e6gt: 680 g. M\u00e5l: 24,1 \u00d7 14,7 \u00d7 7,1 cm.<\/p>\n<\/div>\n","protected":false},"excerpt":{"rendered":"<p>Pr\u00e6cisionsboret, ultrastiv kikkertmontering for uovertruffen p\u00e5lidelighed.<\/p>\n","protected":false},"featured_media":108360,"template":"","meta":{"_acf_changed":false},"product_brand":[11042],"product_cat":[13115],"product_tag":[],"class_list":{"0":"post-129707","1":"product","2":"type-product","3":"status-publish","4":"has-post-thumbnail","6":"product_brand-area-419","7":"product_cat-sigte","9":"first","10":"instock","11":"taxable","12":"shipping-taxable","13":"purchasable","14":"product-type-variable","15":"wvs-archive-product-wrapper"},"acf":[],"_links":{"self":[{"href":"https:\/\/staging.nbg.eu\/da\/wp-json\/wp\/v2\/product\/129707","targetHints":{"allow":["GET"]}}],"collection":[{"href":"https:\/\/staging.nbg.eu\/da\/wp-json\/wp\/v2\/product"}],"about":[{"href":"https:\/\/staging.nbg.eu\/da\/wp-json\/wp\/v2\/types\/product"}],"wp:featuredmedia":[{"embeddable":true,"href":"https:\/\/staging.nbg.eu\/da\/wp-json\/wp\/v2\/media\/108360"}],"wp:attachment":[{"href":"https:\/\/staging.nbg.eu\/da\/wp-json\/wp\/v2\/media?parent=129707"}],"wp:term":[{"taxonomy":"product_brand","embeddable":true,"href":"https:\/\/staging.nbg.eu\/da\/wp-json\/wp\/v2\/product_brand?post=129707"},{"taxonomy":"product_cat","embeddable":true,"href":"https:\/\/staging.nbg.eu\/da\/wp-json\/wp\/v2\/product_cat?post=129707"},{"taxonomy":"product_tag","embeddable":true,"href":"https:\/\/staging.nbg.eu\/da\/wp-json\/wp\/v2\/product_tag?post=129707"}],"curies":[{"name":"wp","href":"https:\/\/api.w.org\/{rel}","templated":true}]}}