{"id":129102,"date":"2025-01-01T20:36:12","date_gmt":"2025-01-07T10:12:48","guid":{"rendered":"https:\/\/staging.nbg.eu\/product\/high-profile-red-dot-plates-for-area-419-tactical-mounts\/"},"modified":"2025-01-07T10:15:07","modified_gmt":"2025-01-07T10:15:07","slug":"hoj-profil-red-dot-plader-til-area-419-tactical-monteringer","status":"publish","type":"product","link":"https:\/\/staging.nbg.eu\/da\/vare\/hoj-profil-red-dot-plader-til-area-419-tactical-monteringer\/","title":{"rendered":"H\u00f8j-Profil Red-Dot Plader til Area 419 Tactical Monteringer"},"content":{"rendered":"<h2>H\u00f8j-profil r\u00f8dpunktplader til Area 419 taktiske beslag<\/h2>\n<p>H\u00f8j-profil r\u00f8dpunktplader designet til det taktiske et-stykke kikkertbeslag. Disse plader tilbyder funktionalitet og holdbarhed.<\/p>\n<h2>Hovedfunktioner:<\/h2>\n<ul>\n<li>Patentanmeldt dobbelt konisk montering for sikker fastg\u00f8relse<\/li>\n<li>Kompatibel med vaterpas, dope-kort, r\u00f8dpunktssigter og laserafstandsm\u00e5lere<\/li>\n<li>Holdbarhed og stivhed for n\u00f8jagtig tilbagevenden til nulpunkt<\/li>\n<li>F\u00e5s i standard og lav h\u00f8jde<\/li>\n<li>CNC-fr\u00e6set i USA af 7075 aluminium<\/li>\n<li>Type III h\u00e5rd anodiseret sort overflade<\/li>\n<\/ul>\n<p>V\u00e6lg mellem standard (2,82 cm h\u00f8j) og lav (1,78 cm h\u00f8j) h\u00f8jde efter behov. Begge har MIL-STD-1913 spec-skinner og integrerede monteringsskruer for nem installation.<\/p>\n<p>V\u00e6gt: 454 g<br \/>\nM\u00e5l: 15,24 \u00d7 8,89 \u00d7 5,08 cm<\/p>\n","protected":false},"excerpt":{"rendered":"<p>Sikker, alsidig skinne til r\u00f8dpunktssigter og tilbeh\u00f8r p\u00e5 taktiske montager.<\/p>\n","protected":false},"featured_media":108708,"template":"","meta":{"_acf_changed":false},"product_brand":[11042],"product_cat":[13115,13072],"product_tag":[],"class_list":{"0":"post-129102","1":"product","2":"type-product","3":"status-publish","4":"has-post-thumbnail","6":"product_brand-area-419","7":"product_cat-sigte","8":"product_cat-sigtetilbehor","10":"first","11":"instock","12":"taxable","13":"shipping-taxable","14":"purchasable","15":"product-type-variable","16":"wvs-archive-product-wrapper"},"acf":[],"_links":{"self":[{"href":"https:\/\/staging.nbg.eu\/da\/wp-json\/wp\/v2\/product\/129102","targetHints":{"allow":["GET"]}}],"collection":[{"href":"https:\/\/staging.nbg.eu\/da\/wp-json\/wp\/v2\/product"}],"about":[{"href":"https:\/\/staging.nbg.eu\/da\/wp-json\/wp\/v2\/types\/product"}],"wp:featuredmedia":[{"embeddable":true,"href":"https:\/\/staging.nbg.eu\/da\/wp-json\/wp\/v2\/media\/108708"}],"wp:attachment":[{"href":"https:\/\/staging.nbg.eu\/da\/wp-json\/wp\/v2\/media?parent=129102"}],"wp:term":[{"taxonomy":"product_brand","embeddable":true,"href":"https:\/\/staging.nbg.eu\/da\/wp-json\/wp\/v2\/product_brand?post=129102"},{"taxonomy":"product_cat","embeddable":true,"href":"https:\/\/staging.nbg.eu\/da\/wp-json\/wp\/v2\/product_cat?post=129102"},{"taxonomy":"product_tag","embeddable":true,"href":"https:\/\/staging.nbg.eu\/da\/wp-json\/wp\/v2\/product_tag?post=129102"}],"curies":[{"name":"wp","href":"https:\/\/api.w.org\/{rel}","templated":true}]}}