{"id":128636,"date":"2025-01-01T20:31:02","date_gmt":"2025-01-07T09:58:40","guid":{"rendered":"https:\/\/staging.nbg.eu\/product\/area-419-tactical-one-piece-mount-diving-board\/"},"modified":"2025-01-07T10:01:26","modified_gmt":"2025-01-07T10:01:26","slug":"area-419-tactical-et-stykke-montering-diving-board","status":"publish","type":"product","link":"https:\/\/staging.nbg.eu\/da\/vare\/area-419-tactical-et-stykke-montering-diving-board\/","title":{"rendered":"Area 419 &#8211; Tactical \u00c9t-Stykke Montering Diving Board"},"content":{"rendered":"<div class=\"product-description\">\n<h2>Area 419 &#8211; Taktisk montering i \u00e9t stykke<\/h2>\n<p>Montering til kikkertsigte. Har et dobbelt konisk monteringspunkt, der giver sikkerhed og alsidighed til din optiske ops\u00e6tning. Egnet til fastg\u00f8relse af vaterpas, datakortrails, r\u00f8dpunktssigte og laserafstandsm\u00e5lere.<\/p>\n<h3>Vigtige egenskaber:<\/h3>\n<ul>\n<li>F\u00e5s i standard og lav h\u00f8jde<\/li>\n<li>MIL-STD-1913 specifikation skinne (10 riller for standard, 6 for lav)<\/li>\n<li>Type III h\u00e5rdt anodiseret sort overflade<\/li>\n<li>Fastholdte monteringsskruer for nem installation<\/li>\n<li>CNC-fr\u00e6set i USA af 7075 aluminium<\/li>\n<li>V\u00e6gt: 70,9 g (standard) eller 42,5 g (lav)<\/li>\n<\/ul>\n<p>Area 419 Taktisk montering i \u00e9t stykke &#8211; til pr\u00e6cision og stabilitet i dit optiske system.<\/p>\n<\/div>\n","protected":false},"excerpt":{"rendered":"<p>Robust, alsidig skinne til montage af sigtemidler. Sikker, holdbar, fremstillet i USA.<\/p>\n","protected":false},"featured_media":108385,"template":"","meta":{"_acf_changed":false},"product_brand":[11042],"product_cat":[13115,13072],"product_tag":[],"class_list":{"0":"post-128636","1":"product","2":"type-product","3":"status-publish","4":"has-post-thumbnail","6":"product_brand-area-419","7":"product_cat-sigte","8":"product_cat-sigtetilbehor","10":"first","11":"instock","12":"taxable","13":"shipping-taxable","14":"purchasable","15":"product-type-variable","16":"wvs-archive-product-wrapper"},"acf":[],"_links":{"self":[{"href":"https:\/\/staging.nbg.eu\/da\/wp-json\/wp\/v2\/product\/128636","targetHints":{"allow":["GET"]}}],"collection":[{"href":"https:\/\/staging.nbg.eu\/da\/wp-json\/wp\/v2\/product"}],"about":[{"href":"https:\/\/staging.nbg.eu\/da\/wp-json\/wp\/v2\/types\/product"}],"wp:featuredmedia":[{"embeddable":true,"href":"https:\/\/staging.nbg.eu\/da\/wp-json\/wp\/v2\/media\/108385"}],"wp:attachment":[{"href":"https:\/\/staging.nbg.eu\/da\/wp-json\/wp\/v2\/media?parent=128636"}],"wp:term":[{"taxonomy":"product_brand","embeddable":true,"href":"https:\/\/staging.nbg.eu\/da\/wp-json\/wp\/v2\/product_brand?post=128636"},{"taxonomy":"product_cat","embeddable":true,"href":"https:\/\/staging.nbg.eu\/da\/wp-json\/wp\/v2\/product_cat?post=128636"},{"taxonomy":"product_tag","embeddable":true,"href":"https:\/\/staging.nbg.eu\/da\/wp-json\/wp\/v2\/product_tag?post=128636"}],"curies":[{"name":"wp","href":"https:\/\/api.w.org\/{rel}","templated":true}]}}