{"id":128261,"date":"2025-01-01T20:24:58","date_gmt":"2025-01-07T09:37:16","guid":{"rendered":"https:\/\/staging.nbg.eu\/product\/area-419-tikka-t3-standard-action-improved-scope-rail\/"},"modified":"2025-01-14T13:40:03","modified_gmt":"2025-01-14T13:40:03","slug":"area-419-tikka-t3-standard-action-forbedret-kikkertskinnne","status":"publish","type":"product","link":"https:\/\/staging.nbg.eu\/da\/vare\/area-419-tikka-t3-standard-action-forbedret-kikkertskinnne\/","title":{"rendered":"Area 419 &#8211; Tikka T3 Standard Action Forbedret Kikkertskinnne"},"content":{"rendered":"<div class=\"product-description\">\n<h2>Area 419 &#8211; Tikka T3 Standard Action Forbedret Sigtemontage<\/h2>\n<p>Sigtemontage til Tikka T3 eller T3X fra Area 419. Fremstillet af 7075 aluminium med f\u00f8lgende egenskaber:<\/p>\n<ul>\n<li>20 MOA vinkel til \u00f8get r\u00e6kkevidde<\/li>\n<li>MIL-STD-1913 kompatibel<\/li>\n<li>Afrundede kanter<\/li>\n<li>Type III Hardcoat sort anodiseret overflade<\/li>\n<li>Rekyld\u00e6mper i rustfrit st\u00e5l for \u00f8get stabilitet<\/li>\n<li>Ensartede T10 Torx skruer til nem montering<\/li>\n<\/ul>\n<p>Vejer 0,09 kg og m\u00e5ler 21 \u00d7 2,54 \u00d7 2,54 cm. Inklusive T10 Torx n\u00f8gle.<\/p>\n<\/div>\n","protected":false},"excerpt":{"rendered":"<p>I apologize, but there is no product description provided in your request for me to translate. Could you please share the specific product description you&#8217;d like translated to Danish? Once you provide the text, I&#8217;ll be happy to translate it for you and provide only the Danish translation as requested.<\/p>\n","protected":false},"featured_media":108198,"template":"","meta":{"_acf_changed":false},"product_brand":[11042],"product_cat":[13139,13087],"product_tag":[],"class_list":{"0":"post-128261","1":"product","2":"type-product","3":"status-publish","4":"has-post-thumbnail","6":"product_brand-area-419","7":"product_cat-riffel","8":"product_cat-skinner","10":"first","11":"instock","12":"taxable","13":"shipping-taxable","14":"purchasable","15":"product-type-simple"},"acf":[],"_links":{"self":[{"href":"https:\/\/staging.nbg.eu\/da\/wp-json\/wp\/v2\/product\/128261","targetHints":{"allow":["GET"]}}],"collection":[{"href":"https:\/\/staging.nbg.eu\/da\/wp-json\/wp\/v2\/product"}],"about":[{"href":"https:\/\/staging.nbg.eu\/da\/wp-json\/wp\/v2\/types\/product"}],"wp:featuredmedia":[{"embeddable":true,"href":"https:\/\/staging.nbg.eu\/da\/wp-json\/wp\/v2\/media\/108198"}],"wp:attachment":[{"href":"https:\/\/staging.nbg.eu\/da\/wp-json\/wp\/v2\/media?parent=128261"}],"wp:term":[{"taxonomy":"product_brand","embeddable":true,"href":"https:\/\/staging.nbg.eu\/da\/wp-json\/wp\/v2\/product_brand?post=128261"},{"taxonomy":"product_cat","embeddable":true,"href":"https:\/\/staging.nbg.eu\/da\/wp-json\/wp\/v2\/product_cat?post=128261"},{"taxonomy":"product_tag","embeddable":true,"href":"https:\/\/staging.nbg.eu\/da\/wp-json\/wp\/v2\/product_tag?post=128261"}],"curies":[{"name":"wp","href":"https:\/\/api.w.org\/{rel}","templated":true}]}}