{"id":106747,"date":"2024-11-16T10:23:45","date_gmt":"2024-12-30T09:54:28","guid":{"rendered":"https:\/\/staging.nbg.eu\/product\/sai-optics-model-sai-6-1x-6x\/"},"modified":"2024-12-30T09:57:24","modified_gmt":"2024-12-30T09:57:24","slug":"sai-optics-model-sai-6-1x-6x","status":"publish","type":"product","link":"https:\/\/staging.nbg.eu\/da\/vare\/sai-optics-model-sai-6-1x-6x\/","title":{"rendered":"SAI Optics Model SAI 6 &#8211; 1x-6x"},"content":{"rendered":"<h2>SAI Optics Model SAI 6 &#8211; 1x-6x<\/h2>\n<p>SAI 6-serien optisk sigte tilbyder en l\u00f8sning til variable forst\u00f8rrelsesbehov. Det har et LED-oplyst f\u00f8rste br\u00e6ndplanssigte, som sikrer n\u00f8jagtig afstandsm\u00e5ling og ballistisk hold-off ved enhver forst\u00f8rrelse. Sigtet og synsfeltet forbedrer effektiviteten p\u00e5 kort afstand.<\/p>\n<h2>N\u00f8glefunktioner:<\/h2>\n<ul>\n<li>Forst\u00f8rrelse: 1x-6x<\/li>\n<li>Robust r\u00f8rdesign til modul\u00e6r montering<\/li>\n<li>LED-oplyst sigte med 10 indstillinger<\/li>\n<li>Tilg\u00e6ngelige sigter: 5,56 BDC, 6,8 BDC, 7,62 BDC<\/li>\n<li>Vandt\u00e6t: 2 timer ved 3 meter<\/li>\n<li>St\u00f8dfast: 1000g ved 10.000 cyklusser<\/li>\n<\/ul>\n<h2>Sigter:<\/h2>\n<ul>\n<li>5,56 BDC &#8211; Sigte<\/li>\n<li>6,8 BDC &#8211; Sigte<\/li>\n<li>7,62 BDC &#8211; Sigte<\/li>\n<\/ul>\n<h2>Specifikationer:<\/h2>\n<ul>\n<li>L\u00e6ngde: 256 mm<\/li>\n<li>V\u00e6gt: 510 g<\/li>\n<li>R\u00f8rdiameter: 30 mm<\/li>\n<li>Synsfelt ved 1x: 22 grader (38,8 m ved 100 m)<\/li>\n<li>\u00d8jenafstand: 90 mm nominel<\/li>\n<li>Batteritype: CR2032 3v lithium<\/li>\n<\/ul>\n<h2>Standardtilbeh\u00f8r:<\/h2>\n<ul>\n<li>Tenebraex linsecovers<\/li>\n<li>Tenebraex anti-refleksionsenhed<\/li>\n<li>Justeringsh\u00e6tte med snor<\/li>\n<li>Batterifjernelsesdisk<\/li>\n<\/ul>\n<p>SAI 6-serien er designet til optisk ydeevne i robuste milj\u00f8er og kan tilpasses avancerede optiske sigteforbedrings-systemer s\u00e5som flip-covers, laserfiltre og polarisatorer.<\/p>\n","protected":false},"excerpt":{"rendered":"<p>SAI 6\u2122: Robust 1x-6x LED-sigte med FFP-tr\u00e5dkors og bredt synsfelt.<\/p>\n","protected":false},"featured_media":79683,"template":"","meta":{"_acf_changed":false},"product_brand":[11702],"product_cat":[13083,13115],"product_tag":[],"class_list":{"0":"post-106747","1":"product","2":"type-product","3":"status-publish","4":"has-post-thumbnail","6":"product_brand-sai-optics","7":"product_cat-forstorret-optik","8":"product_cat-sigte","10":"first","11":"instock","12":"taxable","13":"shipping-taxable","14":"purchasable","15":"product-type-variable","16":"wvs-archive-product-wrapper"},"acf":[],"_links":{"self":[{"href":"https:\/\/staging.nbg.eu\/da\/wp-json\/wp\/v2\/product\/106747","targetHints":{"allow":["GET"]}}],"collection":[{"href":"https:\/\/staging.nbg.eu\/da\/wp-json\/wp\/v2\/product"}],"about":[{"href":"https:\/\/staging.nbg.eu\/da\/wp-json\/wp\/v2\/types\/product"}],"wp:featuredmedia":[{"embeddable":true,"href":"https:\/\/staging.nbg.eu\/da\/wp-json\/wp\/v2\/media\/79683"}],"wp:attachment":[{"href":"https:\/\/staging.nbg.eu\/da\/wp-json\/wp\/v2\/media?parent=106747"}],"wp:term":[{"taxonomy":"product_brand","embeddable":true,"href":"https:\/\/staging.nbg.eu\/da\/wp-json\/wp\/v2\/product_brand?post=106747"},{"taxonomy":"product_cat","embeddable":true,"href":"https:\/\/staging.nbg.eu\/da\/wp-json\/wp\/v2\/product_cat?post=106747"},{"taxonomy":"product_tag","embeddable":true,"href":"https:\/\/staging.nbg.eu\/da\/wp-json\/wp\/v2\/product_tag?post=106747"}],"curies":[{"name":"wp","href":"https:\/\/api.w.org\/{rel}","templated":true}]}}