{"id":106576,"date":"2024-01-30T18:13:57","date_gmt":"2024-12-30T09:38:32","guid":{"rendered":"https:\/\/staging.nbg.eu\/product\/tangent-theta-tt735p-7-35x56mm-professional\/"},"modified":"2024-12-30T09:40:12","modified_gmt":"2024-12-30T09:40:12","slug":"tangent-theta-tt735p-7-35x56mm-professional","status":"publish","type":"product","link":"https:\/\/staging.nbg.eu\/da\/vare\/tangent-theta-tt735p-7-35x56mm-professional\/","title":{"rendered":"Tangent Theta TT735P (7-35x56mm Professional)"},"content":{"rendered":"<div class=\"product-description\">\n<p>Tangent Theta blev etableret i 2013 i Nova Scotia, Canada med det form\u00e5l at producere de bedste riffelkikkerter i verden. Kikkerterne samles manuelt, testes og inspiceres individuelt af et team best\u00e5ende af optiske designere, mekaniske ingeni\u00f8rer og internationale langdistanceskytter.<\/p>\n<h2>Tangent Theta TT735P 7-35x56mm Professional Riffelkikkert<\/h2>\n<p>Tangent Theta TT735P er en 7-35x56mm riffelkikkert til professionelle skytter. Dette sigteinstrument kombinerer teknologi med holdbarhed for at levere pr\u00e6station under kr\u00e6vende forhold.<\/p>\n<h2>Hovedfunktioner:<\/h2>\n<ul>\n<li>7-35x forst\u00f8rrelsesomr\u00e5de til m\u00e5lidentifikation p\u00e5 lange afstande<\/li>\n<li>56mm objektiv til lysindfangning<\/li>\n<li>36mm hovedr\u00f8r for strukturel integritet og justeringsomr\u00e5de<\/li>\n<li>Parallaksejustering ned til 10 meter<\/li>\n<li>11 retikle-belysningsindstillinger<\/li>\n<li>TOOL-LESS RE-ZERO\u00ae funktion til nulstilling (US Patent # 10,591,253)<\/li>\n<li>Ikke-overs\u00e6ttende knapper med elevations-nulstop<\/li>\n<li>Dobbelt-omdrejningselevation med omdrejningsindikator<\/li>\n<li>L\u00e5sbar hurtigjusterende dioptri<\/li>\n<\/ul>\n<h2>Kvalitet:<\/h2>\n<p>Bygget i Canada, testet til at modst\u00e5 h\u00e5rde milj\u00f8forhold. Type II Anodiseret mat finish, 4-timers vandt\u00e6t ved 10 meter, og 700g st\u00f8dbestandig ved 10.000 cyklusser.<\/p>\n<\/div>\n<h2>Retikler:<\/h2>\n<ol>\n<li data-line-height=\"xs\">Horus Tremor3 retikle<\/li>\n<li data-line-height=\"xs\">JTAC<\/li>\n<li data-line-height=\"xs\">Gen 3 XR Fine<\/li>\n<\/ol>\n<div class=\"product-description\">\n<h2>Optik:<\/h2>\n<p>Tre retikle-muligheder: Horus Tremor3, JTAC eller Gen 3 XR Fine. 90mm \u00f8jenafstand og synsfelt fra 5,41m ved 100m (7x) til 1,08m ved 100m (35x).<\/p>\n<h2>Justeringer:<\/h2>\n<p>0,1 mrad justeringsopl\u00f8sning, 30 mrad total elevationsomr\u00e5de og 14 mrad total vindomr\u00e5de. Sideparallaksejustering og l\u00e5sbar dioptri.<\/p>\n<p>Tangent Theta TT735P er designet til langdistanceskydning.<\/p>\n<\/div>\n","protected":false},"excerpt":{"rendered":"<p>Tangent Theta 7-35x56mm Professional er det riffelsigte, du v\u00e6lger til skydning p\u00e5 ekstreme afstande.<\/p>\n","protected":false},"featured_media":80992,"template":"","meta":{"_acf_changed":false},"product_brand":[11884],"product_cat":[13083,13115],"product_tag":[],"class_list":{"0":"post-106576","1":"product","2":"type-product","3":"status-publish","4":"has-post-thumbnail","6":"product_brand-tangent-theta","7":"product_cat-forstorret-optik","8":"product_cat-sigte","10":"first","11":"instock","12":"taxable","13":"shipping-taxable","14":"purchasable","15":"product-type-variable","16":"wvs-archive-product-wrapper"},"acf":[],"_links":{"self":[{"href":"https:\/\/staging.nbg.eu\/da\/wp-json\/wp\/v2\/product\/106576","targetHints":{"allow":["GET"]}}],"collection":[{"href":"https:\/\/staging.nbg.eu\/da\/wp-json\/wp\/v2\/product"}],"about":[{"href":"https:\/\/staging.nbg.eu\/da\/wp-json\/wp\/v2\/types\/product"}],"wp:featuredmedia":[{"embeddable":true,"href":"https:\/\/staging.nbg.eu\/da\/wp-json\/wp\/v2\/media\/80992"}],"wp:attachment":[{"href":"https:\/\/staging.nbg.eu\/da\/wp-json\/wp\/v2\/media?parent=106576"}],"wp:term":[{"taxonomy":"product_brand","embeddable":true,"href":"https:\/\/staging.nbg.eu\/da\/wp-json\/wp\/v2\/product_brand?post=106576"},{"taxonomy":"product_cat","embeddable":true,"href":"https:\/\/staging.nbg.eu\/da\/wp-json\/wp\/v2\/product_cat?post=106576"},{"taxonomy":"product_tag","embeddable":true,"href":"https:\/\/staging.nbg.eu\/da\/wp-json\/wp\/v2\/product_tag?post=106576"}],"curies":[{"name":"wp","href":"https:\/\/api.w.org\/{rel}","templated":true}]}}