{"id":84477,"date":"2024-11-17T07:25:58","date_gmt":"2024-12-18T10:04:05","guid":{"rendered":"https:\/\/staging.nbg.eu\/product\/tangent-theta-tt315m-3-15x50mm-marksman\/"},"modified":"2024-12-30T08:44:24","modified_gmt":"2024-12-30T08:44:24","slug":"tangent-theta-tt315m-3-15x50mm-marksman","status":"publish","type":"product","link":"https:\/\/staging.nbg.eu\/cs\/produkt\/tangent-theta-tt315m-3-15x50mm-marksman\/","title":{"rendered":"Tangent Theta TT315M (3-15x50mm Marksman)"},"content":{"rendered":"<div class=\"product-description\">\n<p>Tangent Theta byla zalo\u017eena v roce 2013 v Nov\u00e9m Skotsku v Kanad\u011b s c\u00edlem vyr\u00e1b\u011bt nejlep\u0161\u00ed pu\u0161kohledy na sv\u011bt\u011b. Pu\u0161kohledy jsou ru\u010dn\u011b sestavov\u00e1ny, individu\u00e1ln\u011b testov\u00e1ny a kontrolov\u00e1ny t\u00fdmem optick\u00fdch design\u00e9r\u016f, strojn\u00edch in\u017een\u00fdr\u016f a st\u0159elc\u016f na dlouh\u00e9 vzd\u00e1lenosti mezin\u00e1rodn\u00ed t\u0159\u00eddy.<\/p>\n<h2>Tangent Theta TT315M 3-15x50mm Pu\u0161kohled<\/h2>\n<p>Tangent Theta TT315M je p\u0159esn\u00fd zam\u011b\u0159ovac\u00ed p\u0159\u00edstroj pro st\u0159edn\u00ed vzd\u00e1lenosti, ur\u010den\u00fd pro policejn\u00ed a bezpe\u010dnostn\u00ed st\u0159elce. Tento profesion\u00e1ln\u00ed pu\u0161kohled kombinuje modern\u00ed technologii s optick\u00fdm v\u00fdkonem.<\/p>\n<h2>Hlavn\u00ed vlastnosti:<\/h2>\n<ul>\n<li>50mm objektiv pro lep\u0161\u00ed sb\u011br sv\u011btla<\/li>\n<li>30mm hlavn\u00ed tubus pro zv\u00fd\u0161enou odolnost<\/li>\n<li>Mechanick\u00fd indik\u00e1tor sm\u011bru bo\u010dn\u00edho v\u011btru<\/li>\n<li>11 nastaven\u00ed osv\u011btlen\u00ed z\u00e1m\u011brn\u00e9 osnovy pro r\u016fzn\u00e9 sv\u011bteln\u00e9 podm\u00ednky<\/li>\n<li>Bo\u010dn\u00ed nastaven\u00ed paralaxy pro p\u0159esn\u00e9 zaost\u0159en\u00ed<\/li>\n<li>Netranslatuj\u00edc\u00ed to\u010d\u00edtka s eleva\u010dn\u00ed zar\u00e1\u017ekou na nule<\/li>\n<li>Dvojit\u00fd obrat elevace s indik\u00e1torem ot\u00e1\u010dek a sm\u011bru v\u011btru<\/li>\n<li>Rozsah zv\u011bt\u0161en\u00ed 3-15x<\/li>\n<li>Uzamykateln\u00e9 rychl\u00e9 nastaven\u00ed dioptri\u00ed<\/li>\n<\/ul>\n<h2>Optick\u00e1 kvalita:<\/h2>\n<p>TT315M m\u00e1 optimalizovanou optickou dr\u00e1hu, kter\u00e1 poskytuje kvalitn\u00ed obraz. To umo\u017e\u0148uje st\u0159elc\u016fm rozeznat drobn\u00e9 detaily c\u00edle a udr\u017eet zam\u011b\u0159en\u00ed po del\u0161\u00ed dobu bez \u00fanavy o\u010d\u00ed.<\/p>\n<h2>P\u0159esn\u00e9 nastaven\u00ed:<\/h2>\n<p>TT315M m\u00e1 p\u0159esn\u00e9 mechanismy nastaven\u00ed se zar\u00e1\u017ekami na nule, mechanick\u00fdmi indik\u00e1tory ot\u00e1\u010dek a sm\u011bru v\u011btru, co\u017e minimalizuje chyby p\u0159i nastavov\u00e1n\u00ed a zaji\u0161\u0165uje p\u0159esnost v kritick\u00fdch situac\u00edch.<\/p>\n<h2>Mo\u017enosti z\u00e1m\u011brn\u00e9 osnovy:<\/h2>\n<ul>\n<li>Gen 2XR<\/li>\n<li>MoA<\/li>\n<li>Gen 2 Mil-Dot<\/li>\n<li>Gen 3XR<\/li>\n<\/ul>\n<h2>Technick\u00e9 specifikace:<\/h2>\n<ul>\n<li>D\u00e9lka: 351mm<\/li>\n<li>Hmotnost: 786g<\/li>\n<li>Zorn\u00e9 pole p\u0159i 3x: 7,3 stup\u0148\u016f (12,8m na 100m)<\/li>\n<li>Zorn\u00e9 pole p\u0159i 15x: 1,6 stup\u0148\u016f (2,8m na 100m)<\/li>\n<li>O\u010dn\u00ed reli\u00e9f: 90mm<\/li>\n<li>Celkov\u00fd rozsah nastaven\u00ed elevace: 18 mrad (60 MoA)<\/li>\n<li>Celkov\u00fd rozsah nastaven\u00ed bo\u010dn\u00edho v\u011btru: +\/- 12 mrad (+\/-40 MoA)<\/li>\n<li>Rozli\u0161en\u00ed nastaven\u00ed: 0,1 mrad nebo 1\/4 MoA<\/li>\n<li>Rozsah nastaven\u00ed paralaxy: 50m a\u017e nekone\u010dno<\/li>\n<\/ul>\n<h2>Odolnost:<\/h2>\n<p>TT315M je vodot\u011bsn\u00fd po dobu 4 hodin v hloubce 10 metr\u016f a odoln\u00fd proti n\u00e1raz\u016fm 700g p\u0159i 10 000 cyklech. Jeho povrch m\u00e1 matnou anodizovanou \u00fapravu typu II pro zv\u00fd\u0161enou ochranu.<\/p>\n<h2>Sou\u010d\u00e1st balen\u00ed:<\/h2>\n<p>Kryty \u010do\u010dek Tenebraex a ARD (za\u0159\u00edzen\u00ed proti odrazu) jsou sou\u010d\u00e1st\u00ed standardn\u00edho p\u0159\u00edslu\u0161enstv\u00ed.<\/p>\n<\/div>\n","protected":false},"excerpt":{"rendered":"<p>P\u0159esn\u00fd pu\u0161kohled 3-15x50mm pro st\u0159elce. Optim\u00e1ln\u00ed obraz, zero-stop, osv\u011btlen\u00fd.<\/p>\n","protected":false},"featured_media":167608,"template":"","meta":{"_acf_changed":false},"product_brand":[11883],"product_cat":[12685,12653],"product_tag":[],"class_list":{"0":"post-84477","1":"product","2":"type-product","3":"status-publish","4":"has-post-thumbnail","6":"product_brand-tangent-theta","7":"product_cat-mireni","8":"product_cat-zvetsujici-optika","10":"first","11":"instock","12":"taxable","13":"shipping-taxable","14":"purchasable","15":"product-type-variable","16":"wvs-archive-product-wrapper"},"acf":[],"_links":{"self":[{"href":"https:\/\/staging.nbg.eu\/cs\/wp-json\/wp\/v2\/product\/84477","targetHints":{"allow":["GET"]}}],"collection":[{"href":"https:\/\/staging.nbg.eu\/cs\/wp-json\/wp\/v2\/product"}],"about":[{"href":"https:\/\/staging.nbg.eu\/cs\/wp-json\/wp\/v2\/types\/product"}],"wp:featuredmedia":[{"embeddable":true,"href":"https:\/\/staging.nbg.eu\/cs\/wp-json\/wp\/v2\/media\/167608"}],"wp:attachment":[{"href":"https:\/\/staging.nbg.eu\/cs\/wp-json\/wp\/v2\/media?parent=84477"}],"wp:term":[{"taxonomy":"product_brand","embeddable":true,"href":"https:\/\/staging.nbg.eu\/cs\/wp-json\/wp\/v2\/product_brand?post=84477"},{"taxonomy":"product_cat","embeddable":true,"href":"https:\/\/staging.nbg.eu\/cs\/wp-json\/wp\/v2\/product_cat?post=84477"},{"taxonomy":"product_tag","embeddable":true,"href":"https:\/\/staging.nbg.eu\/cs\/wp-json\/wp\/v2\/product_tag?post=84477"}],"curies":[{"name":"wp","href":"https:\/\/api.w.org\/{rel}","templated":true}]}}