{"id":83638,"date":"2024-11-02T06:43:16","date_gmt":"2024-11-02T06:43:16","guid":{"rendered":"https:\/\/staging.nbg.eu\/product\/sons-of-liberty-gun-works-ar-15-buffer-h3\/"},"modified":"2024-12-17T13:05:02","modified_gmt":"2024-12-17T13:05:02","slug":"sons-of-liberty-gun-works-ar-15-tlumic-zpetneho-razu-h3","status":"publish","type":"product","link":"https:\/\/staging.nbg.eu\/cs\/produkt\/sons-of-liberty-gun-works-ar-15-tlumic-zpetneho-razu-h3\/","title":{"rendered":"Sons of Liberty Gun Works &#8211; AR 15 Tlumi\u010d Zp\u011btn\u00e9ho R\u00e1zu H3"},"content":{"rendered":"<div class=\"product-description\">\n<h2>Sons of Liberty Gun Works &#8211; AR 15 Buffer H3<\/h2>\n<p>SOLGW H3 Buffer pro AR-15. Tento n\u00e1hradn\u00ed d\u00edl zaji\u0161\u0165uje funk\u010dnost va\u0161\u00ed zbran\u011b.<\/p>\n<ul>\n<li>Kompatibiln\u00ed se v\u0161emi modely AR-15<\/li>\n<li>Hmotnost: 5.4 unce<\/li>\n<li>Rozm\u011bry: 1 palec<\/li>\n<li>Ozna\u010deno pro snadnou identifikaci hmotnosti<\/li>\n<\/ul>\n<p>H3 Buffer od SOLGW je navr\u017een ke sn\u00ed\u017een\u00ed zp\u011btn\u00e9ho r\u00e1zu a zlep\u0161en\u00ed cyklov\u00e1n\u00ed.<\/p>\n<p>Sons of Liberty Gun Works vyr\u00e1b\u00ed d\u00edly pro st\u0159eln\u00e9 zbran\u011b.<\/p>\n<\/div>\n","protected":false},"excerpt":{"rendered":"<p>Pu\u0161ka Sons of Liberty H3 AR-15 Buffer: P\u0159esn\u00e1, odoln\u00e1, hmotnost 153 gram\u016f.<\/p>\n","protected":false},"featured_media":76317,"template":"","meta":{"_acf_changed":false},"product_brand":[],"product_cat":[12658],"product_tag":[],"class_list":{"0":"post-83638","1":"product","2":"type-product","3":"status-publish","4":"has-post-thumbnail","6":"product_cat-rifle-tuning","8":"first","9":"outofstock","10":"taxable","11":"shipping-taxable","12":"purchasable","13":"product-type-simple"},"acf":[],"_links":{"self":[{"href":"https:\/\/staging.nbg.eu\/cs\/wp-json\/wp\/v2\/product\/83638","targetHints":{"allow":["GET"]}}],"collection":[{"href":"https:\/\/staging.nbg.eu\/cs\/wp-json\/wp\/v2\/product"}],"about":[{"href":"https:\/\/staging.nbg.eu\/cs\/wp-json\/wp\/v2\/types\/product"}],"wp:featuredmedia":[{"embeddable":true,"href":"https:\/\/staging.nbg.eu\/cs\/wp-json\/wp\/v2\/media\/76317"}],"wp:attachment":[{"href":"https:\/\/staging.nbg.eu\/cs\/wp-json\/wp\/v2\/media?parent=83638"}],"wp:term":[{"taxonomy":"product_brand","embeddable":true,"href":"https:\/\/staging.nbg.eu\/cs\/wp-json\/wp\/v2\/product_brand?post=83638"},{"taxonomy":"product_cat","embeddable":true,"href":"https:\/\/staging.nbg.eu\/cs\/wp-json\/wp\/v2\/product_cat?post=83638"},{"taxonomy":"product_tag","embeddable":true,"href":"https:\/\/staging.nbg.eu\/cs\/wp-json\/wp\/v2\/product_tag?post=83638"}],"curies":[{"name":"wp","href":"https:\/\/api.w.org\/{rel}","templated":true}]}}