{"id":83616,"date":"2024-11-27T08:29:48","date_gmt":"2024-11-27T08:29:48","guid":{"rendered":"https:\/\/staging.nbg.eu\/product\/geissele-ak-trigger-ultimate-with-lightning-bow-akt-ul\/"},"modified":"2024-12-17T12:30:10","modified_gmt":"2024-12-17T12:30:10","slug":"geissele-ak-spoust-ultimate-s-lightning-bow-akt-ul","status":"publish","type":"product","link":"https:\/\/staging.nbg.eu\/cs\/produkt\/geissele-ak-spoust-ultimate-s-lightning-bow-akt-ul\/","title":{"rendered":"Geissele AK Spou\u0161\u0165 Ultimate s Lightning Bow (AKT-UL)"},"content":{"rendered":"<div class=\"product-description\">\n<h2>Geissele AK spou\u0161\u0165 Ultimate s Lightning Bow (AKT-UL)<\/h2>\n<p>AK spou\u0161\u0165 Ultimate s Lightning Bow (AKT-UL) pro AK47 nebo AK74. Tato jednof\u00e1zov\u00e1 spou\u0161\u0165 nab\u00edz\u00ed:<\/p>\n<ul>\n<li>Krat\u0161\u00ed stisk a rychlej\u0161\u00ed reset pro lep\u0161\u00ed p\u0159esnost<\/li>\n<li>Vyrobeno z kvalitn\u00ed slitinov\u00e9 oceli<\/li>\n<li>Design Lightning Bow pro lep\u0161\u00ed ovl\u00e1d\u00e1n\u00ed<\/li>\n<li>Vyrobeno v USA, p\u0159isp\u00edv\u00e1 k 922(r) Compliance<\/li>\n<\/ul>\n<p>AKT-UL je vhodn\u00e1 pro p\u0159esnou st\u0159elbu. Pozn\u00e1mka: Doporu\u010duje se profesion\u00e1ln\u00ed instalace kv\u016fli mo\u017en\u00fdm \u00faprav\u00e1m. Nen\u00ed kompatibiln\u00ed s variantami 12 Gauge a 308 \/ 7.62x54r.<\/p>\n<\/div>\n","protected":false},"excerpt":{"rendered":"<p>Precizn\u00ed AK spou\u0161\u0165 s Lightning Bow pro lep\u0161\u00ed ovl\u00e1d\u00e1n\u00ed a cit.<\/p>\n","protected":false},"featured_media":82185,"template":"","meta":{"_acf_changed":false},"product_brand":[],"product_cat":[12643,12709,12658,12646],"product_tag":[],"class_list":{"0":"post-83616","1":"product","2":"type-product","3":"status-publish","4":"has-post-thumbnail","6":"product_cat-ak-tuning","7":"product_cat-puska","8":"product_cat-rifle-tuning","9":"product_cat-spouste","11":"first","12":"instock","13":"taxable","14":"shipping-taxable","15":"product-type-simple"},"acf":[],"_links":{"self":[{"href":"https:\/\/staging.nbg.eu\/cs\/wp-json\/wp\/v2\/product\/83616","targetHints":{"allow":["GET"]}}],"collection":[{"href":"https:\/\/staging.nbg.eu\/cs\/wp-json\/wp\/v2\/product"}],"about":[{"href":"https:\/\/staging.nbg.eu\/cs\/wp-json\/wp\/v2\/types\/product"}],"wp:featuredmedia":[{"embeddable":true,"href":"https:\/\/staging.nbg.eu\/cs\/wp-json\/wp\/v2\/media\/82185"}],"wp:attachment":[{"href":"https:\/\/staging.nbg.eu\/cs\/wp-json\/wp\/v2\/media?parent=83616"}],"wp:term":[{"taxonomy":"product_brand","embeddable":true,"href":"https:\/\/staging.nbg.eu\/cs\/wp-json\/wp\/v2\/product_brand?post=83616"},{"taxonomy":"product_cat","embeddable":true,"href":"https:\/\/staging.nbg.eu\/cs\/wp-json\/wp\/v2\/product_cat?post=83616"},{"taxonomy":"product_tag","embeddable":true,"href":"https:\/\/staging.nbg.eu\/cs\/wp-json\/wp\/v2\/product_tag?post=83616"}],"curies":[{"name":"wp","href":"https:\/\/api.w.org\/{rel}","templated":true}]}}