{"id":83594,"date":"2024-11-27T16:26:53","date_gmt":"2024-12-17T12:19:39","guid":{"rendered":"https:\/\/staging.nbg.eu\/product\/super-precision-t1-mount-absolute-co-witness-black\/"},"modified":"2024-12-17T12:21:36","modified_gmt":"2024-12-17T12:21:36","slug":"super-precision-t1-montaz-absolute-co-witness-cerna","status":"publish","type":"product","link":"https:\/\/staging.nbg.eu\/cs\/produkt\/super-precision-t1-montaz-absolute-co-witness-cerna\/","title":{"rendered":"Super Precision T1 Mont\u00e1\u017e &#8211; Absolute Co-Witness &#8211; \u010cern\u00e1"},"content":{"rendered":"<h2>T1 Dr\u017e\u00e1k &#8211; Absolutn\u00ed soub\u011b\u017en\u00e9 zam\u011b\u0159ov\u00e1n\u00ed &#8211; \u010cern\u00fd<\/h2>\n<p>T1 Dr\u017e\u00e1k je navr\u017een pro optiku Aimpoint T1 a podobn\u00e9 \u010derven\u00e9 te\u010dky. Je vyroben z jednoho kusu hlin\u00edku 7075-T6.<\/p>\n<ul>\n<li>V\u00fd\u0161ka pro absolutn\u00ed soub\u011b\u017en\u00e9 zam\u011b\u0159ov\u00e1n\u00ed<\/li>\n<li>\u010cern\u00e1 povrchov\u00e1 \u00faprava tvrd\u00fdm eloxov\u00e1n\u00edm typu 3<\/li>\n<li>V\u00e1ha 57 gram\u016f<\/li>\n<li>Vyu\u017e\u00edv\u00e1 aktualizovanou metodu \u0161roubu a matice Geissele<\/li>\n<li>Up\u00ednac\u00ed s\u00edla 635 kg<\/li>\n<li>3 st\u0159i\u017en\u00e9 v\u00fdstupky pro maxim\u00e1ln\u00ed tuhost a n\u00e1vrat do nulov\u00e9 polohy<\/li>\n<\/ul>\n<p>T1 Dr\u017e\u00e1k zaji\u0161\u0165uje stabiln\u00ed upevn\u011bn\u00ed optiky.<\/p>\n","protected":false},"excerpt":{"rendered":"<p>P\u0159esn\u011b obr\u00e1b\u011bn\u00fd dr\u017e\u00e1k T1 pro absolutn\u00ed spolusledov\u00e1n\u00ed. Odoln\u00fd hlin\u00edk, pevn\u00e9 uchycen\u00ed.<\/p>\n","protected":false},"featured_media":82486,"template":"","meta":{"_acf_changed":false},"product_brand":[11377],"product_cat":[12685],"product_tag":[],"class_list":{"0":"post-83594","1":"product","2":"type-product","3":"status-publish","4":"has-post-thumbnail","6":"product_brand-geissele","7":"product_cat-mireni","9":"first","10":"instock","11":"taxable","12":"shipping-taxable","13":"product-type-simple"},"acf":[],"_links":{"self":[{"href":"https:\/\/staging.nbg.eu\/cs\/wp-json\/wp\/v2\/product\/83594","targetHints":{"allow":["GET"]}}],"collection":[{"href":"https:\/\/staging.nbg.eu\/cs\/wp-json\/wp\/v2\/product"}],"about":[{"href":"https:\/\/staging.nbg.eu\/cs\/wp-json\/wp\/v2\/types\/product"}],"wp:featuredmedia":[{"embeddable":true,"href":"https:\/\/staging.nbg.eu\/cs\/wp-json\/wp\/v2\/media\/82486"}],"wp:attachment":[{"href":"https:\/\/staging.nbg.eu\/cs\/wp-json\/wp\/v2\/media?parent=83594"}],"wp:term":[{"taxonomy":"product_brand","embeddable":true,"href":"https:\/\/staging.nbg.eu\/cs\/wp-json\/wp\/v2\/product_brand?post=83594"},{"taxonomy":"product_cat","embeddable":true,"href":"https:\/\/staging.nbg.eu\/cs\/wp-json\/wp\/v2\/product_cat?post=83594"},{"taxonomy":"product_tag","embeddable":true,"href":"https:\/\/staging.nbg.eu\/cs\/wp-json\/wp\/v2\/product_tag?post=83594"}],"curies":[{"name":"wp","href":"https:\/\/api.w.org\/{rel}","templated":true}]}}