{"id":83572,"date":"2024-11-01T14:01:14","date_gmt":"2024-12-17T12:11:38","guid":{"rendered":"https:\/\/staging.nbg.eu\/product\/sons-of-liberty-gun-works-ar-15-buffer-h2\/"},"modified":"2024-12-17T12:57:59","modified_gmt":"2024-12-17T12:57:59","slug":"sons-of-liberty-gun-works-ar-15-tlumic-zpetneho-razu-h2","status":"publish","type":"product","link":"https:\/\/staging.nbg.eu\/cs\/produkt\/sons-of-liberty-gun-works-ar-15-tlumic-zpetneho-razu-h2\/","title":{"rendered":"Sons of Liberty Gun Works &#8211; AR 15 Tlumi\u010d Zp\u011btn\u00e9ho R\u00e1zu H2"},"content":{"rendered":"<div class=\"product-description\">\n<h2>Sons of Liberty Gun Works &#8211; AR 15 Buffer H2<\/h2>\n<p>H2 buffer od Sons of Liberty Gun Works (SOLGW) pro AR-15. Tento n\u00e1hradn\u00ed d\u00edl zaji\u0161\u0165uje funk\u010dnost va\u0161\u00ed zbran\u011b.<\/p>\n<ul>\n<li>Kompatibiln\u00ed se v\u0161emi modely AR-15<\/li>\n<li>Vyroben s p\u0159esn\u00fdmi tolerancemi<\/li>\n<li>Ozna\u010den pro snadnou identifikaci hmotnosti<\/li>\n<li>Hmotnost: 4.6 unce<\/li>\n<li>Rozm\u011bry: 1 palec<\/li>\n<\/ul>\n<p>Tento H2 buffer udr\u017euje spolehlivost a plynul\u00fd chod va\u0161eho AR-15. SOLGW nab\u00edz\u00ed kvalitn\u00ed komponent pro konzistentn\u00ed v\u00fdkon.<\/p>\n<\/div>\n","protected":false},"excerpt":{"rendered":"<p>SOLGW AR-15 H2 pufr: P\u0159esn\u011b vyroben\u00e1 4.6 uncov\u00e1 n\u00e1hrada pro plynulou a spolehlivou funkci<\/p>\n","protected":false},"featured_media":76270,"template":"","meta":{"_acf_changed":false},"product_brand":[],"product_cat":[12658],"product_tag":[],"class_list":{"0":"post-83572","1":"product","2":"type-product","3":"status-publish","4":"has-post-thumbnail","6":"product_cat-rifle-tuning","8":"first","9":"instock","10":"taxable","11":"shipping-taxable","12":"purchasable","13":"product-type-simple"},"acf":[],"_links":{"self":[{"href":"https:\/\/staging.nbg.eu\/cs\/wp-json\/wp\/v2\/product\/83572","targetHints":{"allow":["GET"]}}],"collection":[{"href":"https:\/\/staging.nbg.eu\/cs\/wp-json\/wp\/v2\/product"}],"about":[{"href":"https:\/\/staging.nbg.eu\/cs\/wp-json\/wp\/v2\/types\/product"}],"wp:featuredmedia":[{"embeddable":true,"href":"https:\/\/staging.nbg.eu\/cs\/wp-json\/wp\/v2\/media\/76270"}],"wp:attachment":[{"href":"https:\/\/staging.nbg.eu\/cs\/wp-json\/wp\/v2\/media?parent=83572"}],"wp:term":[{"taxonomy":"product_brand","embeddable":true,"href":"https:\/\/staging.nbg.eu\/cs\/wp-json\/wp\/v2\/product_brand?post=83572"},{"taxonomy":"product_cat","embeddable":true,"href":"https:\/\/staging.nbg.eu\/cs\/wp-json\/wp\/v2\/product_cat?post=83572"},{"taxonomy":"product_tag","embeddable":true,"href":"https:\/\/staging.nbg.eu\/cs\/wp-json\/wp\/v2\/product_tag?post=83572"}],"curies":[{"name":"wp","href":"https:\/\/api.w.org\/{rel}","templated":true}]}}