{"id":83550,"date":"2024-11-27T08:27:04","date_gmt":"2024-12-17T12:02:01","guid":{"rendered":"https:\/\/staging.nbg.eu\/product\/geissele-ak-trigger-enhanced-with-lightning-bow-akt-el\/"},"modified":"2024-12-17T12:04:21","modified_gmt":"2024-12-17T12:04:21","slug":"geissele-ak-spoust-enhanced-s-lightning-bow-akt-el","status":"publish","type":"product","link":"https:\/\/staging.nbg.eu\/cs\/produkt\/geissele-ak-spoust-enhanced-s-lightning-bow-akt-el\/","title":{"rendered":"Geissele AK Spou\u0161\u0165 Enhanced s Lightning Bow (AKT-EL)"},"content":{"rendered":"<div class=\"product-description\">\n<h2>Geissele AK Spou\u0161\u0165 Vylep\u0161en\u00e1 s Lightning Bow (AKT-EL)<\/h2>\n<p>AK Spou\u0161\u0165 Vylep\u0161en\u00e1 s Lightning Bow (AKT-EL) pro AK47\/AK74. Tato jednostup\u0148ov\u00e1 spou\u0161\u0165 nab\u00edz\u00ed:<\/p>\n<ul>\n<li>Krat\u0161\u00ed chod spou\u0161t\u011b pro lep\u0161\u00ed v\u00fdkon p\u0159i bojov\u00e9m nasazen\u00ed a dom\u00e1c\u00ed obran\u011b<\/li>\n<li>Vyrobeno z kvalitn\u00ed slitinov\u00e9 oceli<\/li>\n<li>Povrchov\u00e1 \u00faprava manganov\u00fdm fosf\u00e1tem pro odolnost proti korozi<\/li>\n<li>Design Lightning Bow\u00ae pro lep\u0161\u00ed ovl\u00e1d\u00e1n\u00ed spou\u0161t\u011b<\/li>\n<li>Vyrobeno v USA (North Wales, PA)<\/li>\n<li>P\u0159isp\u00edv\u00e1 k 922(r) shod\u011b t\u0159emi d\u00edly<\/li>\n<\/ul>\n<p><strong>Pozn\u00e1mka:<\/strong> Nen\u00ed kompatibiln\u00ed s variantami 12 Gauge a 308 \/ 7.62x54r. Pro optim\u00e1ln\u00ed v\u00fdkon a bezpe\u010dnost se doporu\u010duje profesion\u00e1ln\u00ed instalace.<\/p>\n<\/div>\n","protected":false},"excerpt":{"rendered":"<p>Vylep\u0161en\u00e1 spou\u0161\u0165 AK s Lightning Bow pro hlad\u0161\u00ed a krat\u0161\u00ed chod.<\/p>\n","protected":false},"featured_media":82115,"template":"","meta":{"_acf_changed":false},"product_brand":[11377],"product_cat":[12643,12658,12646],"product_tag":[],"class_list":{"0":"post-83550","1":"product","2":"type-product","3":"status-publish","4":"has-post-thumbnail","6":"product_brand-geissele","7":"product_cat-ak-tuning","8":"product_cat-rifle-tuning","9":"product_cat-spouste","11":"first","12":"instock","13":"taxable","14":"shipping-taxable","15":"product-type-simple"},"acf":[],"_links":{"self":[{"href":"https:\/\/staging.nbg.eu\/cs\/wp-json\/wp\/v2\/product\/83550","targetHints":{"allow":["GET"]}}],"collection":[{"href":"https:\/\/staging.nbg.eu\/cs\/wp-json\/wp\/v2\/product"}],"about":[{"href":"https:\/\/staging.nbg.eu\/cs\/wp-json\/wp\/v2\/types\/product"}],"wp:featuredmedia":[{"embeddable":true,"href":"https:\/\/staging.nbg.eu\/cs\/wp-json\/wp\/v2\/media\/82115"}],"wp:attachment":[{"href":"https:\/\/staging.nbg.eu\/cs\/wp-json\/wp\/v2\/media?parent=83550"}],"wp:term":[{"taxonomy":"product_brand","embeddable":true,"href":"https:\/\/staging.nbg.eu\/cs\/wp-json\/wp\/v2\/product_brand?post=83550"},{"taxonomy":"product_cat","embeddable":true,"href":"https:\/\/staging.nbg.eu\/cs\/wp-json\/wp\/v2\/product_cat?post=83550"},{"taxonomy":"product_tag","embeddable":true,"href":"https:\/\/staging.nbg.eu\/cs\/wp-json\/wp\/v2\/product_tag?post=83550"}],"curies":[{"name":"wp","href":"https:\/\/api.w.org\/{rel}","templated":true}]}}