{"id":83528,"date":"2024-11-27T07:42:23","date_gmt":"2024-11-27T07:42:23","guid":{"rendered":"https:\/\/staging.nbg.eu\/product\/geissele-30-round-6mm-arc-magazine-black\/"},"modified":"2024-12-17T11:54:09","modified_gmt":"2024-12-17T11:54:09","slug":"geissele-30-ranny-6mm-arc-zasobnik-cerny","status":"publish","type":"product","link":"https:\/\/staging.nbg.eu\/cs\/produkt\/geissele-30-ranny-6mm-arc-zasobnik-cerny\/","title":{"rendered":"Geissele 30 rann\u00fd 6mm ARC Z\u00e1sobn\u00edk\u2013 \u010cern\u00fd"},"content":{"rendered":"<h2>Geissele 30 n\u00e1bojov\u00fd z\u00e1sobn\u00edk 6mm ARC \u2013 \u010cern\u00fd<\/h2>\n<p>Geissele 6mm ARC z\u00e1sobn\u00edk je vyroben v USA specificky pro n\u00e1boj 6mm ARC, zaji\u0161\u0165uje konzistentn\u00ed pod\u00e1v\u00e1n\u00ed a v\u00fdkon.<\/p>\n<h3>Hlavn\u00ed vlastnosti:<\/h3>\n<ul>\n<li>Kapacita 30 n\u00e1boj\u016f<\/li>\n<li>Jednod\u00edln\u00e1 konstrukce<\/li>\n<li>Laserov\u011b sva\u0159ovan\u00fd<\/li>\n<li>T\u011blo z nerezov\u00e9 oceli 410 s \u010dern\u00fdm nitridov\u00fdm povlakem<\/li>\n<li>N\u00e1sledova\u010d proti nakl\u00e1n\u011bn\u00ed<\/li>\n<li>Odoln\u00fd proti korozi<\/li>\n<li>\u010ctvercov\u00e1 pru\u017eina z nerezov\u00e9 oceli<\/li>\n<li>Celkov\u00e1 d\u00e9lka: 8,1 palce<\/li>\n<\/ul>\n<p>Tento z\u00e1sobn\u00edk kombinuje modern\u00ed technologii s kvalitn\u00edmi materi\u00e1ly.<\/p>\n","protected":false},"excerpt":{"rendered":"<p>Odoln\u00fd 30rann\u00fd z\u00e1sobn\u00edk na 6mm ARC. Nerezov\u00e1 ocel, protiskluzov\u00fd podava\u010d.<\/p>\n","protected":false},"featured_media":81884,"template":"","meta":{"_acf_changed":false},"product_brand":[11377],"product_cat":[12709,12692],"product_tag":[],"class_list":{"0":"post-83528","1":"product","2":"type-product","3":"status-publish","4":"has-post-thumbnail","6":"product_brand-geissele","7":"product_cat-puska","8":"product_cat-zasobniky-do-pusek","10":"first","11":"instock","12":"taxable","13":"shipping-taxable","14":"product-type-simple"},"acf":[],"_links":{"self":[{"href":"https:\/\/staging.nbg.eu\/cs\/wp-json\/wp\/v2\/product\/83528","targetHints":{"allow":["GET"]}}],"collection":[{"href":"https:\/\/staging.nbg.eu\/cs\/wp-json\/wp\/v2\/product"}],"about":[{"href":"https:\/\/staging.nbg.eu\/cs\/wp-json\/wp\/v2\/types\/product"}],"wp:featuredmedia":[{"embeddable":true,"href":"https:\/\/staging.nbg.eu\/cs\/wp-json\/wp\/v2\/media\/81884"}],"wp:attachment":[{"href":"https:\/\/staging.nbg.eu\/cs\/wp-json\/wp\/v2\/media?parent=83528"}],"wp:term":[{"taxonomy":"product_brand","embeddable":true,"href":"https:\/\/staging.nbg.eu\/cs\/wp-json\/wp\/v2\/product_brand?post=83528"},{"taxonomy":"product_cat","embeddable":true,"href":"https:\/\/staging.nbg.eu\/cs\/wp-json\/wp\/v2\/product_cat?post=83528"},{"taxonomy":"product_tag","embeddable":true,"href":"https:\/\/staging.nbg.eu\/cs\/wp-json\/wp\/v2\/product_tag?post=83528"}],"curies":[{"name":"wp","href":"https:\/\/api.w.org\/{rel}","templated":true}]}}